{"id":17684,"date":"2020-06-05T17:14:48","date_gmt":"2020-06-05T16:14:48","guid":{"rendered":"https:\/\/www.ateti.pt\/loja\/?post_type=product&#038;p=17684"},"modified":"2026-02-23T17:04:41","modified_gmt":"2026-02-23T17:04:41","slug":"desodorizante-go-fresh-cucumber-dove-50ml","status":"publish","type":"product","link":"https:\/\/www.ateti.pt\/loja\/produto\/desodorizante-go-fresh-cucumber-dove-50ml\/","title":{"rendered":"Desodorizante Go Fresh Cucumber Dove 50mL"},"content":{"rendered":"<p><strong>Desodorizante Go Fresh Cucumber Dove<\/strong><\/p>\n<p>Quantidade: 50mL<\/p>\n<p class=\"c-product-overview__description o-text__body\">Gra\u00e7as \u00e0 fragr\u00e2ncia refrescante de ch\u00e1 verde e pepino, este desodorizante ajuda-a a come\u00e7ar o dia fresca e confiante.<\/p>\n<div class=\"c-product-overview__review\">\n<div><strong>Descri\u00e7\u00e3o:\u00a0<\/strong><\/div>\n<div>\n<div class=\"c-expandcollapse__desc\">\n<p>\u2022 Com \u00bc do nosso creme hidratante<\/p>\n<p>\u2022 Nova f\u00f3rmula melhorada para axilas ainda mais macias e suaves<\/p>\n<p>\u2022 Fragr\u00e2ncia refrescante de pepino e ch\u00e1 verde<\/p>\n<p>\u2022 0% \u00e1lcool para ajudar na recupera\u00e7\u00e3o da irrita\u00e7\u00e3o da pele causada pela depila\u00e7\u00e3o<\/p>\n<p>\u2022 Desliza facilmente nas axilas<\/p>\n<\/div>\n<div class=\"c-expandcollapse__desc\">\n<p>Fresco, limpo e suave, Dove Roll-On antitranspirante Go Fresh Cucumber &amp; Green Tea tem uma f\u00f3rmula que protege eficazmente at\u00e9 48 horas contra o suor e odores indesejados. Mantenha-se fresca e protegida por tanto tempo quanto deseja.<\/p>\n<p>Desenvolvido com 0% \u00e1lcool e \u00bc de creme hidratante, este antitranspirante Dove vai al\u00e9m da prote\u00e7\u00e3o contra transpira\u00e7\u00e3o para cuidar da delicada pele das suas axilas. Ajuda a recuperar da irrita\u00e7\u00e3o causada pela depila\u00e7\u00e3o e deixa as axilas macias, suaves e bonitas em apenas 3 dias.<\/p>\n<p>Comece o dia com um impulso de frescura e proteja-se com uma fragr\u00e2ncia \u00fanica de pepino e ch\u00e1 verde com Dove Roll-On antitranspirante Go Fresh Cucumber &amp; Green Tea.<\/p>\n<p><strong>Ingredientes:\u00a0<\/strong><\/p>\n<p>Aqua, Aluminum Chlorohydrate, Glycerin, Helianthus Annuus Seed Oil, Steareth-2, Parfum, Steareth-20, Tocopheryl Acetate, Citric Acid, Potassium Lactate, Alpha-Isomethyl Ionone, Benzyl Alcohol, Butylphenyl Methylpropional, Citronellol, Coumarin, Geraniol, Hexyl Cinnamal, Limonene, Linalool.<\/p>\n<p><strong>\u2022 Sensa\u00e7\u00e3o de frescura<\/strong><\/p>\n<p>Sinta-se fresca com 48 horas de prote\u00e7\u00e3o<\/p>\n<p><strong>\u2022 Cuidado para a pele das axilas <\/strong><\/p>\n<p>Para uma axilas nutridas e bonitas, use este desodorizante com \u00bc de creme hidratante<\/p>\n<p><strong>\u2022 Um fragr\u00e2ncia complementar <\/strong><\/p>\n<p>A fragr\u00e2ncia limpa e fresca de ch\u00e1 verde e pepino \u00e9 ideal para complementar o seu perfume di\u00e1rio<\/p>\n<p><strong>\u2022Prote\u00e7\u00e3o com 0% \u00e1lcool <\/strong><\/p>\n<p>Sem \u00e1lcool para ajudar a reduzir a irrita\u00e7\u00e3o da pele<\/p>\n<p><strong>Modo de utiliza\u00e7\u00e3o:<\/strong><\/p>\n<p>Levante um bra\u00e7o e aplique Dove Roll-on antitranspirante Go Fresh Cucumber &amp; Green Tea com movimentos circulares de pouca press\u00e3o at\u00e9 criar uma camada fina de produto sobre a sua axila. Repita o processo na outra axila.<\/p>\n<p>Veja mais em <a href=\"https:\/\/www.ateti.pt\/loja\/categoria\/higiene-e-limpeza\/higiene\/higiene-feminina\/\">Higiene Feminina<\/a><\/p>\n<\/div>\n<\/div>\n<\/div>\n","protected":false},"excerpt":{"rendered":"<p>73.80\u20ac\/L<\/p>\n","protected":false},"featured_media":61012,"comment_status":"closed","ping_status":"closed","template":"","meta":{"_themeisle_gutenberg_block_has_review":false},"product_brand":[],"product_cat":[203,190,230],"product_tag":[],"woo-feed-brand":[],"class_list":{"0":"post-17684","1":"product","2":"type-product","3":"status-publish","4":"has-post-thumbnail","6":"product_cat-beleza-e-higiene","7":"product_cat-desinfetantes-e-limpeza","8":"product_cat-higiene-feminina","9":"ts_product_brand-dove","11":"first","12":"instock","13":"taxable","14":"shipping-taxable","15":"purchasable","16":"product-type-simple"},"_links":{"self":[{"href":"https:\/\/www.ateti.pt\/loja\/wp-json\/wp\/v2\/product\/17684","targetHints":{"allow":["GET"]}}],"collection":[{"href":"https:\/\/www.ateti.pt\/loja\/wp-json\/wp\/v2\/product"}],"about":[{"href":"https:\/\/www.ateti.pt\/loja\/wp-json\/wp\/v2\/types\/product"}],"replies":[{"embeddable":true,"href":"https:\/\/www.ateti.pt\/loja\/wp-json\/wp\/v2\/comments?post=17684"}],"wp:featuredmedia":[{"embeddable":true,"href":"https:\/\/www.ateti.pt\/loja\/wp-json\/wp\/v2\/media\/61012"}],"wp:attachment":[{"href":"https:\/\/www.ateti.pt\/loja\/wp-json\/wp\/v2\/media?parent=17684"}],"wp:term":[{"taxonomy":"product_brand","embeddable":true,"href":"https:\/\/www.ateti.pt\/loja\/wp-json\/wp\/v2\/product_brand?post=17684"},{"taxonomy":"product_cat","embeddable":true,"href":"https:\/\/www.ateti.pt\/loja\/wp-json\/wp\/v2\/product_cat?post=17684"},{"taxonomy":"product_tag","embeddable":true,"href":"https:\/\/www.ateti.pt\/loja\/wp-json\/wp\/v2\/product_tag?post=17684"},{"taxonomy":"woo-feed-brand","embeddable":true,"href":"https:\/\/www.ateti.pt\/loja\/wp-json\/wp\/v2\/woo-feed-brand?post=17684"}],"curies":[{"name":"wp","href":"https:\/\/api.w.org\/{rel}","templated":true}]}}