{"id":17667,"date":"2021-07-07T16:30:33","date_gmt":"2021-07-07T15:30:33","guid":{"rendered":"https:\/\/www.ateti.pt\/loja\/?post_type=product&#038;p=17667"},"modified":"2025-11-20T12:51:33","modified_gmt":"2025-11-20T12:51:33","slug":"polpa-de-tomate-guloso-500g","status":"publish","type":"product","link":"https:\/\/www.ateti.pt\/loja\/produto\/polpa-de-tomate-guloso-500g\/","title":{"rendered":"Polpa de Tomate 500g Guloso"},"content":{"rendered":"<p><strong>Polpa de Tomate Guloso<\/strong><\/p>\n<p>Quantidade: 500g<\/p>\n<p>Ingredientes: Tomate (215g por 100g de produto), regulador de acidez (\u00e1cido c\u00edtrico) e sal.<\/p>\n<p>Declara\u00e7\u00e3o Nutricional (por 100g): Energia: 139kJ\/33kcal; L\u00edpidos: 0,2g, dos quais saturados: &lt;0,1g; Hidratos de carbono: 5,8g, dos quais a\u00e7\u00facares: 5,4g; Fibra: 1,8g; Prote\u00ednas: 1,1g; Sal: 0,3g; Licopeno: 18,1mg<\/p>\n<p>Conservar em local fresco e seco. Ap\u00f3s abertura colocar no frigorifico e consumir no prazo de 7 dias.<\/p>\n<p>Sugest\u00e3o de receita<\/p>\n<h5>Frango com massa e molho de tomate<\/h5>\n<p><strong>Ingredientes:<\/strong><\/p>\n<ul>\n<li>1 frango cortado em peda\u00e7os<\/li>\n<li>500g de esparguete<\/li>\n<li>100 ml de azeite<\/li>\n<li>30g de margarina<\/li>\n<li>3 dentes de alho picados<\/li>\n<li>1 cebola picada<\/li>\n<li>2 folhas de louro<\/li>\n<li>1 cubo de caldo de galinha<\/li>\n<li>250 ml de polpa de tomate Guloso<\/li>\n<li>250 ml de vinho branco<\/li>\n<li>1 l de \u00e1gua<\/li>\n<li>Sal q.b.<\/li>\n<li>Pimenta q.b.<\/li>\n<\/ul>\n<p><strong>Prepara\u00e7\u00e3o:<\/strong><\/p>\n<p>1. Tempere o frango com sal, os alhos picados e pimenta.<br \/>\nMisture tudo muito bem.<\/p>\n<p>2. Num tacho largo, leve ao lume o azeite, a margarina, a cebola e o louro.<br \/>\nMexa e deixe refogar.<\/p>\n<p>3. Junte os peda\u00e7os de frango e deixe ganhar cor.<br \/>\nVire o frango para ganhar cor por igual.<\/p>\n<p>4. Junte a polpa de tomate e o cubo de caldo de galinha.<br \/>\nMisture bem.<br \/>\nRegue com o vinho e deixe cozinhar em lume m\u00e9dio durante 10 minutos.<br \/>\nPassado os 10 minutos, junte a \u00e1gua e deixe cozinhar mais 10 minutos.<\/p>\n<p>5. Passado os 10 minutos, junte o esparguete.<br \/>\nCom um garfo, mexa o esparguete para n\u00e3o colar, at\u00e9 que a massa fique male\u00e1vel e toda dentro do tacho.<br \/>\nDeixe cozinhar em lume m\u00e9dio durante 10 minutos e mexa de vez em quando para a massa n\u00e3o agarrar no fundo.<\/p>\n<div class=\"google-auto-placed ap_container\">Quando a massa estiver cozida \u00abal dente\u00bb est\u00e1 pronta a servir.<\/div>\n<div>Boom apetite!<\/div>\n<p>Veja mais em <a href=\"https:\/\/www.ateti.pt\/loja\/categoria\/mercearia\/temperos-e-molhos\/\">Temperos de Molhos<\/a><\/p>\n","protected":false},"excerpt":{"rendered":"<p>2.78\u20ac\/kg<\/p>\n","protected":false},"featured_media":32015,"comment_status":"closed","ping_status":"closed","template":"","meta":{"_themeisle_gutenberg_block_has_review":false},"product_brand":[],"product_cat":[132,174],"product_tag":[],"woo-feed-brand":[],"class_list":{"0":"post-17667","1":"product","2":"type-product","3":"status-publish","4":"has-post-thumbnail","6":"product_cat-mercearia","7":"product_cat-temperos-e-molhos","8":"ts_product_brand-guloso","10":"first","11":"instock","12":"taxable","13":"shipping-taxable","14":"purchasable","15":"product-type-simple"},"_links":{"self":[{"href":"https:\/\/www.ateti.pt\/loja\/wp-json\/wp\/v2\/product\/17667","targetHints":{"allow":["GET"]}}],"collection":[{"href":"https:\/\/www.ateti.pt\/loja\/wp-json\/wp\/v2\/product"}],"about":[{"href":"https:\/\/www.ateti.pt\/loja\/wp-json\/wp\/v2\/types\/product"}],"replies":[{"embeddable":true,"href":"https:\/\/www.ateti.pt\/loja\/wp-json\/wp\/v2\/comments?post=17667"}],"wp:featuredmedia":[{"embeddable":true,"href":"https:\/\/www.ateti.pt\/loja\/wp-json\/wp\/v2\/media\/32015"}],"wp:attachment":[{"href":"https:\/\/www.ateti.pt\/loja\/wp-json\/wp\/v2\/media?parent=17667"}],"wp:term":[{"taxonomy":"product_brand","embeddable":true,"href":"https:\/\/www.ateti.pt\/loja\/wp-json\/wp\/v2\/product_brand?post=17667"},{"taxonomy":"product_cat","embeddable":true,"href":"https:\/\/www.ateti.pt\/loja\/wp-json\/wp\/v2\/product_cat?post=17667"},{"taxonomy":"product_tag","embeddable":true,"href":"https:\/\/www.ateti.pt\/loja\/wp-json\/wp\/v2\/product_tag?post=17667"},{"taxonomy":"woo-feed-brand","embeddable":true,"href":"https:\/\/www.ateti.pt\/loja\/wp-json\/wp\/v2\/woo-feed-brand?post=17667"}],"curies":[{"name":"wp","href":"https:\/\/api.w.org\/{rel}","templated":true}]}}