{"id":17662,"date":"2020-06-05T16:11:04","date_gmt":"2020-06-05T15:11:04","guid":{"rendered":"https:\/\/www.ateti.pt\/loja\/?post_type=product&#038;p=17662"},"modified":"2025-02-17T15:31:42","modified_gmt":"2025-02-17T15:31:42","slug":"cereais-cookiez-nacional-300g","status":"publish","type":"product","link":"https:\/\/www.ateti.pt\/loja\/produto\/cereais-cookiez-nacional-300g\/","title":{"rendered":"Cereais Cookie\u00b4z Nacional 300g"},"content":{"rendered":"<h5>Cereais Cookie\u00b4z Nacional<\/h5>\n<p>Quantidade: 300g<\/p>\n<p>Cereais crocantes em forma de bolacha com saborosas pepitas de chocolate. Os cereais Cookie\u2019z s\u00e3o ricos em 10 vitaminas e ferro.<\/p>\n<p>Um delicioso sabor crocante que ajuda a recarregar baterias e que pode ser combinado com iogurte.<\/p>\n<p><strong>Valores nutricionais:<\/strong> Energia: 1602kj\/378kcal; L\u00edpidos: 2.6g, dos quais saturados: 1.3g; Hidratos de carbono: 78g, dos quais a\u00e7\u00facares: 28g; Fibra:5.2g; Prote\u00ednas: 8.4g; Sal:0.50g<\/p>\n<p>Veja mais em <a href=\"https:\/\/www.ateti.pt\/loja\/categoria\/mercearia\/chocolates-biscoitos-e-cereais\/pequeno-almoco-e-cereais\/\">Pequeno Almo\u00e7o e Cereais<\/a><\/p>\n<p>&nbsp;<\/p>\n","protected":false},"excerpt":{"rendered":"<p>8.63\u20ac\/kg<\/p>\n","protected":false},"featured_media":57169,"comment_status":"closed","ping_status":"closed","template":"","meta":{"_themeisle_gutenberg_block_has_review":false},"product_brand":[],"product_cat":[144,132,145],"product_tag":[],"woo-feed-brand":[],"class_list":{"0":"post-17662","1":"product","2":"type-product","3":"status-publish","4":"has-post-thumbnail","6":"product_cat-chocolates-biscoitos-e-cereais","7":"product_cat-mercearia","8":"product_cat-pequeno-almoco-e-cereais","9":"ts_product_brand-nacional","11":"first","12":"instock","13":"taxable","14":"shipping-taxable","15":"purchasable","16":"product-type-simple"},"_links":{"self":[{"href":"https:\/\/www.ateti.pt\/loja\/wp-json\/wp\/v2\/product\/17662","targetHints":{"allow":["GET"]}}],"collection":[{"href":"https:\/\/www.ateti.pt\/loja\/wp-json\/wp\/v2\/product"}],"about":[{"href":"https:\/\/www.ateti.pt\/loja\/wp-json\/wp\/v2\/types\/product"}],"replies":[{"embeddable":true,"href":"https:\/\/www.ateti.pt\/loja\/wp-json\/wp\/v2\/comments?post=17662"}],"wp:featuredmedia":[{"embeddable":true,"href":"https:\/\/www.ateti.pt\/loja\/wp-json\/wp\/v2\/media\/57169"}],"wp:attachment":[{"href":"https:\/\/www.ateti.pt\/loja\/wp-json\/wp\/v2\/media?parent=17662"}],"wp:term":[{"taxonomy":"product_brand","embeddable":true,"href":"https:\/\/www.ateti.pt\/loja\/wp-json\/wp\/v2\/product_brand?post=17662"},{"taxonomy":"product_cat","embeddable":true,"href":"https:\/\/www.ateti.pt\/loja\/wp-json\/wp\/v2\/product_cat?post=17662"},{"taxonomy":"product_tag","embeddable":true,"href":"https:\/\/www.ateti.pt\/loja\/wp-json\/wp\/v2\/product_tag?post=17662"},{"taxonomy":"woo-feed-brand","embeddable":true,"href":"https:\/\/www.ateti.pt\/loja\/wp-json\/wp\/v2\/woo-feed-brand?post=17662"}],"curies":[{"name":"wp","href":"https:\/\/api.w.org\/{rel}","templated":true}]}}