{"id":17630,"date":"2025-04-04T09:55:02","date_gmt":"2025-04-04T08:55:02","guid":{"rendered":"https:\/\/www.ateti.pt\/loja\/?post_type=product&#038;p=17630"},"modified":"2026-02-04T10:21:36","modified_gmt":"2026-02-04T10:21:36","slug":"boca-doce-morango-22g","status":"publish","type":"product","link":"https:\/\/www.ateti.pt\/loja\/produto\/boca-doce-morango-22g\/","title":{"rendered":"Boca Doce Morango 22g"},"content":{"rendered":"<p><strong>Boca Doce Morango<\/strong><\/p>\n<p><strong>Quantidade:<\/strong> 22g<\/p>\n<p><strong>Valores nutricionais: <\/strong>Energia: 1895kj\/113kcal; L\u00edpidos: 24g dos quais \u00e1cidos gordos saturados: 11g; Hidratos de Carbono: 56g, dos quais a\u00e7\u00faacares:40g; Fibras: 2.2g; Prote\u00ednas: 3.9g; Sal: 0.45g.<\/p>\n<p><strong>Ingredientes:<\/strong> A\u00e7\u00facar, OVOS, gordura de palma, xarope de glucose-frutose, farinha de TRIGO 11,5%, estabilizador (glicerol), chocolate 3,7% [pasta de cacau, a\u00e7\u00facar, emulsionante (lecitina de SOJA), aroma (vanilina)], gorduras vegetais (palma, karit\u00e9), a\u00e7\u00facar glac\u00e9 (a\u00e7\u00facar, amido de batata), margarina [gordura de palma, \u00f3leo de colza, \u00e1gua, emulsionante (E471), acidificante (\u00e1cido c\u00edtrico), regulador de acidez (citrato de s\u00f3dio), corante (beta caroteno)], cacau em p\u00f3, cacau magro em p\u00f3, lactose (do LEITE), pur\u00e9 de ma\u00e7\u00e3, dextrose, pur\u00e9 de framboesa 1,1%, aromas (cont\u00e9m \u00e1lcool), soro de LEITE em p\u00f3, pur\u00e9 concentrado de framboesa 0,5% (equivalente a 2,2% de pur\u00e9 de framboesa), emulsionantes (lecitina de SOJA, E472b, E475, E476, lecitina de girassol), xarope de glucose, levedantes (difosfato dis\u00f3dico, bicarbonato de s\u00f3dio), sal, sumo concentrado de framboesa (equivalente a 2,1% de sumo de framboesa), gelificantes (pectina, goma xantana), LEITE magro em p\u00f3, reguladores de acidez (\u00e1cido m\u00e1lico, citratos de c\u00e1lcio, citratos de s\u00f3dio, \u00e1cido c\u00edtrico), sumo concentrado da baga do sabugueiro, corantes (E120, E171).<\/p>\n<p>Cont\u00e9m Trigo, leite e ovos<\/p>\n<p>Cont\u00e9m Cereais que cont\u00eam gl\u00faten.<\/p>\n<p>Pode conter vest\u00edgios de Frutos de casca rija.<\/p>\n<p>Pode conter vest\u00edgios de Soja.\u00a0<strong><br \/>\n<\/strong><\/p>\n<p><strong>Modo de prepara\u00e7\u00e3o:<\/strong><\/p>\n<p>1- Deite o conte\u00fado da saqueta numa ca\u00e7arola e adicione 4 colheres de sopa\/100 gramas de a\u00e7\u00facar.<\/p>\n<p>2- Junte pouco a pouco, 500 ml de leite, mexendo at\u00e9 dissolver bem;<\/p>\n<p>3- Leve a levantar fervura em lume brando e deixe cozer durante 2 minutos, mexendo sempre;<\/p>\n<p>4- Coloque nas formas e deixe arrefecer sem mexer.<\/p>\n<p>Veja mais em <a href=\"https:\/\/www.ateti.pt\/loja\/categoria\/mercearia\/sobremesas-mercearia\/\">Sobremesas<\/a><\/p>\n","protected":false},"excerpt":{"rendered":"<p>35.91\u20ac\/kg<\/p>\n","protected":false},"featured_media":39095,"comment_status":"closed","ping_status":"closed","template":"","meta":{"_themeisle_gutenberg_block_has_review":false},"product_brand":[],"product_cat":[132,175],"product_tag":[],"woo-feed-brand":[],"class_list":{"0":"post-17630","1":"product","2":"type-product","3":"status-publish","4":"has-post-thumbnail","6":"product_cat-mercearia","7":"product_cat-sobremesas-mercearia","8":"ts_product_brand-boca-doce","10":"first","11":"instock","12":"taxable","13":"shipping-taxable","14":"purchasable","15":"product-type-simple"},"_links":{"self":[{"href":"https:\/\/www.ateti.pt\/loja\/wp-json\/wp\/v2\/product\/17630","targetHints":{"allow":["GET"]}}],"collection":[{"href":"https:\/\/www.ateti.pt\/loja\/wp-json\/wp\/v2\/product"}],"about":[{"href":"https:\/\/www.ateti.pt\/loja\/wp-json\/wp\/v2\/types\/product"}],"replies":[{"embeddable":true,"href":"https:\/\/www.ateti.pt\/loja\/wp-json\/wp\/v2\/comments?post=17630"}],"wp:featuredmedia":[{"embeddable":true,"href":"https:\/\/www.ateti.pt\/loja\/wp-json\/wp\/v2\/media\/39095"}],"wp:attachment":[{"href":"https:\/\/www.ateti.pt\/loja\/wp-json\/wp\/v2\/media?parent=17630"}],"wp:term":[{"taxonomy":"product_brand","embeddable":true,"href":"https:\/\/www.ateti.pt\/loja\/wp-json\/wp\/v2\/product_brand?post=17630"},{"taxonomy":"product_cat","embeddable":true,"href":"https:\/\/www.ateti.pt\/loja\/wp-json\/wp\/v2\/product_cat?post=17630"},{"taxonomy":"product_tag","embeddable":true,"href":"https:\/\/www.ateti.pt\/loja\/wp-json\/wp\/v2\/product_tag?post=17630"},{"taxonomy":"woo-feed-brand","embeddable":true,"href":"https:\/\/www.ateti.pt\/loja\/wp-json\/wp\/v2\/woo-feed-brand?post=17630"}],"curies":[{"name":"wp","href":"https:\/\/api.w.org\/{rel}","templated":true}]}}