{"id":17624,"date":"2020-06-03T18:44:47","date_gmt":"2020-06-03T17:44:47","guid":{"rendered":"https:\/\/www.ateti.pt\/loja\/?post_type=product&#038;p=17624"},"modified":"2024-06-19T11:42:17","modified_gmt":"2024-06-19T10:42:17","slug":"massa-fusilli-espirais-tricolor-milaneza-500g","status":"publish","type":"product","link":"https:\/\/www.ateti.pt\/loja\/produto\/massa-fusilli-espirais-tricolor-milaneza-500g\/","title":{"rendered":"Massa Fusili Espirais Tricolor Milaneza 500g"},"content":{"rendered":"<p>Massa Fusili Espirais Tricolor Milaneza<\/p>\n<p>Quantidade: 500g<\/p>\n<p>As Espirais Tricolores s\u00e3o a massa certa quando se pensa numa refei\u00e7\u00e3o vistosa e animada. Enriquecida com tomate e espinafre, esta massa vai deixar o seu prato ainda mais colorido e apetec\u00edvel.<\/p>\n<p>As massas Milaneza s\u00e3o adoradas por toda a gente.<br \/>\nA Milaneza \u00e9 a massa n\u00ba 1 em Portugal.<br \/>\nAs raz\u00f5es deste sucesso s\u00e3o simples: uma rigorosa sele\u00e7\u00e3o dos melhores trigos duros e uma moderna tecnologia de fabrico, o que origina uma massa extremamente saborosa que agrada a todos.<\/p>\n<p>Massas aliment\u00edcias com tomate e espinafre. Ingredientes: S\u00eamola de trigo duro, tomate em p\u00f3 0,9% e espinafre em p\u00f3 0,7%. Pode conter vest\u00edgios de ovo.<\/p>\n<p>Declara\u00e7\u00e3o Nutricional (por 100g): Energia: 1502kj\/354kcal; L\u00edpidos: 1,7g; dos quais Saturados: 0,4g; Hidratos de Carbono: 70g; dos quais A\u00e7ucares: 6g; Fibra: 3,5g; Prote\u00ednas: 13g; Sal: 0,02g.<\/p>\n<h4>Como preparar Massa Tricolor<\/h4>\n<p>Sugest\u00e3o de receita<\/p>\n<h5>Espirais com bacon e cogumelos<\/h5>\n<p><strong>Ingredientes:<\/strong><\/p>\n<p>275 g de <a href=\"https:\/\/www.ateti.pt\/loja\/categoria\/mercearia\/arrozemassas\/\">Massa Fusili Espirais Tricolor Milaneza<\/a><\/p>\n<p>75 g de queijo Parmes\u00e3o ralado<\/p>\n<p>2 c. de sopa de salsa fresca picada<\/p>\n<p>175 g de iogurte natural<\/p>\n<p>1 c. de sopa de <a href=\"https:\/\/www.ateti.pt\/loja\/categoria\/mercearia\/azeiteseoleos\/\">azeite<\/a><\/p>\n<p>125 g de <a href=\"https:\/\/www.ateti.pt\/loja\/categoria\/refrigerados\/charcutaria\/\">bacon<\/a> sem gordura cortado em tirinhas<\/p>\n<p>175 g de <a href=\"https:\/\/www.ateti.pt\/loja\/categoria\/mercearia\/conservas\/\">cogumelos\u00a0<\/a><\/p>\n<p>1 <a href=\"https:\/\/www.ateti.pt\/loja\/categoria\/frutas-e-legumes\/legumes-frescos\/\">cebola<\/a> m\u00e9dia picada<\/p>\n<p>2 <a href=\"https:\/\/www.ateti.pt\/loja\/categoria\/frutas-e-legumes\/legumes-frescos\/\">dentes de alho<\/a> finamente picados<\/p>\n<p>4 c. de <a href=\"https:\/\/www.ateti.pt\/loja\/categoria\/bebidas\/garrafeira\/\">vinho branco\u00a0<\/a><\/p>\n<p>salsa ou manjeric\u00e3o frescos para enfeitar<\/p>\n<p><a href=\"https:\/\/www.ateti.pt\/loja\/categoria\/mercearia\/temperos-e-molhos\/\">Pimenta preta mo\u00edda q.b<\/a><\/p>\n<p><strong>Prepara\u00e7\u00e3o:<\/strong><\/p>\n<p>Misturar o queijo e a salsa com o iogurte e temperar com pimenta. Tapar e levar ao frigor\u00edfico.<\/p>\n<p>Aquecer o azeite e saltear o bacon em lume m\u00e9dio durante 2 a 3 minutos. Juntar os cogumelos, a cebola e o alho e deixar cozinhar durante 5 minutos ou at\u00e9 ficarem macios, mexendo de vez em quando.<\/p>\n<p>Entretanto, cozer a massa \u201cal dente\u201d.<\/p>\n<p>Juntar o vinho ao preparado anterior e deixar cozinhar durante 2 a 3 minutos ou at\u00e9 se evaporar quase todo.<\/p>\n<p>Adicionar o iogurte e aquecer sem deixar ferver.<\/p>\n<p>Quando a massa estiver cozida, escorrer e deitar numa travessa aquecida.<\/p>\n<p>Regar com o molho e enfeitar com a salsa ou manjeric\u00e3o.<\/p>\n<p>Veja mais em <a href=\"https:\/\/www.ateti.pt\/loja\/categoria\/mercearia\/arrozemassas\/\">Arroz e Massas<\/a><\/p>\n","protected":false},"excerpt":{"rendered":"<p>3.18\u20ac\/kg<\/p>\n","protected":false},"featured_media":57674,"comment_status":"closed","ping_status":"closed","template":"","meta":{"_themeisle_gutenberg_block_has_review":false},"product_brand":[],"product_cat":[187,891,132],"product_tag":[],"woo-feed-brand":[],"class_list":{"0":"post-17624","1":"product","2":"type-product","3":"status-publish","4":"has-post-thumbnail","6":"product_cat-arrozemassas","7":"product_cat-iva-zero","8":"product_cat-mercearia","9":"ts_product_brand-milaneza","11":"first","12":"instock","13":"taxable","14":"shipping-taxable","15":"purchasable","16":"product-type-simple"},"_links":{"self":[{"href":"https:\/\/www.ateti.pt\/loja\/wp-json\/wp\/v2\/product\/17624","targetHints":{"allow":["GET"]}}],"collection":[{"href":"https:\/\/www.ateti.pt\/loja\/wp-json\/wp\/v2\/product"}],"about":[{"href":"https:\/\/www.ateti.pt\/loja\/wp-json\/wp\/v2\/types\/product"}],"replies":[{"embeddable":true,"href":"https:\/\/www.ateti.pt\/loja\/wp-json\/wp\/v2\/comments?post=17624"}],"wp:featuredmedia":[{"embeddable":true,"href":"https:\/\/www.ateti.pt\/loja\/wp-json\/wp\/v2\/media\/57674"}],"wp:attachment":[{"href":"https:\/\/www.ateti.pt\/loja\/wp-json\/wp\/v2\/media?parent=17624"}],"wp:term":[{"taxonomy":"product_brand","embeddable":true,"href":"https:\/\/www.ateti.pt\/loja\/wp-json\/wp\/v2\/product_brand?post=17624"},{"taxonomy":"product_cat","embeddable":true,"href":"https:\/\/www.ateti.pt\/loja\/wp-json\/wp\/v2\/product_cat?post=17624"},{"taxonomy":"product_tag","embeddable":true,"href":"https:\/\/www.ateti.pt\/loja\/wp-json\/wp\/v2\/product_tag?post=17624"},{"taxonomy":"woo-feed-brand","embeddable":true,"href":"https:\/\/www.ateti.pt\/loja\/wp-json\/wp\/v2\/woo-feed-brand?post=17624"}],"curies":[{"name":"wp","href":"https:\/\/api.w.org\/{rel}","templated":true}]}}