{"id":17622,"date":"2020-06-03T18:41:59","date_gmt":"2020-06-03T17:41:59","guid":{"rendered":"https:\/\/www.ateti.pt\/loja\/?post_type=product&#038;p=17622"},"modified":"2024-03-11T12:59:36","modified_gmt":"2024-03-11T12:59:36","slug":"massa-espirais-fusili-nacional-500g","status":"publish","type":"product","link":"https:\/\/www.ateti.pt\/loja\/produto\/massa-espirais-fusili-nacional-500g\/","title":{"rendered":"Massa Espirais Fusili Nacional 500g"},"content":{"rendered":"<h5>Massa Espirais Fusili Nacional<\/h5>\n<p>Quantidade: 500g<\/p>\n<p>Com uma forma espiral e irregular, as Espirais v\u00e3o bem com qualquer tipo de tempero e molho, permitindo-lhe obter excelentes resultados.<\/p>\n<p>Ideal para acompanhar molhos ricos \u00e0 base de carne ou queijo, ou como ingrediente principal na prepara\u00e7\u00e3o de saladas.<\/p>\n<p><strong>Tempo de Cozedura<\/strong><\/p>\n<p>Textura\u00a0<em>Al dente<\/em>: 10 Minutos<br \/>\nTextura Suave: 12 Minutos<\/p>\n<p>Massas aliment\u00edcias de qualidade superior. Ingredientes: S\u00eamola de trigo duro (gl\u00faten). Pode conter vest\u00edgios de ovo.<\/p>\n<table id=\"table_nutricional\" border=\"0\" cellspacing=\"2\" cellpadding=\"2\">\n<tbody>\n<tr class=\"tablehead\">\n<td align=\"left\" valign=\"middle\">Valores nutricionais m\u00e9dios:<\/td>\n<td colspan=\"2\" align=\"center\" valign=\"middle\">Por 100g<\/td>\n<td colspan=\"2\" align=\"center\" valign=\"middle\">Por 80g<\/td>\n<td align=\"center\" valign=\"middle\">%DR*<\/td>\n<\/tr>\n<tr>\n<td align=\"left\" valign=\"middle\">Energia<\/td>\n<td align=\"right\" valign=\"middle\" width=\"12%\">1506<\/td>\n<td align=\"left\" valign=\"middle\" width=\"10%\">kJ<\/td>\n<td align=\"right\" valign=\"middle\" width=\"12%\">1205<\/td>\n<td align=\"left\" valign=\"middle\" width=\"10%\">kJ<\/td>\n<td align=\"center\" valign=\"middle\">14%<\/td>\n<\/tr>\n<tr class=\"separador\">\n<td align=\"left\" valign=\"middle\"><\/td>\n<td align=\"right\" valign=\"middle\">355<\/td>\n<td align=\"left\" valign=\"middle\">kcal<\/td>\n<td align=\"right\" valign=\"middle\">284<\/td>\n<td align=\"left\" valign=\"middle\">kcal<\/td>\n<td align=\"center\" valign=\"middle\"><\/td>\n<\/tr>\n<tr>\n<td align=\"left\" valign=\"middle\">L\u00edpidos<\/td>\n<td align=\"right\" valign=\"middle\">1,8<\/td>\n<td align=\"left\" valign=\"middle\">g<\/td>\n<td align=\"right\" valign=\"middle\">1,4<\/td>\n<td align=\"left\" valign=\"middle\">g<\/td>\n<td align=\"center\" valign=\"middle\">2%<\/td>\n<\/tr>\n<tr class=\"separador\">\n<td align=\"left\" valign=\"middle\">dos quais saturados<\/td>\n<td align=\"right\" valign=\"middle\">0,4<\/td>\n<td align=\"left\" valign=\"middle\">g<\/td>\n<td align=\"right\" valign=\"middle\">0,3<\/td>\n<td align=\"left\" valign=\"middle\">g<\/td>\n<td align=\"center\" valign=\"middle\">2%<\/td>\n<\/tr>\n<tr>\n<td align=\"left\" valign=\"middle\">Hidratos de carbono<\/td>\n<td align=\"right\" valign=\"middle\">71<\/td>\n<td align=\"left\" valign=\"middle\">g<\/td>\n<td align=\"right\" valign=\"middle\">57<\/td>\n<td align=\"left\" valign=\"middle\">g<\/td>\n<td align=\"center\" valign=\"middle\">22%<\/td>\n<\/tr>\n<tr class=\"separador\">\n<td align=\"left\" valign=\"middle\">dos quais a\u00e7\u00facares<\/td>\n<td align=\"right\" valign=\"middle\">5,0<\/td>\n<td align=\"left\" valign=\"middle\">g<\/td>\n<td align=\"right\" valign=\"middle\">4,0<\/td>\n<td align=\"left\" valign=\"middle\">g<\/td>\n<td align=\"center\" valign=\"middle\">4%<\/td>\n<\/tr>\n<tr class=\"separador\">\n<td align=\"left\" valign=\"middle\">Fibra<\/td>\n<td align=\"right\" valign=\"middle\">3,6<\/td>\n<td align=\"left\" valign=\"middle\">g<\/td>\n<td align=\"right\" valign=\"middle\">2,9<\/td>\n<td align=\"left\" valign=\"middle\">g<\/td>\n<td align=\"center\" valign=\"middle\">\u2014<\/td>\n<\/tr>\n<tr class=\"separador\">\n<td align=\"left\" valign=\"middle\">Prote\u00ednas<\/td>\n<td align=\"right\" valign=\"middle\">12<\/td>\n<td align=\"left\" valign=\"middle\">g<\/td>\n<td align=\"right\" valign=\"middle\">9,6<\/td>\n<td align=\"left\" valign=\"middle\">g<\/td>\n<td align=\"center\" valign=\"middle\">19%<\/td>\n<\/tr>\n<tr class=\"separadorfinal\">\n<td align=\"left\" valign=\"middle\">Sal**<\/td>\n<td align=\"right\" valign=\"middle\">0,025<\/td>\n<td align=\"left\" valign=\"middle\">g<\/td>\n<td align=\"right\" valign=\"middle\">0,020<\/td>\n<td align=\"left\" valign=\"middle\">g<\/td>\n<td align=\"center\" valign=\"middle\">0,34%<\/td>\n<\/tr>\n<\/tbody>\n<\/table>\n<p>&nbsp;<\/p>\n<h4>Como preparar Massa Tricolor<\/h4>\n<p>Sugest\u00e3o de receita<\/p>\n<h5>Espirais com bacon e cogumelos<\/h5>\n<p><strong>Ingredientes:<\/strong><\/p>\n<p>275 g de <a href=\"https:\/\/www.ateti.pt\/loja\/categoria\/mercearia\/arrozemassas\/\">Massa Espirais Fusili Nacional<\/a><\/p>\n<p>75 g de queijo Parmes\u00e3o ralado<\/p>\n<p>2 c. de sopa de salsa fresca picada<\/p>\n<p>175 g de iogurte natural<\/p>\n<p>1 c. de sopa de\u00a0<a href=\"https:\/\/www.ateti.pt\/loja\/categoria\/mercearia\/azeiteseoleos\/\">azeite<\/a><\/p>\n<p>125 g de\u00a0<a href=\"https:\/\/www.ateti.pt\/loja\/categoria\/refrigerados\/charcutaria\/\">bacon<\/a>\u00a0sem gordura cortado em tirinhas<\/p>\n<p>175 g de\u00a0<a href=\"https:\/\/www.ateti.pt\/loja\/categoria\/mercearia\/conservas\/\">cogumelos\u00a0<\/a><\/p>\n<p>1\u00a0<a href=\"https:\/\/www.ateti.pt\/loja\/categoria\/frutas-e-legumes\/legumes-frescos\/\">cebola<\/a>\u00a0m\u00e9dia picada<\/p>\n<p>2\u00a0<a href=\"https:\/\/www.ateti.pt\/loja\/categoria\/frutas-e-legumes\/legumes-frescos\/\">dentes de alho<\/a>\u00a0finamente picados<\/p>\n<p>4 c. de\u00a0<a href=\"https:\/\/www.ateti.pt\/loja\/categoria\/bebidas\/garrafeira\/\">vinho branco\u00a0<\/a><\/p>\n<p>salsa ou manjeric\u00e3o frescos para enfeitar<\/p>\n<p><a href=\"https:\/\/www.ateti.pt\/loja\/categoria\/mercearia\/temperos-e-molhos\/\">Pimenta preta mo\u00edda q.b<\/a><\/p>\n<p><strong>Prepara\u00e7\u00e3o:<\/strong><\/p>\n<p>1- Misturar o queijo e a salsa com o iogurte e temperar com pimenta. Tapar e levar ao frigor\u00edfico.<\/p>\n<p>2-Aquecer o azeite e saltear o bacon em lume m\u00e9dio durante 2 a 3 minutos. Juntar os cogumelos, a cebola e o alho e deixar cozinhar durante 5 minutos ou at\u00e9 ficarem macios, mexendo de vez em quando. Entretanto, cozer a massa \u201cal dente\u201d.<\/p>\n<p>3-Juntar o vinho ao preparado anterior e deixar cozinhar durante 2 a 3 minutos ou at\u00e9 se evaporar quase todo. Adicionar o iogurte e aquecer sem deixar ferver.<\/p>\n<p>4-Quando a massa estiver cozida, escorrer e deitar numa travessa aquecida. Regar com o molho e enfeitar com a salsa ou manjeric\u00e3o.<\/p>\n<p>Bom apetite!<\/p>\n<p>Veja mais em\u00a0<a href=\"https:\/\/www.ateti.pt\/loja\/categoria\/mercearia\/arrozemassas\/\">Arroz e Massas<\/a><\/p>\n","protected":false},"excerpt":{"rendered":"<p>2.98\u20ac\/kg<\/p>\n","protected":false},"featured_media":57159,"comment_status":"closed","ping_status":"closed","template":"","meta":{"_themeisle_gutenberg_block_has_review":false},"product_brand":[],"product_cat":[187,891,132],"product_tag":[],"woo-feed-brand":[],"class_list":{"0":"post-17622","1":"product","2":"type-product","3":"status-publish","4":"has-post-thumbnail","6":"product_cat-arrozemassas","7":"product_cat-iva-zero","8":"product_cat-mercearia","9":"ts_product_brand-nacional","11":"first","12":"instock","13":"taxable","14":"shipping-taxable","15":"purchasable","16":"product-type-simple"},"_links":{"self":[{"href":"https:\/\/www.ateti.pt\/loja\/wp-json\/wp\/v2\/product\/17622","targetHints":{"allow":["GET"]}}],"collection":[{"href":"https:\/\/www.ateti.pt\/loja\/wp-json\/wp\/v2\/product"}],"about":[{"href":"https:\/\/www.ateti.pt\/loja\/wp-json\/wp\/v2\/types\/product"}],"replies":[{"embeddable":true,"href":"https:\/\/www.ateti.pt\/loja\/wp-json\/wp\/v2\/comments?post=17622"}],"wp:featuredmedia":[{"embeddable":true,"href":"https:\/\/www.ateti.pt\/loja\/wp-json\/wp\/v2\/media\/57159"}],"wp:attachment":[{"href":"https:\/\/www.ateti.pt\/loja\/wp-json\/wp\/v2\/media?parent=17622"}],"wp:term":[{"taxonomy":"product_brand","embeddable":true,"href":"https:\/\/www.ateti.pt\/loja\/wp-json\/wp\/v2\/product_brand?post=17622"},{"taxonomy":"product_cat","embeddable":true,"href":"https:\/\/www.ateti.pt\/loja\/wp-json\/wp\/v2\/product_cat?post=17622"},{"taxonomy":"product_tag","embeddable":true,"href":"https:\/\/www.ateti.pt\/loja\/wp-json\/wp\/v2\/product_tag?post=17622"},{"taxonomy":"woo-feed-brand","embeddable":true,"href":"https:\/\/www.ateti.pt\/loja\/wp-json\/wp\/v2\/woo-feed-brand?post=17622"}],"curies":[{"name":"wp","href":"https:\/\/api.w.org\/{rel}","templated":true}]}}