{"id":17594,"date":"2022-04-12T15:41:03","date_gmt":"2022-04-12T14:41:03","guid":{"rendered":"https:\/\/www.ateti.pt\/loja\/?post_type=product&#038;p=17594"},"modified":"2023-10-31T16:55:02","modified_gmt":"2023-10-31T15:55:02","slug":"sabao-natural-clarim-400g","status":"publish","type":"product","link":"https:\/\/www.ateti.pt\/loja\/produto\/sabao-natural-clarim-400g\/","title":{"rendered":"Sab\u00e3o Natural 400g Clarim"},"content":{"rendered":"<h2>Sab\u00e3o Clarim<\/h2>\n<p>Sab\u00e3o Clarim \u00e9 um produto da marca Confian\u00e7a. \u00c9 um sab\u00e3o Natural que deixa um cheiro a roupa lavada extremamente relaxante com aroma a flores.<\/p>\n<h3>Para que serve?<\/h3>\n<p>O sab\u00e3o natural \u00e9 um poderoso desengordurante, muito eficaz na remo\u00e7\u00e3o de n\u00f3doas dif\u00edceis mas tamb\u00e9m \u00e9 ideal para branquear panos amarelados. \u00c9 um muito procurado por ser natural e usado pelos nossos av\u00f3s sobre a forma de sab\u00e3o azul ou rosa!<\/p>\n<p>Algumas pessoas recomendam usar o sab\u00e3o natural para o rosto, na lavagem para desmaquilhar, limpeza das m\u00e3os e at\u00e9 mesmo na higiene \u00edntima pelas suas propriedades naturais e antibacterianas.<\/p>\n<blockquote><p>&#8220;As suas propriedades antibacterianas e adstringentes, implac\u00e1veis na higieniza\u00e7\u00e3o e hidrata\u00e7\u00e3o, n\u00e3o passam despercebidas e saltam para a linha da frente nesta luta em cen\u00e1rio de pandemia. O sab\u00e3o azul \u00e9 um desinfetante de respeito, recomendado por quem percebe do assunto. O sab\u00e3o do tempo das avozinhas, dos tanques de pedra, est\u00e1 em for\u00e7a na lavagem das m\u00e3os, lado a lado com os g\u00e9is desinfetantes. Sabe-se tamb\u00e9m que \u00e9 um bom desmaquilhante, que previne o acne, substitui a espuma de barbear, controla a produ\u00e7\u00e3o de \u00f3leo capilar, branqueia roupa amarelada, elimina microrganismos que n\u00e3o s\u00e3o bem-vindos e ainda bate o p\u00e9 a agentes infeciosos. Uma preciosidade barata nos dias que correm.&#8221;<\/p><\/blockquote>\n<p><strong>PH Sab\u00e3o Clarim<\/strong> (solu\u00e7\u00e3o aquosa 10%): 10,0 \u00b1 0,5<\/p>\n<p>Ingredientes: 30% ou superior de Sab\u00e3o, perfume, Persulfato de Pot\u00e1ssio; Limonene<\/p>\n<p>Quantidade: 400g<\/p>\n<p>Mais produtos de <a href=\"https:\/\/www.ateti.pt\/loja\/categoria\/higiene-e-limpeza\/limpeza\/\">Higiene &amp; Limpeza<\/a><\/p>\n","protected":false},"excerpt":{"rendered":"<p>5.73\u20ac\/kg<\/p>\n<p>Sab\u00e3o Clarim \u00e9 um produto da marca Confian\u00e7a. \u00c9 um sab\u00e3o Natural que deixa um cheiro a roupa lavada extremamente relaxante com aroma a flores.<\/p>\n","protected":false},"featured_media":34122,"comment_status":"closed","ping_status":"closed","template":"","meta":{"_themeisle_gutenberg_block_has_review":false},"product_brand":[],"product_cat":[190,204,208],"product_tag":[],"woo-feed-brand":[],"class_list":{"0":"post-17594","1":"product","2":"type-product","3":"status-publish","4":"has-post-thumbnail","6":"product_cat-desinfetantes-e-limpeza","7":"product_cat-limpeza","8":"product_cat-roupa","9":"ts_product_brand-clarim","11":"first","12":"instock","13":"taxable","14":"shipping-taxable","15":"purchasable","16":"product-type-simple"},"_links":{"self":[{"href":"https:\/\/www.ateti.pt\/loja\/wp-json\/wp\/v2\/product\/17594","targetHints":{"allow":["GET"]}}],"collection":[{"href":"https:\/\/www.ateti.pt\/loja\/wp-json\/wp\/v2\/product"}],"about":[{"href":"https:\/\/www.ateti.pt\/loja\/wp-json\/wp\/v2\/types\/product"}],"replies":[{"embeddable":true,"href":"https:\/\/www.ateti.pt\/loja\/wp-json\/wp\/v2\/comments?post=17594"}],"wp:featuredmedia":[{"embeddable":true,"href":"https:\/\/www.ateti.pt\/loja\/wp-json\/wp\/v2\/media\/34122"}],"wp:attachment":[{"href":"https:\/\/www.ateti.pt\/loja\/wp-json\/wp\/v2\/media?parent=17594"}],"wp:term":[{"taxonomy":"product_brand","embeddable":true,"href":"https:\/\/www.ateti.pt\/loja\/wp-json\/wp\/v2\/product_brand?post=17594"},{"taxonomy":"product_cat","embeddable":true,"href":"https:\/\/www.ateti.pt\/loja\/wp-json\/wp\/v2\/product_cat?post=17594"},{"taxonomy":"product_tag","embeddable":true,"href":"https:\/\/www.ateti.pt\/loja\/wp-json\/wp\/v2\/product_tag?post=17594"},{"taxonomy":"woo-feed-brand","embeddable":true,"href":"https:\/\/www.ateti.pt\/loja\/wp-json\/wp\/v2\/woo-feed-brand?post=17594"}],"curies":[{"name":"wp","href":"https:\/\/api.w.org\/{rel}","templated":true}]}}