{"id":17549,"date":"2020-06-03T10:14:03","date_gmt":"2020-06-03T09:14:03","guid":{"rendered":"https:\/\/www.ateti.pt\/loja\/?post_type=product&#038;p=17549"},"modified":"2026-01-23T12:57:08","modified_gmt":"2026-01-23T12:57:08","slug":"tampao-normal-procomfort-16-tampoes-o-b","status":"publish","type":"product","link":"https:\/\/www.ateti.pt\/loja\/produto\/tampao-normal-procomfort-16-tampoes-o-b\/","title":{"rendered":"Tamp\u00e3o Normal ProComfort O.B. 16 Tamp\u00f5es"},"content":{"rendered":"<h5>Tamp\u00e3o Normal ProComfort O.B.<\/h5>\n<p>Quantidade: 16un.<\/p>\n<p>o.b.<sup>\u00ae<\/sup>\u00a0ProComfort\u2122 permite uma f\u00e1cil coloca\u00e7\u00e3o e remo\u00e7\u00e3o, gra\u00e7as \u00e0 sua exclusiva cobertura SilkTouch\u2122, d\u00e1-te uma prote\u00e7\u00e3o de confian\u00e7a, atrav\u00e9s da revolucion\u00e1ria tecnologia DynamicFit\u2122 com expans\u00e3o 3D que se adapta ao teu corpo depois de colocado e ajuda a distribuir o fluido para o interior do tamp\u00e3o, atrav\u00e9s das suas curvas entrela\u00e7adas. Os tamp\u00f5es s\u00e3o tamb\u00e9m muito pequenos, macios e t\u00eam uma ponta c\u00f3nica, para facilitar ao m\u00e1ximo a coloca\u00e7\u00e3o. Isto faz com que sejam muito f\u00e1ceis e confort\u00e1veis de usar quando come\u00e7as utilizas tamp\u00f5es pela primeira vez. o.b.<sup>\u00ae<\/sup>\u00a0ProComfort\u2122 Normal \u00e9 ideal os dias de fluxo m\u00e9dio a intenso.<\/p>\n<p>Veja mais em <a href=\"https:\/\/www.ateti.pt\/loja\/categoria\/higiene-e-limpeza\/higiene\/higiene-feminina\/\">Higiene Feminina<\/a><\/p>\n","protected":false},"excerpt":{"rendered":"<p>0,18\u20ac\/un.<\/p>\n","protected":false},"featured_media":60801,"comment_status":"closed","ping_status":"closed","template":"","meta":{"_themeisle_gutenberg_block_has_review":false},"product_brand":[],"product_cat":[203,190,230],"product_tag":[],"woo-feed-brand":[],"class_list":{"0":"post-17549","1":"product","2":"type-product","3":"status-publish","4":"has-post-thumbnail","6":"product_cat-beleza-e-higiene","7":"product_cat-desinfetantes-e-limpeza","8":"product_cat-higiene-feminina","9":"ts_product_brand-o-b","11":"first","12":"instock","13":"taxable","14":"shipping-taxable","15":"purchasable","16":"product-type-simple"},"_links":{"self":[{"href":"https:\/\/www.ateti.pt\/loja\/wp-json\/wp\/v2\/product\/17549","targetHints":{"allow":["GET"]}}],"collection":[{"href":"https:\/\/www.ateti.pt\/loja\/wp-json\/wp\/v2\/product"}],"about":[{"href":"https:\/\/www.ateti.pt\/loja\/wp-json\/wp\/v2\/types\/product"}],"replies":[{"embeddable":true,"href":"https:\/\/www.ateti.pt\/loja\/wp-json\/wp\/v2\/comments?post=17549"}],"wp:featuredmedia":[{"embeddable":true,"href":"https:\/\/www.ateti.pt\/loja\/wp-json\/wp\/v2\/media\/60801"}],"wp:attachment":[{"href":"https:\/\/www.ateti.pt\/loja\/wp-json\/wp\/v2\/media?parent=17549"}],"wp:term":[{"taxonomy":"product_brand","embeddable":true,"href":"https:\/\/www.ateti.pt\/loja\/wp-json\/wp\/v2\/product_brand?post=17549"},{"taxonomy":"product_cat","embeddable":true,"href":"https:\/\/www.ateti.pt\/loja\/wp-json\/wp\/v2\/product_cat?post=17549"},{"taxonomy":"product_tag","embeddable":true,"href":"https:\/\/www.ateti.pt\/loja\/wp-json\/wp\/v2\/product_tag?post=17549"},{"taxonomy":"woo-feed-brand","embeddable":true,"href":"https:\/\/www.ateti.pt\/loja\/wp-json\/wp\/v2\/woo-feed-brand?post=17549"}],"curies":[{"name":"wp","href":"https:\/\/api.w.org\/{rel}","templated":true}]}}