{"id":17547,"date":"2020-06-03T10:54:00","date_gmt":"2020-06-03T09:54:00","guid":{"rendered":"https:\/\/www.ateti.pt\/loja\/?post_type=product&#038;p=17547"},"modified":"2024-06-19T11:44:08","modified_gmt":"2024-06-19T10:44:08","slug":"maassa-esparguete-integral-natura-milaneza-500g","status":"publish","type":"product","link":"https:\/\/www.ateti.pt\/loja\/produto\/maassa-esparguete-integral-natura-milaneza-500g\/","title":{"rendered":"Massa Esparguete Integral Natura Milaneza 500g"},"content":{"rendered":"<h5>Massa Esparguete Integral Milaneza<\/h5>\n<p><strong>Quantidade:<\/strong> 500g<\/p>\n<p><strong>Ingredientes:<\/strong> s\u00eamola integral de trigo-duro e fibra de aveia(4%). Pode conter vest\u00edgios de ovo.<\/p>\n<p><strong>Declara\u00e7\u00e3o nutricional de 100g:<\/strong> Energia: 1474kj\/348kcal; L\u00edpidos: 1,7g, dos quais saturados: 0,3; Hidratos de carbono: 68g, dos quais a\u00e7\u00facares: 3,3g; Fibra: 7,5g; Prote\u00ednas: 12g; Sal: 0,02g.<\/p>\n<h4>O QUE \u00c9 A FIBRA E QUAIS OS SEUS BENEF\u00cdCIOS?<\/h4>\n<p>A fibra, um hidrato de carbono n\u00e3o diger\u00edvel, encontra-se naturalmente em alguns alimentos como cereais, frutas e legumes.<br \/>\nUma das suas principais fun\u00e7\u00f5es \u00e9 a regula\u00e7\u00e3o do tr\u00e2nsito intestinal, devendo fazer parte da nossa alimenta\u00e7\u00e3o di\u00e1ria.<br \/>\nComparativamente a um gr\u00e3o de trigo das massas cl\u00e1ssicas, as massas integrais apresentam mais vitaminas, mais minerais e mais fibra.<\/p>\n<h4>BENEF\u00cdCIOS DA AVEIA<\/h4>\n<p>\u2022 Cereal rico em hidratos de carbono de absor\u00e7\u00e3o lenta que garantem a energia necess\u00e1ria ao nosso organismo;<br \/>\n\u2022 Ideal para quem pratica exerc\u00edcio f\u00edsico;<br \/>\n\u2022 Com Beta-glucanos \u2013 importante fibra que reduz os n\u00edveis de colesterol no sangue (efeito obtido com uma dose di\u00e1ria de 3g de beta-glucanos de aveia)<br \/>\n\u2022 Adequado a uma alimenta\u00e7\u00e3o vegetariana\/vegan<\/p>\n<h4>AS MASSAS INTEGRAIS MILANEZA NATURA<\/h4>\n<p>Se procura uma alimenta\u00e7\u00e3o saud\u00e1vel e saborosa, Milaneza Natura garante benef\u00edcios para a sua sa\u00fade mas sem prescindir do sabor.<br \/>\nAs massas integrais Milaneza com fibra de aveia, permitem criar diferentes pratos com ingredientes simples do dia-a-dia e com a garantia de uma refei\u00e7\u00e3o equilibrada.<br \/>\nPelo seu teor de fibra, com um valor total de 7,5% de fibra alimentar (versus 3% das massas cl\u00e1ssicas), ajudam a regula\u00e7\u00e3o do tr\u00e2nsito intestinal e ainda promovem a saciedade. Com uma refei\u00e7\u00e3o de massa integral consegue controlar o apetite e a fome aparece mais tarde.<\/p>\n<h5>TEMPO DE COZEDURA:<\/h5>\n<p><strong>Al dente:<\/strong>\u00a08 minutos<\/p>\n<p><strong>Suave:<\/strong>\u00a010 minutos<\/p>\n<p>Como preparar Massa Integral<\/p>\n<p>Sugest\u00e3o de receita<\/p>\n<h5>Massa integral natura com per\u00fa<\/h5>\n<p><strong>Ingredientes:<\/strong><\/p>\n<p>400gr de <a href=\"https:\/\/www.ateti.pt\/loja\/categoria\/mercearia\/arrozemassas\/\">Massa Esparguete Integral Milaneza<\/a><\/p>\n<p>250gr Peito de peru<\/p>\n<p>2 <a href=\"https:\/\/www.ateti.pt\/loja\/categoria\/frutas-e-legumes\/legumes-frescos\/\">Cebolas roxas<\/a><\/p>\n<p>120gr Tomate cherry cortado ao meio<\/p>\n<p>1 <a href=\"https:\/\/www.ateti.pt\/loja\/categoria\/frutas-e-legumes\/legumes-frescos\/\">Tomate chucha grande<\/a><\/p>\n<p>Salsa picada q.b.<\/p>\n<p><a href=\"https:\/\/www.ateti.pt\/loja\/categoria\/mercearia\/azeiteseoleos\/\">Azeite<\/a> q.b.<\/p>\n<p><a href=\"https:\/\/www.ateti.pt\/loja\/categoria\/frutas-e-legumes\/frutas-frescas\/\">Lim\u00e3o<\/a> q.b<\/p>\n<p><a href=\"https:\/\/www.ateti.pt\/loja\/categoria\/mercearia\/temperos-e-molhos\/\">Sal<\/a> q.b.<\/p>\n<p><strong>Prepara\u00e7\u00e3o:<\/strong><\/p>\n<p>Num tacho cozer a massa \u201cal dente\u201d, em \u00e1gua a ferver, seguindo as instru\u00e7\u00f5es da embalagem. Reservar.<\/p>\n<p>Enquanto a massa coze, pincelar com azeite a superf\u00edcie de um grelhador estriado e grelhar o peito de peru temperado com sal.<\/p>\n<p>Numa tigela juntar azeite, salsa picada, sumo de lim\u00e3o, sal e o sumo do tomate chucha (tomate espremido, s\u00f3 com as grainhas e o suco). Misturar tudo e depositar o peito de peru j\u00e1 grelhado nesta marinada. Reservar.<br \/>\nGrelhar a cebola roxa cortada em gomos e o tomate cherry.<\/p>\n<p>Retirar o peru da marinada, laminar, envolver com a massa e restantes ingredientes j\u00e1 confecionados (cebola roxa, tomate cherry). Decorar com um raminho de salsa.<\/p>\n<p>Bom apetite!<\/p>\n<p>Veja mais em <a href=\"https:\/\/www.ateti.pt\/loja\/categoria\/mercearia\/arrozemassas\/\">Arroz e Massas<\/a><\/p>\n","protected":false},"excerpt":{"rendered":"<p>4.24\u20ac\/kg<\/p>\n","protected":false},"featured_media":57144,"comment_status":"closed","ping_status":"closed","template":"","meta":{"_themeisle_gutenberg_block_has_review":false},"product_brand":[],"product_cat":[187,132],"product_tag":[],"woo-feed-brand":[],"class_list":{"0":"post-17547","1":"product","2":"type-product","3":"status-publish","4":"has-post-thumbnail","6":"product_cat-arrozemassas","7":"product_cat-mercearia","8":"ts_product_brand-milaneza","10":"first","11":"instock","12":"taxable","13":"shipping-taxable","14":"purchasable","15":"product-type-simple"},"_links":{"self":[{"href":"https:\/\/www.ateti.pt\/loja\/wp-json\/wp\/v2\/product\/17547","targetHints":{"allow":["GET"]}}],"collection":[{"href":"https:\/\/www.ateti.pt\/loja\/wp-json\/wp\/v2\/product"}],"about":[{"href":"https:\/\/www.ateti.pt\/loja\/wp-json\/wp\/v2\/types\/product"}],"replies":[{"embeddable":true,"href":"https:\/\/www.ateti.pt\/loja\/wp-json\/wp\/v2\/comments?post=17547"}],"wp:featuredmedia":[{"embeddable":true,"href":"https:\/\/www.ateti.pt\/loja\/wp-json\/wp\/v2\/media\/57144"}],"wp:attachment":[{"href":"https:\/\/www.ateti.pt\/loja\/wp-json\/wp\/v2\/media?parent=17547"}],"wp:term":[{"taxonomy":"product_brand","embeddable":true,"href":"https:\/\/www.ateti.pt\/loja\/wp-json\/wp\/v2\/product_brand?post=17547"},{"taxonomy":"product_cat","embeddable":true,"href":"https:\/\/www.ateti.pt\/loja\/wp-json\/wp\/v2\/product_cat?post=17547"},{"taxonomy":"product_tag","embeddable":true,"href":"https:\/\/www.ateti.pt\/loja\/wp-json\/wp\/v2\/product_tag?post=17547"},{"taxonomy":"woo-feed-brand","embeddable":true,"href":"https:\/\/www.ateti.pt\/loja\/wp-json\/wp\/v2\/woo-feed-brand?post=17547"}],"curies":[{"name":"wp","href":"https:\/\/api.w.org\/{rel}","templated":true}]}}