{"id":17545,"date":"2020-06-03T10:09:01","date_gmt":"2020-06-03T09:09:01","guid":{"rendered":"https:\/\/www.ateti.pt\/loja\/?post_type=product&#038;p=17545"},"modified":"2024-08-29T15:32:26","modified_gmt":"2024-08-29T14:32:26","slug":"carefree-cotton-s-m-20un","status":"publish","type":"product","link":"https:\/\/www.ateti.pt\/loja\/produto\/carefree-cotton-s-m-20un\/","title":{"rendered":"Pensos Higi\u00e9nicos Carefree Cotton S\/M 20un."},"content":{"rendered":"<h5>Pensos Higi\u00e9nicos Carefree Cotton S\/M<\/h5>\n<p>Quantidade: 20un.<\/p>\n<p>Os pensinhos di\u00e1rios Carefree<sup>\u00ae<\/sup>\u00a0Cotton s\u00e3o 100% respir\u00e1veis e cont\u00eam extrato de algod\u00e3o. Proporcionam uma frescura duradoura. Al\u00e9m de servirem como prote\u00e7\u00e3o di\u00e1ria da roupa interior, proporcionam uma sensa\u00e7\u00e3o suave e confort\u00e1vel todos os dias.<\/p>\n<p><strong>Benef\u00edcios:<\/strong><\/p>\n<ul aria-hidden=\"false\">\n<li>Nova pel\u00edcula de f\u00e1cil remo\u00e7\u00e3o<\/li>\n<li>100% respir\u00e1vel<\/li>\n<li>Combina\u00e7\u00e3o \u00fanica de 4 camadas respir\u00e1veis<\/li>\n<li>Pel\u00edcula suave ao toque com extrato de algod\u00e3o e sensa\u00e7\u00e3o de suavidade extra<\/li>\n<li>Permanece no s\u00edtio<\/li>\n<li>Pel\u00edcula dermatologicamente testada<\/li>\n<li>Design de ajuste perfeito \u2013 adapta-se aos movimentos do corpo<\/li>\n<li>Sem fragr\u00e2ncia<\/li>\n<li>S\/M<\/li>\n<li>Dispon\u00edvel em embalagem individual<\/li>\n<\/ul>\n<p>Veja mais em <a href=\"https:\/\/www.ateti.pt\/loja\/categoria\/higiene-e-limpeza\/higiene\/higiene-feminina\/\">Higiene Feminina<\/a><\/p>\n","protected":false},"excerpt":{"rendered":"<p>0,09\u20ac\/un.<\/p>\n","protected":false},"featured_media":60800,"comment_status":"closed","ping_status":"closed","template":"","meta":{"_themeisle_gutenberg_block_has_review":false},"product_brand":[],"product_cat":[203,190,230],"product_tag":[],"woo-feed-brand":[],"class_list":{"0":"post-17545","1":"product","2":"type-product","3":"status-publish","4":"has-post-thumbnail","6":"product_cat-beleza-e-higiene","7":"product_cat-desinfetantes-e-limpeza","8":"product_cat-higiene-feminina","9":"ts_product_brand-carefree","11":"first","12":"instock","13":"taxable","14":"shipping-taxable","15":"purchasable","16":"product-type-simple"},"_links":{"self":[{"href":"https:\/\/www.ateti.pt\/loja\/wp-json\/wp\/v2\/product\/17545","targetHints":{"allow":["GET"]}}],"collection":[{"href":"https:\/\/www.ateti.pt\/loja\/wp-json\/wp\/v2\/product"}],"about":[{"href":"https:\/\/www.ateti.pt\/loja\/wp-json\/wp\/v2\/types\/product"}],"replies":[{"embeddable":true,"href":"https:\/\/www.ateti.pt\/loja\/wp-json\/wp\/v2\/comments?post=17545"}],"wp:featuredmedia":[{"embeddable":true,"href":"https:\/\/www.ateti.pt\/loja\/wp-json\/wp\/v2\/media\/60800"}],"wp:attachment":[{"href":"https:\/\/www.ateti.pt\/loja\/wp-json\/wp\/v2\/media?parent=17545"}],"wp:term":[{"taxonomy":"product_brand","embeddable":true,"href":"https:\/\/www.ateti.pt\/loja\/wp-json\/wp\/v2\/product_brand?post=17545"},{"taxonomy":"product_cat","embeddable":true,"href":"https:\/\/www.ateti.pt\/loja\/wp-json\/wp\/v2\/product_cat?post=17545"},{"taxonomy":"product_tag","embeddable":true,"href":"https:\/\/www.ateti.pt\/loja\/wp-json\/wp\/v2\/product_tag?post=17545"},{"taxonomy":"woo-feed-brand","embeddable":true,"href":"https:\/\/www.ateti.pt\/loja\/wp-json\/wp\/v2\/woo-feed-brand?post=17545"}],"curies":[{"name":"wp","href":"https:\/\/api.w.org\/{rel}","templated":true}]}}