{"id":17543,"date":"2020-06-03T10:03:38","date_gmt":"2020-06-03T09:03:38","guid":{"rendered":"https:\/\/www.ateti.pt\/loja\/?post_type=product&#038;p=17543"},"modified":"2026-04-13T16:44:49","modified_gmt":"2026-04-13T15:44:49","slug":"papel-de-aluminio-vileda-10m","status":"publish","type":"product","link":"https:\/\/www.ateti.pt\/loja\/produto\/papel-de-aluminio-vileda-10m\/","title":{"rendered":"Papel de Alum\u00ednio Vileda 10m"},"content":{"rendered":"<h5>Papel de Alum\u00ednio Vileda<\/h5>\n<p>Comprimento: 10m<\/p>\n<h4>1. Estrutura de tijolos<\/h4>\n<p>Este papel de alum\u00ednio tem uma estrutura de tijolos que permite melhor acondicionamento dos seus alimentos.<\/p>\n<h4>2. Serra pl\u00e1stica e fixa\u00e7\u00e3o lateral<\/h4>\n<p>Com serra pl\u00e1stica que facilita o corte do papel de alum\u00ednio e sistema de pressionar e fixar para prender o rolo.<\/p>\n<h4>3. Suporta temperaturas extremas<\/h4>\n<p>Este papel de alum\u00ednio extra resistente est\u00e1 desenvolvido para suportar temperaturas desde os 600\u00baC a -40\u00baC. Tem uma estrutura de tijolos que lhe confere flexibilidade e resist\u00eancia. \u00c9 ideal para proteger os seus cozinhados e manter a frescura dos alimentos, gra\u00e7as \u00e0 sua nova estrutura. Pode ser usado para conservar, cozinhar ou transportar alimentos. Como qualquer alum\u00ednio n\u00e3o pode ser usado no micro-ondas. N\u00e3o colocar a folha de alum\u00ednio em contacto com resist\u00eancias, chamas vivas ou com as paredes do forno.<\/p>\n<p>Veja mais em <a href=\"https:\/\/www.ateti.pt\/loja\/categoria\/higiene-e-limpeza\/acessorios-cozinha-casa-de-banho\/\">Acess\u00f3rios de Cozinha<\/a><\/p>\n","protected":false},"excerpt":{"rendered":"<p>0,43\u20ac\/m<\/p>\n","protected":false},"featured_media":60740,"comment_status":"closed","ping_status":"closed","template":"","meta":{"_themeisle_gutenberg_block_has_review":false},"product_brand":[],"product_cat":[192,190],"product_tag":[],"woo-feed-brand":[],"class_list":{"0":"post-17543","1":"product","2":"type-product","3":"status-publish","4":"has-post-thumbnail","6":"product_cat-acessorios-de-cozinha-casa-de-banho","7":"product_cat-desinfetantes-e-limpeza","8":"ts_product_brand-vileda","10":"first","11":"instock","12":"taxable","13":"shipping-taxable","14":"purchasable","15":"product-type-simple"},"_links":{"self":[{"href":"https:\/\/www.ateti.pt\/loja\/wp-json\/wp\/v2\/product\/17543","targetHints":{"allow":["GET"]}}],"collection":[{"href":"https:\/\/www.ateti.pt\/loja\/wp-json\/wp\/v2\/product"}],"about":[{"href":"https:\/\/www.ateti.pt\/loja\/wp-json\/wp\/v2\/types\/product"}],"replies":[{"embeddable":true,"href":"https:\/\/www.ateti.pt\/loja\/wp-json\/wp\/v2\/comments?post=17543"}],"wp:featuredmedia":[{"embeddable":true,"href":"https:\/\/www.ateti.pt\/loja\/wp-json\/wp\/v2\/media\/60740"}],"wp:attachment":[{"href":"https:\/\/www.ateti.pt\/loja\/wp-json\/wp\/v2\/media?parent=17543"}],"wp:term":[{"taxonomy":"product_brand","embeddable":true,"href":"https:\/\/www.ateti.pt\/loja\/wp-json\/wp\/v2\/product_brand?post=17543"},{"taxonomy":"product_cat","embeddable":true,"href":"https:\/\/www.ateti.pt\/loja\/wp-json\/wp\/v2\/product_cat?post=17543"},{"taxonomy":"product_tag","embeddable":true,"href":"https:\/\/www.ateti.pt\/loja\/wp-json\/wp\/v2\/product_tag?post=17543"},{"taxonomy":"woo-feed-brand","embeddable":true,"href":"https:\/\/www.ateti.pt\/loja\/wp-json\/wp\/v2\/woo-feed-brand?post=17543"}],"curies":[{"name":"wp","href":"https:\/\/api.w.org\/{rel}","templated":true}]}}