{"id":17052,"date":"2020-05-21T08:50:23","date_gmt":"2020-05-21T08:50:23","guid":{"rendered":"https:\/\/www.ateti.pt\/loja\/?post_type=product&#038;p=17052"},"modified":"2024-03-05T17:50:19","modified_gmt":"2024-03-05T17:50:19","slug":"comida-humida-para-cao-vaca-e-figado-em-pate-pedigree-300g","status":"publish","type":"product","link":"https:\/\/www.ateti.pt\/loja\/produto\/comida-humida-para-cao-vaca-e-figado-em-pate-pedigree-300g\/","title":{"rendered":"Comida H\u00famida para C\u00e3o Vaca e F\u00edgado em Pat\u00ea Pedigree 300g"},"content":{"rendered":"<h5>Comida H\u00famida para C\u00e3o em Pat\u00ea Pedigree<\/h5>\n<p>Sabor: Vaca e F\u00edgado<\/p>\n<p>Quantidade: 300g<\/p>\n","protected":false},"excerpt":{"rendered":"<p>12.95\u20ac\/kg<\/p>\n","protected":false},"featured_media":42363,"comment_status":"closed","ping_status":"closed","template":"","meta":{"_themeisle_gutenberg_block_has_review":false},"product_brand":[],"product_cat":[234,235],"product_tag":[],"woo-feed-brand":[],"class_list":{"0":"post-17052","1":"product","2":"type-product","3":"status-publish","4":"has-post-thumbnail","6":"product_cat-animais","7":"product_cat-caes","8":"ts_product_brand-pedigree","10":"first","11":"instock","12":"sale","13":"taxable","14":"shipping-taxable","15":"purchasable","16":"product-type-simple"},"_links":{"self":[{"href":"https:\/\/www.ateti.pt\/loja\/wp-json\/wp\/v2\/product\/17052","targetHints":{"allow":["GET"]}}],"collection":[{"href":"https:\/\/www.ateti.pt\/loja\/wp-json\/wp\/v2\/product"}],"about":[{"href":"https:\/\/www.ateti.pt\/loja\/wp-json\/wp\/v2\/types\/product"}],"replies":[{"embeddable":true,"href":"https:\/\/www.ateti.pt\/loja\/wp-json\/wp\/v2\/comments?post=17052"}],"wp:featuredmedia":[{"embeddable":true,"href":"https:\/\/www.ateti.pt\/loja\/wp-json\/wp\/v2\/media\/42363"}],"wp:attachment":[{"href":"https:\/\/www.ateti.pt\/loja\/wp-json\/wp\/v2\/media?parent=17052"}],"wp:term":[{"taxonomy":"product_brand","embeddable":true,"href":"https:\/\/www.ateti.pt\/loja\/wp-json\/wp\/v2\/product_brand?post=17052"},{"taxonomy":"product_cat","embeddable":true,"href":"https:\/\/www.ateti.pt\/loja\/wp-json\/wp\/v2\/product_cat?post=17052"},{"taxonomy":"product_tag","embeddable":true,"href":"https:\/\/www.ateti.pt\/loja\/wp-json\/wp\/v2\/product_tag?post=17052"},{"taxonomy":"woo-feed-brand","embeddable":true,"href":"https:\/\/www.ateti.pt\/loja\/wp-json\/wp\/v2\/woo-feed-brand?post=17052"}],"curies":[{"name":"wp","href":"https:\/\/api.w.org\/{rel}","templated":true}]}}