{"id":17011,"date":"2020-05-20T15:33:58","date_gmt":"2020-05-20T14:33:58","guid":{"rendered":"https:\/\/www.ateti.pt\/loja\/?post_type=product&#038;p=17011"},"modified":"2025-01-31T09:33:21","modified_gmt":"2025-01-31T09:33:21","slug":"leite-magro-mimosa-1l","status":"publish","type":"product","link":"https:\/\/www.ateti.pt\/loja\/produto\/leite-magro-mimosa-1l\/","title":{"rendered":"Leite Magro Mimosa 1L"},"content":{"rendered":"<p><strong>Leite Magro Mimosa<\/strong><\/p>\n<p>Quantidade: 1L<\/p>\n<p><span class=\"ContentText\">O Leite UHT Mimosa Bem Essencial Magro \u00e9 um aliado da Linha, Sa\u00fade e Ritmo, essenciais ao seu bem-estar:<\/span><\/p>\n<ul class=\"ContentText\">\n<li><span class=\"ContentText\"><span class=\"ContentText\">Linha : Sem gordura, o leite UHT magro \u00e9 um leite adequado para quem se preocupa com o teor de gordura na alimenta\u00e7\u00e3o.<\/span><\/span><\/li>\n<li><span class=\"ContentText\"><span class=\"ContentText\">Ritmo : o leite \u00e9 fonte de f\u00f3sforo e iodo que contribuem para o normal metabolismo produtor de energia.<\/span><\/span><\/li>\n<li><span class=\"ContentText\">Sa\u00fade: Fonte de c\u00e1lcio , o leite \u00e9 ainda rico em prote\u00ednas que contribuem para a manuten\u00e7\u00e3o de ossos normais e da massa muscular.<\/span><\/li>\n<\/ul>\n<p><strong>Valores nutricionais por 100ml:\u00a0<\/strong> Energia: 148kj\/35kcal; L\u00edpidos: 0.1g, dos quais saturados: 0.08g; Hidratos de carbono: 5g, dos quais a\u00e7\u00facares: 5g; Prote\u00ednas: 3.5g; Sal:0.10g.<\/p>\n<p>Veja mais em <a href=\"https:\/\/www.ateti.pt\/loja\/categoria\/mercearia\/laticinios\/\">Latic\u00ednios<\/a><\/p>\n","protected":false},"excerpt":{"rendered":"<p>0.99\u20ac\/L<\/p>\n","protected":false},"featured_media":55364,"comment_status":"closed","ping_status":"closed","template":"","meta":{"_themeisle_gutenberg_block_has_review":false},"product_brand":[],"product_cat":[891,157,132],"product_tag":[],"woo-feed-brand":[],"class_list":{"0":"post-17011","1":"product","2":"type-product","3":"status-publish","4":"has-post-thumbnail","6":"product_cat-iva-zero","7":"product_cat-laticinios","8":"product_cat-mercearia","9":"ts_product_brand-mimosa","11":"first","12":"instock","13":"sale","14":"taxable","15":"shipping-taxable","16":"purchasable","17":"product-type-simple"},"_links":{"self":[{"href":"https:\/\/www.ateti.pt\/loja\/wp-json\/wp\/v2\/product\/17011","targetHints":{"allow":["GET"]}}],"collection":[{"href":"https:\/\/www.ateti.pt\/loja\/wp-json\/wp\/v2\/product"}],"about":[{"href":"https:\/\/www.ateti.pt\/loja\/wp-json\/wp\/v2\/types\/product"}],"replies":[{"embeddable":true,"href":"https:\/\/www.ateti.pt\/loja\/wp-json\/wp\/v2\/comments?post=17011"}],"wp:featuredmedia":[{"embeddable":true,"href":"https:\/\/www.ateti.pt\/loja\/wp-json\/wp\/v2\/media\/55364"}],"wp:attachment":[{"href":"https:\/\/www.ateti.pt\/loja\/wp-json\/wp\/v2\/media?parent=17011"}],"wp:term":[{"taxonomy":"product_brand","embeddable":true,"href":"https:\/\/www.ateti.pt\/loja\/wp-json\/wp\/v2\/product_brand?post=17011"},{"taxonomy":"product_cat","embeddable":true,"href":"https:\/\/www.ateti.pt\/loja\/wp-json\/wp\/v2\/product_cat?post=17011"},{"taxonomy":"product_tag","embeddable":true,"href":"https:\/\/www.ateti.pt\/loja\/wp-json\/wp\/v2\/product_tag?post=17011"},{"taxonomy":"woo-feed-brand","embeddable":true,"href":"https:\/\/www.ateti.pt\/loja\/wp-json\/wp\/v2\/woo-feed-brand?post=17011"}],"curies":[{"name":"wp","href":"https:\/\/api.w.org\/{rel}","templated":true}]}}