{"id":17008,"date":"2020-05-20T15:30:52","date_gmt":"2020-05-20T14:30:52","guid":{"rendered":"https:\/\/www.ateti.pt\/loja\/?post_type=product&#038;p=17008"},"modified":"2024-01-29T18:30:18","modified_gmt":"2024-01-29T17:30:18","slug":"leite-magro-matinal-1l","status":"publish","type":"product","link":"https:\/\/www.ateti.pt\/loja\/produto\/leite-magro-matinal-1l\/","title":{"rendered":"Leite Magro 1L Matinal"},"content":{"rendered":"<p><strong>Leite Magro Matinal<\/strong><\/p>\n<p>Quantidade: 1L<\/p>\n<p><strong>Valores nutricionais m\u00e9dios por 100ml:<\/strong> Energia: 148kJ \/ 35 kcal; L\u00edpidos: 0.15 g, Dos quais \u00e1cidos gordos saturados: 0.09 g; Hidratos de carbono: 5g, Dos quais a\u00e7\u00facares: 5 g; Prote\u00ednas: 3.4 g; Sal: 0.10 g; Riboflavina: 0.16 mg; Vitamina B-12: 0.20 mcg; Pot\u00e1ssio: 159 mg; C\u00e1lcio: 123 mg; F\u00f3sforo: 94 mg; Iodo: 26 mcg.<\/p>\n<p><strong>Conserva\u00e7\u00e3o:\u00a0<\/strong>Conservar em local fresco, seco e isento de odores. Uma vez aberta a embalagem conservar no frigor\u00edfico e consumir dentro de 3 dias.<\/p>\n<p>Veja mais em <a href=\"https:\/\/www.ateti.pt\/loja\/categoria\/mercearia\/laticinios\/\">Latic\u00ednios<\/a><\/p>\n<p>&nbsp;<\/p>\n","protected":false},"excerpt":{"rendered":"<p>1.02\u20ac\/L<\/p>\n","protected":false},"featured_media":60248,"comment_status":"closed","ping_status":"closed","template":"","meta":{"_themeisle_gutenberg_block_has_review":false},"product_brand":[],"product_cat":[891,157,132],"product_tag":[],"woo-feed-brand":[],"class_list":{"0":"post-17008","1":"product","2":"type-product","3":"status-publish","4":"has-post-thumbnail","6":"product_cat-iva-zero","7":"product_cat-laticinios","8":"product_cat-mercearia","9":"ts_product_brand-matinal","11":"first","12":"instock","13":"sale","14":"taxable","15":"shipping-taxable","16":"purchasable","17":"product-type-simple"},"_links":{"self":[{"href":"https:\/\/www.ateti.pt\/loja\/wp-json\/wp\/v2\/product\/17008","targetHints":{"allow":["GET"]}}],"collection":[{"href":"https:\/\/www.ateti.pt\/loja\/wp-json\/wp\/v2\/product"}],"about":[{"href":"https:\/\/www.ateti.pt\/loja\/wp-json\/wp\/v2\/types\/product"}],"replies":[{"embeddable":true,"href":"https:\/\/www.ateti.pt\/loja\/wp-json\/wp\/v2\/comments?post=17008"}],"wp:featuredmedia":[{"embeddable":true,"href":"https:\/\/www.ateti.pt\/loja\/wp-json\/wp\/v2\/media\/60248"}],"wp:attachment":[{"href":"https:\/\/www.ateti.pt\/loja\/wp-json\/wp\/v2\/media?parent=17008"}],"wp:term":[{"taxonomy":"product_brand","embeddable":true,"href":"https:\/\/www.ateti.pt\/loja\/wp-json\/wp\/v2\/product_brand?post=17008"},{"taxonomy":"product_cat","embeddable":true,"href":"https:\/\/www.ateti.pt\/loja\/wp-json\/wp\/v2\/product_cat?post=17008"},{"taxonomy":"product_tag","embeddable":true,"href":"https:\/\/www.ateti.pt\/loja\/wp-json\/wp\/v2\/product_tag?post=17008"},{"taxonomy":"woo-feed-brand","embeddable":true,"href":"https:\/\/www.ateti.pt\/loja\/wp-json\/wp\/v2\/woo-feed-brand?post=17008"}],"curies":[{"name":"wp","href":"https:\/\/api.w.org\/{rel}","templated":true}]}}