{"id":16992,"date":"2020-05-20T10:50:56","date_gmt":"2020-05-20T10:50:56","guid":{"rendered":"https:\/\/www.ateti.pt\/loja\/?post_type=product&#038;p=16992"},"modified":"2024-06-19T11:47:34","modified_gmt":"2024-06-19T10:47:34","slug":"arroz-agulha-saludaes-1kg","status":"publish","type":"product","link":"https:\/\/www.ateti.pt\/loja\/produto\/arroz-agulha-saludaes-1kg\/","title":{"rendered":"Arroz Agulha Salud\u00e3es 1kg"},"content":{"rendered":"<p><strong>Arroz Agulha Salud\u00e3es<\/strong><\/p>\n<p><strong>Quantidade:<\/strong> 1kg<\/p>\n<p>Arroz longo extra agulha.<\/p>\n<p>O Arroz Agulha Salud\u00e3es resulta do descasque e branqueamento de gr\u00e3os longos de excelentes qualidades. Este arroz possui as melhores qualidades culin\u00e1rias, dado que os seus gr\u00e3os ficam sempre soltos, inteiros e com um agrad\u00e1vel aspeto.<\/p>\n<p>O Arroz Agulha Salud\u00e3es \u00e9 ideal para ser servido branco, como guarni\u00e7\u00e3o, base em saladas ou acompanhados por vegetais e molhos.<\/p>\n<div class=\"tablas-nut-alg\">\n<table id=\"tab-val-nut\" class=\"agulha\">\n<tbody>\n<tr>\n<td>Valor nutricional m\u00e9dio<\/td>\n<td>Por 100g<\/td>\n<td>Por por\u00e7\u00e3o 75g<\/td>\n<\/tr>\n<tr>\n<td class=\"val_nut_titulo\"><strong>Energia<\/strong><\/td>\n<td>1508 kJ\/355 kcal<\/td>\n<td>1131 kJ\/266 kcal<br \/>\n0,8 g<\/td>\n<\/tr>\n<tr>\n<td class=\"val_nut_titulo\"><strong>L\u00edpidos<\/strong><br \/>\n<strong>Saturados<\/strong><\/td>\n<td>1,0 g<br \/>\n0,4 g<\/td>\n<td>0,8 g<br \/>\n0,3 g<\/td>\n<\/tr>\n<tr>\n<td class=\"val_nut_titulo\"><strong>Hidratos de Carbono<\/strong><br \/>\n<strong>A\u00e7\u00facares<\/strong><\/td>\n<td>78 g<br \/>\n\u20390,4 g<\/td>\n<td>58 g<br \/>\n\u20390,3g<\/td>\n<\/tr>\n<tr>\n<td class=\"val_nut_titulo\"><strong>Fibra<\/strong><\/td>\n<td>2,4 g<\/td>\n<td>1,8 g<br \/>\n5,6 g<\/td>\n<\/tr>\n<tr>\n<td class=\"val_nut_titulo\"><strong>Prote\u00ednas<\/strong><\/td>\n<td>7,5 g<\/td>\n<td>5,6 g<br \/>\n\u20390,02 g<\/td>\n<\/tr>\n<tr>\n<td class=\"val_nut_titulo\"><strong>Sal<\/strong><\/td>\n<td>\u20390,03 g<\/td>\n<td>\u20390,02 g<\/td>\n<\/tr>\n<\/tbody>\n<\/table>\n<p>Sabia que\u2026<\/p>\n<p>H\u00e1 diversas opini\u00f5es sobre as origens da cultura do arroz, mas a mais popular entre os historiadores assinala a China como pioneira. Ao mesmo tempo, parece un\u00e2nime o reconhecimento de que a sua forma selvagem foi encontrada primeiramente na \u00cdndia.<\/p>\n<p><b>As primeiras refer\u00eancias a este cereal s\u00e3o encontradas em lendas Chinesas e Indianas muito antigas. An\u00e1lises realizadas com Carbono 14 a gr\u00e3os de arroz descobertos em escava\u00e7\u00f5es arqueol\u00f3gicas, situam a origem do seu cultivo em Hunan (China) por volta de 8200-7800 a.C.<\/b><br \/>\nO arroz entrou nos pa\u00edses mediterr\u00e2nicos cerca de 350 anos A.C. A sua cultura estava j\u00e1 difundida na Mesopot\u00e2mia, fruto dos interc\u00e2mbios comerciais que Dario, o rei da P\u00e9rsia, estabelecera com a \u00cdndia e a China.<br \/>\n<strong>Para os gregos e romanos, o arroz era considerado uma esp\u00e9cie de luxo ex\u00f3tico vindo do oriente, consumido apenas pelas pessoas com mais posses e estatuto social.<\/strong><\/p>\n<h4>Como preparar Arroz Agulha<\/h4>\n<p>Sugest\u00e3o de receita<\/p>\n<h5>Arroz de camar\u00e3o e abacate<\/h5>\n<p><strong>Ingredientes:<\/strong><\/p>\n<p>350 g de <a href=\"https:\/\/www.ateti.pt\/loja\/categoria\/mercearia\/arrozemassas\/\">Arroz Cigala Agulha<\/a><\/p>\n<p>800 g de <a href=\"https:\/\/www.ateti.pt\/loja\/categoria\/congelados\/peixeemarisco\/\">camar\u00e3o m\u00e9dio<\/a><\/p>\n<p>1 L de \u00e1gua<\/p>\n<p>150 g de tomates-cereja<\/p>\n<p>2 <a href=\"https:\/\/www.ateti.pt\/loja\/categoria\/frutas-e-legumes\/frutas-frescas\/\">abacates<\/a><\/p>\n<p>4 <a href=\"https:\/\/www.ateti.pt\/loja\/categoria\/frutas-e-legumes\/legumes-frescos\/\">dentes de alho<\/a><\/p>\n<p>50 ml de <a href=\"https:\/\/www.ateti.pt\/loja\/categoria\/mercearia\/azeiteseoleos\/\">azeite + azeite q.b.<\/a><\/p>\n<p>2 <a href=\"https:\/\/www.ateti.pt\/loja\/categoria\/frutas-e-legumes\/frutas-frescas\/\">limas + sumo de lima<\/a> q.b.<\/p>\n<p>Manjeric\u00e3o q.b.<\/p>\n<p><a href=\"https:\/\/www.ateti.pt\/loja\/categoria\/frutas-e-legumes\/legumes-frescos\/\">Sal e pimenta<\/a> q.b.<\/p>\n<p>Rodelas de lima para decorar<\/p>\n<p><strong>Prepara\u00e7\u00e3o:<\/strong><\/p>\n<p>1. Descasque os camar\u00f5es, fa\u00e7a um corte para retirar a tripa, coloque numa tigela e tempere com sumo das limas, sal e pimenta. Coloque as cascas num tacho, adicione a \u00e1gua e deixe ferver durante 15 minutos. Retire do lume e passe as cascas pelo passador de rede, reservando 450 ml do caldo.<\/p>\n<p>2. Descasque e esmague os dentes de alho, coloque-os num tacho com o azeite e o arroz e mexa bem. Regue com o caldo a ferver, que reservou, e tempere com sal e pimenta. Tape o tacho e deixe cozinhar em lume brando durante cerca de 18 minutos. Retire do lume e deixe repousar mais 5 minutos; mexa com um garfo para que fique solto e reserve.<\/p>\n<p>3. Leve ao lume uma frigideira com um fio de azeite, adicione os camar\u00f5es e saltei-os de ambos os lados durante 5 minutos.<\/p>\n<p>4. Abra os abacates, rejeite os caro\u00e7os e as cascas, corte-os em cubos e regue com um pouco de sumo de lima. Lave e corte os tomates-cereja em quartos.<\/p>\n<p>5. Adicione ao arroz, o tomate, o abacate, os camar\u00f5es, a raspa das limas e envolva. Sirva decorado com manjeric\u00e3o e rodelas de lima.<\/p>\n<p>Bom apetite!<\/p>\n<p>Veja mais em <a href=\"https:\/\/www.ateti.pt\/loja\/categoria\/mercearia\/arrozemassas\/\">Arroz e Massas<\/a><\/p>\n<\/div>\n","protected":false},"excerpt":{"rendered":"<p>1.40\u20ac\/kg<\/p>\n","protected":false},"featured_media":57094,"comment_status":"closed","ping_status":"closed","template":"","meta":{"_themeisle_gutenberg_block_has_review":false},"product_brand":[],"product_cat":[187,891,132],"product_tag":[],"woo-feed-brand":[],"class_list":{"0":"post-16992","1":"product","2":"type-product","3":"status-publish","4":"has-post-thumbnail","6":"product_cat-arrozemassas","7":"product_cat-iva-zero","8":"product_cat-mercearia","9":"ts_product_brand-saludaes","11":"first","12":"instock","13":"sale","14":"taxable","15":"shipping-taxable","16":"purchasable","17":"product-type-simple"},"_links":{"self":[{"href":"https:\/\/www.ateti.pt\/loja\/wp-json\/wp\/v2\/product\/16992","targetHints":{"allow":["GET"]}}],"collection":[{"href":"https:\/\/www.ateti.pt\/loja\/wp-json\/wp\/v2\/product"}],"about":[{"href":"https:\/\/www.ateti.pt\/loja\/wp-json\/wp\/v2\/types\/product"}],"replies":[{"embeddable":true,"href":"https:\/\/www.ateti.pt\/loja\/wp-json\/wp\/v2\/comments?post=16992"}],"wp:featuredmedia":[{"embeddable":true,"href":"https:\/\/www.ateti.pt\/loja\/wp-json\/wp\/v2\/media\/57094"}],"wp:attachment":[{"href":"https:\/\/www.ateti.pt\/loja\/wp-json\/wp\/v2\/media?parent=16992"}],"wp:term":[{"taxonomy":"product_brand","embeddable":true,"href":"https:\/\/www.ateti.pt\/loja\/wp-json\/wp\/v2\/product_brand?post=16992"},{"taxonomy":"product_cat","embeddable":true,"href":"https:\/\/www.ateti.pt\/loja\/wp-json\/wp\/v2\/product_cat?post=16992"},{"taxonomy":"product_tag","embeddable":true,"href":"https:\/\/www.ateti.pt\/loja\/wp-json\/wp\/v2\/product_tag?post=16992"},{"taxonomy":"woo-feed-brand","embeddable":true,"href":"https:\/\/www.ateti.pt\/loja\/wp-json\/wp\/v2\/woo-feed-brand?post=16992"}],"curies":[{"name":"wp","href":"https:\/\/api.w.org\/{rel}","templated":true}]}}