{"id":16980,"date":"2020-05-20T10:35:26","date_gmt":"2020-05-20T09:35:26","guid":{"rendered":"https:\/\/www.ateti.pt\/loja\/?post_type=product&#038;p=16980"},"modified":"2026-03-07T15:05:05","modified_gmt":"2026-03-07T15:05:05","slug":"banzai-noodles-sabor-caril-cigala-67g","status":"publish","type":"product","link":"https:\/\/www.ateti.pt\/loja\/produto\/banzai-noodles-sabor-caril-cigala-67g\/","title":{"rendered":"Banzai Noodles Sabor Caril Cigala 67g"},"content":{"rendered":"<p><strong>Banzai Noodles Sabor Caril Cigala<\/strong><\/p>\n<p>Quantidade: 67g<\/p>\n<p>Cigala Banzai Noodle s\u00e3o massas orientais cheias de sabor. \u00c9 uma alternativa r\u00e1pida e pr\u00e1tica que se adapta \u00e0s v\u00e1rias situa\u00e7\u00f5es no dia-a-dia.<\/p>\n<p><strong>Modo de prepara\u00e7\u00e3o:\u00a0<\/strong><\/p>\n<p>1- Abra um pouco da tampa da embalagem<\/p>\n<p>2- Encha com \u00e1gua a ferver<\/p>\n<p>3- Volte a fechar a embalagem e deixe repousar durante 3 minutos<\/p>\n<p>4- Retire a tampa por completo, misture bem e est\u00e1 pronto<\/p>\n<p>Bom apetite!<\/p>\n<p>Veja mais em <a href=\"https:\/\/www.ateti.pt\/loja\/categoria\/mercearia\/arrozemassas\/\">Arroz e Massas<\/a><\/p>\n<p>&nbsp;<\/p>\n","protected":false},"excerpt":{"rendered":"<p>16.27\u20ac\/kg<\/p>\n","protected":false},"featured_media":57104,"comment_status":"closed","ping_status":"closed","template":"","meta":{"_themeisle_gutenberg_block_has_review":false},"product_brand":[],"product_cat":[187,132],"product_tag":[],"woo-feed-brand":[],"class_list":{"0":"post-16980","1":"product","2":"type-product","3":"status-publish","4":"has-post-thumbnail","6":"product_cat-arrozemassas","7":"product_cat-mercearia","8":"ts_product_brand-cigala","10":"first","11":"instock","12":"taxable","13":"shipping-taxable","14":"purchasable","15":"product-type-simple"},"_links":{"self":[{"href":"https:\/\/www.ateti.pt\/loja\/wp-json\/wp\/v2\/product\/16980","targetHints":{"allow":["GET"]}}],"collection":[{"href":"https:\/\/www.ateti.pt\/loja\/wp-json\/wp\/v2\/product"}],"about":[{"href":"https:\/\/www.ateti.pt\/loja\/wp-json\/wp\/v2\/types\/product"}],"replies":[{"embeddable":true,"href":"https:\/\/www.ateti.pt\/loja\/wp-json\/wp\/v2\/comments?post=16980"}],"wp:featuredmedia":[{"embeddable":true,"href":"https:\/\/www.ateti.pt\/loja\/wp-json\/wp\/v2\/media\/57104"}],"wp:attachment":[{"href":"https:\/\/www.ateti.pt\/loja\/wp-json\/wp\/v2\/media?parent=16980"}],"wp:term":[{"taxonomy":"product_brand","embeddable":true,"href":"https:\/\/www.ateti.pt\/loja\/wp-json\/wp\/v2\/product_brand?post=16980"},{"taxonomy":"product_cat","embeddable":true,"href":"https:\/\/www.ateti.pt\/loja\/wp-json\/wp\/v2\/product_cat?post=16980"},{"taxonomy":"product_tag","embeddable":true,"href":"https:\/\/www.ateti.pt\/loja\/wp-json\/wp\/v2\/product_tag?post=16980"},{"taxonomy":"woo-feed-brand","embeddable":true,"href":"https:\/\/www.ateti.pt\/loja\/wp-json\/wp\/v2\/woo-feed-brand?post=16980"}],"curies":[{"name":"wp","href":"https:\/\/api.w.org\/{rel}","templated":true}]}}