{"id":16965,"date":"2020-05-19T15:57:23","date_gmt":"2020-05-19T14:57:23","guid":{"rendered":"https:\/\/www.ateti.pt\/loja\/?post_type=product&#038;p=16965"},"modified":"2025-07-18T12:03:05","modified_gmt":"2025-07-18T11:03:05","slug":"detergente-roupa-persil-color-42-doses","status":"publish","type":"product","link":"https:\/\/www.ateti.pt\/loja\/produto\/detergente-roupa-persil-color-42-doses\/","title":{"rendered":"Detergente Roupa Persil Color 42D"},"content":{"rendered":"<p><strong>Detergente Roupa Persil Color<\/strong><\/p>\n<p>Uma alternativa em gel para resultados de lavagem perfeitos, mantendo a cor<\/p>\n<p>Persil Color Gel com tecnologia Limpeza Ativa penetra no interior das fibras removendo at\u00e9 as n\u00f3doas mais dif\u00edceis, conservando o brilho da sua roupa colorida. Tudo isto, garantindo o cuidado dos tecidos e a frescura duradoura de Persil.<\/p>\n<p><strong>Benef\u00edcios em usar Detergente Roupa Persil Color:<\/strong><\/p>\n<div class=\"accordiontile textimage\">\n<div class=\"accordiontile__base\">\n<div class=\"accordiontile__header\">\n<div class=\"accordiontile__title\">\n<div class=\"title__base atomic-width-control--component\">\n<p class=\"title__hl--h3\">-Penetra em profundidade na fibra para remover mesmo as n\u00f3doas mais resistentes.<\/p>\n<\/div>\n<\/div>\n<\/div>\n<\/div>\n<\/div>\n<div class=\"accordiontile__base\">\n<div class=\"accordiontile__header\">\n<div class=\"accordiontile__img\">\n<div class=\"image__base image--hfit image--loaded\" data-components=\"Image\" data-component-param-image=\"{&quot;src&quot;:&quot;https:\/\/dm.henkel-dam.com\/is\/image\/henkel\/Product_info_fresh_washing_tshirt_200x200&quot;,&quot;servletParams&quot;:{&quot;qlt&quot;:&quot;90&quot;,&quot;fit&quot;:&quot;hfit&quot;,&quot;fmt&quot;:&quot;png-alpha&quot;,&quot;align&quot;:&quot;&quot;},&quot;mobileSource&quot;:&quot;https:\/\/dm.henkel-dam.com\/is\/image\/henkel\/Product_info_fresh_washing_tshirt_200x200&quot;,&quot;renditions&quot;:null,&quot;lazyEnabled&quot;:true}\"><\/div>\n<\/div>\n<div class=\"accordiontile__title\">\n<div class=\"title__base atomic-width-control--component\">-Gra\u00e7as \u00e0 sua f\u00f3rmula inovadora conserva a luminosidade da sua roupa colorida.<\/div>\n<\/div>\n<\/div>\n<\/div>\n<div class=\"accordiontile__base\">\n<div class=\"accordiontile__header\">\n<div class=\"accordiontile__img\">\n<div class=\"image__base image--hfit image--loaded\" data-components=\"Image\" data-component-param-image=\"{&quot;src&quot;:&quot;https:\/\/dm.henkel-dam.com\/is\/image\/henkel\/Product_info_lavender_200x200&quot;,&quot;servletParams&quot;:{&quot;qlt&quot;:&quot;90&quot;,&quot;fit&quot;:&quot;hfit&quot;,&quot;fmt&quot;:&quot;png-alpha&quot;,&quot;align&quot;:&quot;&quot;},&quot;mobileSource&quot;:&quot;https:\/\/dm.henkel-dam.com\/is\/image\/henkel\/Product_info_lavender_200x200&quot;,&quot;renditions&quot;:null,&quot;lazyEnabled&quot;:true}\"><\/div>\n<\/div>\n<div class=\"accordiontile__title\">\n<div class=\"title__base atomic-width-control--component\">-Proporciona uma sensa\u00e7\u00e3o de frescura duradoura e agrad\u00e1vel \u00e0 sua roupa.<\/div>\n<\/div>\n<\/div>\n<\/div>\n<div class=\"accordiontile__base\">\n<div class=\"accordiontile__header\">\n<div class=\"accordiontile__title\">\n<div><\/div>\n<div class=\"title__base atomic-width-control--component\">-Apesar da sua a\u00e7\u00e3o poderosa de limpeza, \u00e9 delicado com os tecidos.<\/div>\n<\/div>\n<\/div>\n<\/div>\n<div class=\"accordiontile textimage\">\n<div class=\"accordiontile__base\">\n<div class=\"accordiontile__header\">\n<div class=\"accordiontile__title\">\n<div class=\"title__base atomic-width-control--component\">\n<p class=\"title__hl--h3\">-Mais sustent\u00e1vel: menos desperd\u00edcio de pl\u00e1stico, menos petr\u00f3leo, menos \u00e1gua, menos energia e menos CO2.<\/p>\n<p><strong>Utiliza\u00e7\u00e3o:<\/strong><\/p>\n<div class=\"accordiontile textimage\">\n<div class=\"accordiontile__base\">\n<div class=\"accordiontile__header\">\n<div class=\"accordiontile__title\">\n<div class=\"title__base atomic-width-control--component\">Para m\u00e1quinas de roupa entre 4 a 5 kg e com \u00e1gua de dureza m\u00e9dia.<\/div>\n<\/div>\n<\/div>\n<\/div>\n<\/div>\n<div class=\"accordiontile textimage\">\n<div class=\"accordiontile__base\">\n<div class=\"accordiontile__header\">\n<div class=\"accordiontile__img\">\n<div data-components=\"Image\" data-component-param-image=\"{&quot;src&quot;:&quot;https:\/\/dm.henkel-dam.com\/is\/image\/henkel\/lp17_dosage-icon-gel-small_1-1-ratio&quot;,&quot;servletParams&quot;:{&quot;qlt&quot;:&quot;90&quot;,&quot;fit&quot;:&quot;hfit&quot;,&quot;fmt&quot;:&quot;&quot;,&quot;align&quot;:&quot;&quot;},&quot;mobileSource&quot;:&quot;https:\/\/dm.henkel-dam.com\/is\/image\/henkel\/lp17_dosage-icon-gel-small_1-1-ratio&quot;,&quot;renditions&quot;:null,&quot;lazyEnabled&quot;:true}\"><\/div>\n<div class=\"image__base image--hfit image--loaded\" data-components=\"Image\" data-component-param-image=\"{&quot;src&quot;:&quot;https:\/\/dm.henkel-dam.com\/is\/image\/henkel\/lp17_dosage-icon-gel-small_1-1-ratio&quot;,&quot;servletParams&quot;:{&quot;qlt&quot;:&quot;90&quot;,&quot;fit&quot;:&quot;hfit&quot;,&quot;fmt&quot;:&quot;&quot;,&quot;align&quot;:&quot;&quot;},&quot;mobileSource&quot;:&quot;https:\/\/dm.henkel-dam.com\/is\/image\/henkel\/lp17_dosage-icon-gel-small_1-1-ratio&quot;,&quot;renditions&quot;:null,&quot;lazyEnabled&quot;:true}\"><strong>50ml &#8211;<\/strong>para sujidade normal<\/div>\n<\/div>\n<\/div>\n<\/div>\n<\/div>\n<div class=\"accordiontile textimage\">\n<div class=\"accordiontile__base\">\n<div class=\"accordiontile__header\">\n<div class=\"accordiontile__title\">\n<div><\/div>\n<div class=\"title__base atomic-width-control--component\"><strong>75ml<\/strong>&#8211; para sujidade dif\u00edcil<\/div>\n<div><\/div>\n<div class=\"title__base atomic-width-control--component\"><strong>Quantidade:<\/strong> 42D<\/div>\n<div><\/div>\n<div>Veja mais em <a href=\"https:\/\/www.ateti.pt\/loja\/categoria\/higiene-e-limpeza\/limpeza\/\">Limpeza<\/a><\/div>\n<\/div>\n<\/div>\n<\/div>\n<\/div>\n<\/div>\n<\/div>\n<\/div>\n<\/div>\n<\/div>\n","protected":false},"excerpt":{"rendered":"<p>0.18\u20ac\/dose<\/p>\n","protected":false},"featured_media":60738,"comment_status":"closed","ping_status":"closed","template":"","meta":{"_themeisle_gutenberg_block_has_review":false},"product_brand":[],"product_cat":[190,204,208],"product_tag":[],"woo-feed-brand":[],"class_list":{"0":"post-16965","1":"product","2":"type-product","3":"status-publish","4":"has-post-thumbnail","6":"product_cat-desinfetantes-e-limpeza","7":"product_cat-limpeza","8":"product_cat-roupa","9":"ts_product_brand-persil","11":"first","12":"instock","13":"taxable","14":"shipping-taxable","15":"purchasable","16":"product-type-simple"},"_links":{"self":[{"href":"https:\/\/www.ateti.pt\/loja\/wp-json\/wp\/v2\/product\/16965","targetHints":{"allow":["GET"]}}],"collection":[{"href":"https:\/\/www.ateti.pt\/loja\/wp-json\/wp\/v2\/product"}],"about":[{"href":"https:\/\/www.ateti.pt\/loja\/wp-json\/wp\/v2\/types\/product"}],"replies":[{"embeddable":true,"href":"https:\/\/www.ateti.pt\/loja\/wp-json\/wp\/v2\/comments?post=16965"}],"wp:featuredmedia":[{"embeddable":true,"href":"https:\/\/www.ateti.pt\/loja\/wp-json\/wp\/v2\/media\/60738"}],"wp:attachment":[{"href":"https:\/\/www.ateti.pt\/loja\/wp-json\/wp\/v2\/media?parent=16965"}],"wp:term":[{"taxonomy":"product_brand","embeddable":true,"href":"https:\/\/www.ateti.pt\/loja\/wp-json\/wp\/v2\/product_brand?post=16965"},{"taxonomy":"product_cat","embeddable":true,"href":"https:\/\/www.ateti.pt\/loja\/wp-json\/wp\/v2\/product_cat?post=16965"},{"taxonomy":"product_tag","embeddable":true,"href":"https:\/\/www.ateti.pt\/loja\/wp-json\/wp\/v2\/product_tag?post=16965"},{"taxonomy":"woo-feed-brand","embeddable":true,"href":"https:\/\/www.ateti.pt\/loja\/wp-json\/wp\/v2\/woo-feed-brand?post=16965"}],"curies":[{"name":"wp","href":"https:\/\/api.w.org\/{rel}","templated":true}]}}