{"id":16940,"date":"2020-05-19T14:58:35","date_gmt":"2020-05-19T13:58:35","guid":{"rendered":"https:\/\/www.ateti.pt\/loja\/?post_type=product&#038;p=16940"},"modified":"2024-08-08T09:47:04","modified_gmt":"2024-08-08T08:47:04","slug":"goma-sharks-90g-interdoces","status":"publish","type":"product","link":"https:\/\/www.ateti.pt\/loja\/produto\/goma-sharks-90g-interdoces\/","title":{"rendered":"Gomas Sharks 100g Interdoces"},"content":{"rendered":"<p><strong>Gomas Sharks Interdoces<\/strong><\/p>\n<p>Quantidade: 90g<\/p>\n<p><strong>Ingredientes:\u00a0<\/strong>Xarope de Glicose, \u00e1gua, a\u00e7\u00facar, amido de milho, gelatina, acidificante: \u00e1cido c\u00edtrico; \u00f3leo vegetal(palma e\/ou coco), agente de revestimento: cera de carna\u00faba; aromas, regulador de acidez: citrato de s\u00f3dio; corantes: E100, E120, E133, E160c.<\/p>\n<p><strong>Valores nutricionais por 100g:\u00a0<\/strong>Energia: 327kcal\/1389kj\/ L\u00edpidos: &lt;0.5g, dos quais saturados: 0.2g; Hidratos de Carbono: 76g, dos quais a\u00e7\u00facares: 55g; Prote\u00ednas: 4.3g; Sal: 0.14g.<\/p>\n<p>Sem Lactose<\/p>\n<p>Sem Gl\u00faten<\/p>\n<p>0% Gorduras<\/p>\n<p>Conservar em local fresco e seco.<\/p>\n<p>Veja mais em <a href=\"https:\/\/www.ateti.pt\/loja\/categoria\/mercearia\/chocolates-biscoitos-e-cereais\/chocolates\/\">Chocolates e Doces<\/a><\/p>\n","protected":false},"excerpt":{"rendered":"<p>9.90\u20ac\/kg<\/p>\n","protected":false},"featured_media":58215,"comment_status":"closed","ping_status":"closed","template":"","meta":{"_themeisle_gutenberg_block_has_review":false},"product_brand":[],"product_cat":[25,144,132],"product_tag":[],"woo-feed-brand":[],"class_list":{"0":"post-16940","1":"product","2":"type-product","3":"status-publish","4":"has-post-thumbnail","6":"product_cat-chocolates","7":"product_cat-chocolates-biscoitos-e-cereais","8":"product_cat-mercearia","9":"ts_product_brand-interdoces","11":"first","12":"instock","13":"taxable","14":"shipping-taxable","15":"purchasable","16":"product-type-simple"},"_links":{"self":[{"href":"https:\/\/www.ateti.pt\/loja\/wp-json\/wp\/v2\/product\/16940","targetHints":{"allow":["GET"]}}],"collection":[{"href":"https:\/\/www.ateti.pt\/loja\/wp-json\/wp\/v2\/product"}],"about":[{"href":"https:\/\/www.ateti.pt\/loja\/wp-json\/wp\/v2\/types\/product"}],"replies":[{"embeddable":true,"href":"https:\/\/www.ateti.pt\/loja\/wp-json\/wp\/v2\/comments?post=16940"}],"wp:featuredmedia":[{"embeddable":true,"href":"https:\/\/www.ateti.pt\/loja\/wp-json\/wp\/v2\/media\/58215"}],"wp:attachment":[{"href":"https:\/\/www.ateti.pt\/loja\/wp-json\/wp\/v2\/media?parent=16940"}],"wp:term":[{"taxonomy":"product_brand","embeddable":true,"href":"https:\/\/www.ateti.pt\/loja\/wp-json\/wp\/v2\/product_brand?post=16940"},{"taxonomy":"product_cat","embeddable":true,"href":"https:\/\/www.ateti.pt\/loja\/wp-json\/wp\/v2\/product_cat?post=16940"},{"taxonomy":"product_tag","embeddable":true,"href":"https:\/\/www.ateti.pt\/loja\/wp-json\/wp\/v2\/product_tag?post=16940"},{"taxonomy":"woo-feed-brand","embeddable":true,"href":"https:\/\/www.ateti.pt\/loja\/wp-json\/wp\/v2\/woo-feed-brand?post=16940"}],"curies":[{"name":"wp","href":"https:\/\/api.w.org\/{rel}","templated":true}]}}