{"id":16907,"date":"2024-09-03T14:19:57","date_gmt":"2024-09-03T13:19:57","guid":{"rendered":"https:\/\/www.ateti.pt\/loja\/?post_type=product&#038;p=16907"},"modified":"2026-04-30T22:29:43","modified_gmt":"2026-04-30T21:29:43","slug":"shampoo-anti-caspa-palmolive-naturals-350-ml","status":"publish","type":"product","link":"https:\/\/www.ateti.pt\/loja\/produto\/shampoo-anti-caspa-palmolive-naturals-350-ml\/","title":{"rendered":"Champ\u00f4 Anti Caspa Palmolive Naturals 350mL"},"content":{"rendered":"<h5>Champ\u00f4 Anti Caspa Palmolive Naturals<\/h5>\n<p>Quantidade: 350mL<\/p>\n<p>O Champ\u00f4 Palmolive Naturals Anticaspa combate eficazmente a caspa e previne o reaparecimento. A f\u00f3rmula \u00fanica, enriquecida com extractos 100% naturais de menta selvagem e urtiga branca purificam delicadamente o couro cabeludo, ajudando a aliviar a comich\u00e3o e a caspa. Para um couro cabeludo saud\u00e1vel e cabelo brilhante todos os dias.<\/p>\n<div class=\"richText component section richText-center-below-desktop odd col-xs-12\">\n<div class=\"component-content\">\n<div class=\"richText-content\">\n<h4>Benef\u00edcio(s)<\/h4>\n<p>Enriquecido com extratos naturais<\/p>\n<\/div>\n<\/div>\n<\/div>\n<div class=\"richText component section richText-center-below-desktop even col-xs-12 col-lg-6\">\n<div class=\"component-content\">\n<div class=\"richText-content\">\n<h4>Fragr\u00e2ncia<\/h4>\n<p>Frescura e Limpeza<\/p>\n<p><strong>Ingredientes:<\/strong><\/p>\n<div class=\"richText component section default-style even col-xs-9 col-md-11\">\n<div class=\"component-content\">\n<div class=\"richText-content\">\n<ul>\n<li><span class=\"selectionStyle-green\">Menta.<\/span>\u00a0A menta tem sido usada na Europa deste tempos pr\u00e9-hist\u00f3ricos e no Egipto desde, pelo menos, o ano 1000 A.C. Nas Gr\u00e9cia e Roma antigas, era espalhada pela casa, nos celeiros, e durante os banquetes, para exalar um aroma agrad\u00e1vel e repelir insectos, ratos e ratazanas. Os Romanos esfregavam os topos das mesas com ramos de menta, comunicando hospitalidade.<\/li>\n<\/ul>\n<\/div>\n<\/div>\n<\/div>\n<div class=\"image component section default-style odd col-xs-3 col-md-1\"><\/div>\n<div class=\"richText component section default-style even last col-xs-9 col-md-11\">\n<div class=\"component-content\">\n<div class=\"richText-content\">\n<ul>\n<li><span class=\"selectionStyle-green\">Urtiga branca.<\/span>\u00a0Na mitologia, as urtigas eram plantas sagradas para o deus do trov\u00e3o, Thor, e eram atiradas \u00e0 fogueira durante as trovoadas porque os povos acreditavam que assim protegiam as suas casas de serem destru\u00eddas pelos rel\u00e2mpagos de Thor.<\/li>\n<\/ul>\n<p>Veja mais em <a href=\"https:\/\/www.ateti.pt\/loja\/categoria\/higiene-e-limpeza\/higiene\/cabelo\/\">Cabelo<\/a><\/p>\n<\/div>\n<\/div>\n<\/div>\n<\/div>\n<\/div>\n<\/div>\n","protected":false},"excerpt":{"rendered":"<p>4.35\u20ac\/litro<\/p>\n","protected":false},"featured_media":31925,"comment_status":"closed","ping_status":"closed","template":"","meta":{"_themeisle_gutenberg_block_has_review":false},"product_brand":[],"product_cat":[203,211,190],"product_tag":[],"woo-feed-brand":[],"class_list":{"0":"post-16907","1":"product","2":"type-product","3":"status-publish","4":"has-post-thumbnail","6":"product_cat-beleza-e-higiene","7":"product_cat-cabelo","8":"product_cat-desinfetantes-e-limpeza","9":"ts_product_brand-palmolive-naturals","11":"first","12":"instock","13":"sale","14":"taxable","15":"shipping-taxable","16":"purchasable","17":"product-type-simple"},"_links":{"self":[{"href":"https:\/\/www.ateti.pt\/loja\/wp-json\/wp\/v2\/product\/16907","targetHints":{"allow":["GET"]}}],"collection":[{"href":"https:\/\/www.ateti.pt\/loja\/wp-json\/wp\/v2\/product"}],"about":[{"href":"https:\/\/www.ateti.pt\/loja\/wp-json\/wp\/v2\/types\/product"}],"replies":[{"embeddable":true,"href":"https:\/\/www.ateti.pt\/loja\/wp-json\/wp\/v2\/comments?post=16907"}],"wp:featuredmedia":[{"embeddable":true,"href":"https:\/\/www.ateti.pt\/loja\/wp-json\/wp\/v2\/media\/31925"}],"wp:attachment":[{"href":"https:\/\/www.ateti.pt\/loja\/wp-json\/wp\/v2\/media?parent=16907"}],"wp:term":[{"taxonomy":"product_brand","embeddable":true,"href":"https:\/\/www.ateti.pt\/loja\/wp-json\/wp\/v2\/product_brand?post=16907"},{"taxonomy":"product_cat","embeddable":true,"href":"https:\/\/www.ateti.pt\/loja\/wp-json\/wp\/v2\/product_cat?post=16907"},{"taxonomy":"product_tag","embeddable":true,"href":"https:\/\/www.ateti.pt\/loja\/wp-json\/wp\/v2\/product_tag?post=16907"},{"taxonomy":"woo-feed-brand","embeddable":true,"href":"https:\/\/www.ateti.pt\/loja\/wp-json\/wp\/v2\/woo-feed-brand?post=16907"}],"curies":[{"name":"wp","href":"https:\/\/api.w.org\/{rel}","templated":true}]}}