{"id":16835,"date":"2025-10-20T15:52:32","date_gmt":"2025-10-20T14:52:32","guid":{"rendered":"https:\/\/www.ateti.pt\/loja\/?post_type=product&#038;p=16835"},"modified":"2026-01-20T12:40:00","modified_gmt":"2026-01-20T12:40:00","slug":"capsulas-buondi-dolce-gusto-30un","status":"publish","type":"product","link":"https:\/\/www.ateti.pt\/loja\/produto\/capsulas-buondi-dolce-gusto-30un\/","title":{"rendered":"Caf\u00e9 Buondi 30 C\u00e1psulas Dolce Gusto"},"content":{"rendered":"<p><strong>Caf\u00e9 Buondi <\/strong><strong>Dolce Gusto<\/strong><\/p>\n<p><strong>Intensidade:<\/strong>\u00a08<\/p>\n<p><strong>Peso L\u00edquido:<\/strong> 408 g<\/p>\n<p><strong>Lista de Ingredientes:<\/strong>\u00a0Caf\u00e9 torrado (ingrediente \u00fanico)<\/p>\n<p><strong>Origem:<\/strong>\u00a0Mat\u00e9ria prima oriunda de Cameroon, Uganda, Col\u00f4mbia, Brasil e Vietname.<\/p>\n<p>Conservar em local fresco e seco.<\/p>\n<p>Descubra <strong>Caf\u00e9 Buondi <\/strong><strong>Dolce Gusto <\/strong>um expresso com car\u00e1cter, inspirado nos caf\u00e9s portugueses.<\/p>\n<p>Um blend rico e intenso de 3 continentes, selecionado a partir de uma combina\u00e7\u00e3o das quentes Robustas Africanas com o corpo das Robustas do Vietname e os aromas frutados das Ar\u00e1bicas da Col\u00f4mbia.<\/p>\n<p>Um expresso com creme dourado envolto num corpo aveludado, com aromas ricos da groselha negra e notas apimentadas.<\/p>\n<p>Delicie-se com o saboroso NESCAF\u00c9\u00ae Dolce Gusto\u00ae BUONDI\u00ae no conforto de sua casa, a qualquer hora do dia.<\/p>\n<p>Com o sistema NESCAF\u00c9 Dolce Gusto de m\u00e1quinas, caf\u00e9s e bebidas, pode saborear mais de 20 cria\u00e7\u00f5es de caf\u00e9. Descubra uma sele\u00e7\u00e3o de fortes Ristrettos, Expressos intensos, caf\u00e9s longos e encorpados, Cappuccinos e Latte Machiatos cremosos, ou at\u00e9 mesmo chocolates quentes, ch\u00e1s e bebidas frias.<\/p>\n<p>Pode criar caf\u00e9s de alta qualidade com cremes aveludados devido ao sistema de alta press\u00e3o das m\u00e1quinas de caf\u00e9 NESCAF\u00c9 Dolce Gusto.<\/p>\n<p>Com as c\u00e1psulas hermeticamente seladas que preservam todos os aromas, ir\u00e1 desfrutar de uma deliciosa bebida arom\u00e1tica em cada ch\u00e1vena no conforto de sua casa.<\/p>\n<p><strong>Quantidade:<\/strong> 30 c\u00e1psulas de caf\u00e9<\/p>\n<p>Veja mais em <a href=\"https:\/\/www.ateti.pt\/loja\/categoria\/cafe-em-capsula\/\">C\u00e1psulas de Caf\u00e9 Dolce Gusto<\/a><\/p>\n","protected":false},"excerpt":{"rendered":"<p>0,30\u20ac\/unidade<\/p>\n<p><strong>Intensidade:<\/strong>\u00a08<\/p>\n<p><strong>Quantidade:<\/strong> 30 c\u00e1psulas de caf\u00e9<\/p>\n<p>&nbsp;<\/p>\n<p>&nbsp;<\/p>\n","protected":false},"featured_media":33156,"comment_status":"closed","ping_status":"closed","template":"","meta":{"_themeisle_gutenberg_block_has_review":false},"product_brand":[],"product_cat":[117,18,138,257],"product_tag":[],"woo-feed-brand":[758],"class_list":{"0":"post-16835","1":"product","2":"type-product","3":"status-publish","4":"has-post-thumbnail","6":"product_cat-cafe-em-capsula","7":"product_cat-capsulas-dolce-gusto","8":"product_cat-originais-e-compativeis-dg","9":"product_cat-original","10":"ts_product_brand-dolce-gusto","11":"woo-feed-brand-dolce-gusto","13":"first","14":"instock","15":"sale","16":"taxable","17":"shipping-taxable","18":"purchasable","19":"product-type-simple"},"_links":{"self":[{"href":"https:\/\/www.ateti.pt\/loja\/wp-json\/wp\/v2\/product\/16835","targetHints":{"allow":["GET"]}}],"collection":[{"href":"https:\/\/www.ateti.pt\/loja\/wp-json\/wp\/v2\/product"}],"about":[{"href":"https:\/\/www.ateti.pt\/loja\/wp-json\/wp\/v2\/types\/product"}],"replies":[{"embeddable":true,"href":"https:\/\/www.ateti.pt\/loja\/wp-json\/wp\/v2\/comments?post=16835"}],"wp:featuredmedia":[{"embeddable":true,"href":"https:\/\/www.ateti.pt\/loja\/wp-json\/wp\/v2\/media\/33156"}],"wp:attachment":[{"href":"https:\/\/www.ateti.pt\/loja\/wp-json\/wp\/v2\/media?parent=16835"}],"wp:term":[{"taxonomy":"product_brand","embeddable":true,"href":"https:\/\/www.ateti.pt\/loja\/wp-json\/wp\/v2\/product_brand?post=16835"},{"taxonomy":"product_cat","embeddable":true,"href":"https:\/\/www.ateti.pt\/loja\/wp-json\/wp\/v2\/product_cat?post=16835"},{"taxonomy":"product_tag","embeddable":true,"href":"https:\/\/www.ateti.pt\/loja\/wp-json\/wp\/v2\/product_tag?post=16835"},{"taxonomy":"woo-feed-brand","embeddable":true,"href":"https:\/\/www.ateti.pt\/loja\/wp-json\/wp\/v2\/woo-feed-brand?post=16835"}],"curies":[{"name":"wp","href":"https:\/\/api.w.org\/{rel}","templated":true}]}}