{"id":16831,"date":"2024-06-01T10:47:05","date_gmt":"2024-06-01T09:47:05","guid":{"rendered":"https:\/\/www.ateti.pt\/loja\/?post_type=product&#038;p=16831"},"modified":"2026-04-23T16:27:27","modified_gmt":"2026-04-23T15:27:27","slug":"capsulas-ristretto-ardenza-dolce-gusto-30un","status":"publish","type":"product","link":"https:\/\/www.ateti.pt\/loja\/produto\/capsulas-ristretto-ardenza-dolce-gusto-30un\/","title":{"rendered":"Caf\u00e9 Ristretto Ardenza 30 C\u00e1psulas Dolce Gusto"},"content":{"rendered":"<p><strong>Caf\u00e9 Ristretto Ardenza <\/strong><strong>Dolce Gusto<\/strong><\/p>\n<p><em>Intenso com extra creme<\/em><\/p>\n<p><strong>Intensidade:<\/strong>\u00a011<\/p>\n<p><strong>Peso L\u00edquido:<\/strong> 408 g<\/p>\n<p><strong>Lista de Ingredientes:<\/strong>\u00a0Caf\u00e9 torrado (ingrediente \u00fanico)<\/p>\n<p><strong>Origem:<\/strong> Mat\u00e9ria prima oriunda da Col\u00f4mbia, Eti\u00f3pia e Vietname.<\/p>\n<p>Conservar em local fresco e seco.<\/p>\n<p>Descubra <strong>Caf\u00e9 Ristretto Ardenza <\/strong><strong>Dolce Gusto,\u00a0<\/strong> um expresso ardente, poderoso e impressionante.<\/p>\n<p>Um caf\u00e9 que resulta numa mistura envolvente de frutos secos doces, notas de alca\u00e7uz e bagas de zimbro com um toque apimentado que perdura no paladar.<br \/>\nSinta-se envolvido no calor deste intenso caf\u00e9 de corpo poderoso e deixe-se cativar pelo toque apimentado libertado pelo seu creme denso e dourado.<\/p>\n<p>De intensidade 11, este \u00e9 um dos caf\u00e9s expressos mais intensos dos blends de caf\u00e9s NESCAF\u00c9\u00ae Dolce Gusto\u00ae. Delicie-se com o saboroso NESCAF\u00c9\u00ae Dolce Gusto\u00ae Ristretto Ardenza no conforto de sua casa, a qualquer hora do dia.<\/p>\n<p>Com o sistema NESCAF\u00c9 Dolce Gusto de m\u00e1quinas, caf\u00e9s e bebidas, pode saborear mais de 20 cria\u00e7\u00f5es de caf\u00e9. Descubra uma sele\u00e7\u00e3o de fortes Ristrettos, Expressos intensos, caf\u00e9s longos e encorpados, Cappuccinos e Latte Machiatos cremosos, ou at\u00e9 mesmo chocolates quentes, ch\u00e1s e bebidas frias.<\/p>\n<p>Pode criar caf\u00e9s de alta qualidade com cremes aveludados devido ao sistema de alta press\u00e3o das m\u00e1quinas de caf\u00e9 NESCAF\u00c9 Dolce Gusto.<\/p>\n<p>Com as c\u00e1psulas hermeticamente seladas que preservam todos os aromas, ir\u00e1 desfrutar de uma deliciosa bebida arom\u00e1tica em cada ch\u00e1vena no conforto de sua casa<\/p>\n<p><strong>Quantidade:<\/strong> 30 c\u00e1psulas<\/p>\n<p>Veja mais em <a href=\"https:\/\/www.ateti.pt\/loja\/categoria\/cafe-em-capsula\/capsulas-dolce-gusto\/\">Caf\u00e9 em C\u00e1psula<\/a><\/p>\n","protected":false},"excerpt":{"rendered":"<p>0.33\u20ac\/un<\/p>\n<p>&nbsp;<\/p>\n","protected":false},"featured_media":33158,"comment_status":"closed","ping_status":"closed","template":"","meta":{"_themeisle_gutenberg_block_has_review":false},"product_brand":[],"product_cat":[117,18,138,257],"product_tag":[],"woo-feed-brand":[],"class_list":{"0":"post-16831","1":"product","2":"type-product","3":"status-publish","4":"has-post-thumbnail","6":"product_cat-cafe-em-capsula","7":"product_cat-capsulas-dolce-gusto","8":"product_cat-originais-e-compativeis-dg","9":"product_cat-original","10":"ts_product_brand-dolce-gusto","12":"first","13":"instock","14":"sale","15":"taxable","16":"shipping-taxable","17":"purchasable","18":"product-type-simple"},"_links":{"self":[{"href":"https:\/\/www.ateti.pt\/loja\/wp-json\/wp\/v2\/product\/16831","targetHints":{"allow":["GET"]}}],"collection":[{"href":"https:\/\/www.ateti.pt\/loja\/wp-json\/wp\/v2\/product"}],"about":[{"href":"https:\/\/www.ateti.pt\/loja\/wp-json\/wp\/v2\/types\/product"}],"replies":[{"embeddable":true,"href":"https:\/\/www.ateti.pt\/loja\/wp-json\/wp\/v2\/comments?post=16831"}],"wp:featuredmedia":[{"embeddable":true,"href":"https:\/\/www.ateti.pt\/loja\/wp-json\/wp\/v2\/media\/33158"}],"wp:attachment":[{"href":"https:\/\/www.ateti.pt\/loja\/wp-json\/wp\/v2\/media?parent=16831"}],"wp:term":[{"taxonomy":"product_brand","embeddable":true,"href":"https:\/\/www.ateti.pt\/loja\/wp-json\/wp\/v2\/product_brand?post=16831"},{"taxonomy":"product_cat","embeddable":true,"href":"https:\/\/www.ateti.pt\/loja\/wp-json\/wp\/v2\/product_cat?post=16831"},{"taxonomy":"product_tag","embeddable":true,"href":"https:\/\/www.ateti.pt\/loja\/wp-json\/wp\/v2\/product_tag?post=16831"},{"taxonomy":"woo-feed-brand","embeddable":true,"href":"https:\/\/www.ateti.pt\/loja\/wp-json\/wp\/v2\/woo-feed-brand?post=16831"}],"curies":[{"name":"wp","href":"https:\/\/api.w.org\/{rel}","templated":true}]}}