{"id":16827,"date":"2024-06-01T10:38:45","date_gmt":"2024-06-01T09:38:45","guid":{"rendered":"https:\/\/www.ateti.pt\/loja\/?post_type=product&#038;p=16827"},"modified":"2025-10-20T16:20:02","modified_gmt":"2025-10-20T15:20:02","slug":"capsulas-sical-dolce-gusto-30un","status":"publish","type":"product","link":"https:\/\/www.ateti.pt\/loja\/produto\/capsulas-sical-dolce-gusto-30un\/","title":{"rendered":"Caf\u00e9 Sical 30 C\u00e1psulas Dolce Gusto"},"content":{"rendered":"<p><strong><span style=\"font-size: 16px;\">Caf\u00e9 Sical <\/span><\/strong><strong>Dolce Gusto\u00a0<\/strong><\/p>\n<p><strong>Intensidade:<\/strong>\u00a07<\/p>\n<p><strong>Peso L\u00edquido:<\/strong> 408 g<\/p>\n<p><strong>Lista de Ingredientes:<\/strong>\u00a0Caf\u00e9 torrado (ingrediente \u00fanico)<\/p>\n<p><strong>Origem:<\/strong>\u00a0Mat\u00e9ria prima oriunda do Honduras, Brasil, Vietname e Col\u00f4mbia.<\/p>\n<p>Conservar em local fresco e seco.<\/p>\n<p>Descubra <strong><span style=\"font-size: 16px;\">Caf\u00e9 Sical <\/span><\/strong><strong>Dolce Gusto\u00a0<\/strong>, um caf\u00e9 expresso inspirado nos caf\u00e9 portugueses.<\/p>\n<p>Um blend cuidadosamente selecionado com gr\u00e3os de caf\u00e9 Ar\u00e1bica e Robusta, que equilibra os aromas frutados , com notas subtis apimentadas e de chocolate preto.<\/p>\n<p>Um caf\u00e9 expresso curto e encorpado finalizado com um creme denso e aveludado.<\/p>\n<p>Delicie-se com o saboroso <strong><span style=\"font-size: 16px;\">Caf\u00e9 Dolce Gusto<\/span><\/strong>\u00a0no conforto de sua casa, a qualquer hora do dia.<\/p>\n<p>Com o sistema NESCAF\u00c9 Dolce Gusto de m\u00e1quinas, caf\u00e9s e bebidas, pode saborear mais de 20 cria\u00e7\u00f5es de caf\u00e9. Descubra uma sele\u00e7\u00e3o de fortes Ristrettos, Expressos intensos, caf\u00e9s longos e encorpados, Cappuccinos e Latte Machiatos cremosos, ou at\u00e9 mesmo chocolates quentes, ch\u00e1s e bebidas frias.<\/p>\n<p>Pode criar caf\u00e9s de alta qualidade com cremes aveludados devido ao sistema de alta press\u00e3o das m\u00e1quinas de caf\u00e9 NESCAF\u00c9 Dolce Gusto.<\/p>\n<p>Com as c\u00e1psulas hermeticamente seladas que preservam todos os aromas, ir\u00e1 desfrutar de uma deliciosa bebida arom\u00e1tica em cada ch\u00e1vena no conforto de sua casa.<\/p>\n<p><strong>Quantidade:<\/strong> 30un.<\/p>\n<p>Veja mais em <a href=\"https:\/\/www.ateti.pt\/loja\/categoria\/cafe-em-capsula\/capsulas-dolce-gusto\/\">Dolce Gusto<\/a><\/p>\n","protected":false},"excerpt":{"rendered":"<p>0.30\u20ac\/un<\/p>\n<p>&nbsp;<\/p>\n<p>&nbsp;<\/p>\n","protected":false},"featured_media":65783,"comment_status":"closed","ping_status":"closed","template":"","meta":{"_themeisle_gutenberg_block_has_review":false},"product_brand":[],"product_cat":[117,18,138,257],"product_tag":[],"woo-feed-brand":[],"class_list":{"0":"post-16827","1":"product","2":"type-product","3":"status-publish","4":"has-post-thumbnail","6":"product_cat-cafe-em-capsula","7":"product_cat-capsulas-dolce-gusto","8":"product_cat-originais-e-compativeis-dg","9":"product_cat-original","10":"ts_product_brand-dolce-gusto","12":"first","13":"instock","14":"sale","15":"taxable","16":"shipping-taxable","17":"purchasable","18":"product-type-simple"},"_links":{"self":[{"href":"https:\/\/www.ateti.pt\/loja\/wp-json\/wp\/v2\/product\/16827","targetHints":{"allow":["GET"]}}],"collection":[{"href":"https:\/\/www.ateti.pt\/loja\/wp-json\/wp\/v2\/product"}],"about":[{"href":"https:\/\/www.ateti.pt\/loja\/wp-json\/wp\/v2\/types\/product"}],"replies":[{"embeddable":true,"href":"https:\/\/www.ateti.pt\/loja\/wp-json\/wp\/v2\/comments?post=16827"}],"wp:featuredmedia":[{"embeddable":true,"href":"https:\/\/www.ateti.pt\/loja\/wp-json\/wp\/v2\/media\/65783"}],"wp:attachment":[{"href":"https:\/\/www.ateti.pt\/loja\/wp-json\/wp\/v2\/media?parent=16827"}],"wp:term":[{"taxonomy":"product_brand","embeddable":true,"href":"https:\/\/www.ateti.pt\/loja\/wp-json\/wp\/v2\/product_brand?post=16827"},{"taxonomy":"product_cat","embeddable":true,"href":"https:\/\/www.ateti.pt\/loja\/wp-json\/wp\/v2\/product_cat?post=16827"},{"taxonomy":"product_tag","embeddable":true,"href":"https:\/\/www.ateti.pt\/loja\/wp-json\/wp\/v2\/product_tag?post=16827"},{"taxonomy":"woo-feed-brand","embeddable":true,"href":"https:\/\/www.ateti.pt\/loja\/wp-json\/wp\/v2\/woo-feed-brand?post=16827"}],"curies":[{"name":"wp","href":"https:\/\/api.w.org\/{rel}","templated":true}]}}