{"id":16819,"date":"2020-05-18T11:23:30","date_gmt":"2020-05-18T10:23:30","guid":{"rendered":"https:\/\/www.ateti.pt\/loja\/?post_type=product&#038;p=16819"},"modified":"2025-12-03T10:22:52","modified_gmt":"2025-12-03T10:22:52","slug":"agua-mineral-alcalina-monchique-1-5-ml","status":"publish","type":"product","link":"https:\/\/www.ateti.pt\/loja\/produto\/agua-mineral-alcalina-monchique-1-5-ml\/","title":{"rendered":"\u00c1gua Mineral Alcalina Monchique 1.5L"},"content":{"rendered":"<p>\u00c1gua Mineral Alcalina Monchique 1.5L \u00e9 um segredo de sa\u00fade, vitalidade e longevidade.<\/p>\n<p><strong>Quantidade:<\/strong> 1,5L<\/p>\n<div>\n<p><strong>Uma \u00e1gua mineral:<\/strong><\/p>\n<\/div>\n<div>\n<ul>\n<li>100% natural<\/li>\n<\/ul>\n<\/div>\n<div>\n<ul>\n<li>Alcalina com um pH de 9,5.<\/li>\n<\/ul>\n<\/div>\n<div>\n<ul>\n<li>Anti-oxidante natural com o valor de ORP de -137 mV na origem.<\/li>\n<\/ul>\n<\/div>\n<div><strong>Benef\u00edcios:<\/strong><\/div>\n<div>\n<ul>\n<li>A eleg\u00e2ncia e sofistica\u00e7\u00e3o das nossas embalagens novas ser\u00e3o um valor acrescentado significativo \u00e0 decora\u00e7\u00e3o da sua mesa de almo\u00e7o ou jantar, da sua secret\u00e1ria de trabalho ou da sua cabeceira de cama.<\/li>\n<li>Na gama PET (pl\u00e1stico certificado para uso alimentar), todas as garrafas incorporam 30% de RPET (pl\u00e1stico reciclado) e a nossa ambi\u00e7\u00e3o \u00e9 chegar aos 100% no futuro pr\u00f3ximo.<\/li>\n<\/ul>\n<p><strong>Ingredientes:<\/strong><\/p>\n<p>100% \u00c1gua Mineral Natural.<\/p>\n<p><strong>Informa\u00e7\u00f5es:<\/strong><\/p>\n<p>Bicarbonato &#8211; 116 mg\/L; Fluoreto &#8211; 1,2 mg\/L; C\u00e1lcio &#8211; 1,1 mg\/L; S\u00f3dio &#8211; 115 mg\/L; pH &#8211; 9,5; S\u00edlica &#8211; 8,5 mg\/L; Res\u00edduo Seco (180\u00baC) &#8211; 296 mg\/L <strong>\u00a0<\/strong><\/p>\n<p><strong>Informa\u00e7\u00f5es Gerais:<\/strong><\/p>\n<p>Deve proteger a sua \u00c1gua Mineral Alcalina Monchique 1.5L\u00a0 da luz solar, manter em lugar fresco, seco e sem odores.<\/p>\n<p>&nbsp;<\/p>\n<p>Veja mais em <a href=\"https:\/\/www.ateti.pt\/loja\/categoria\/ate-ti-negocios\/alimentacao-office\/bebidas-alimentacao-office\/\" target=\"_blank\" rel=\"noopener\">Bebidas\u00a0<\/a>na Categoria At\u00e9 Ti Neg\u00f3cios.<\/p>\n<p>Pode ainda encontrar no At\u00e9 Ti produtos com descontos at\u00e9 50% na Categoria\u00a0<a href=\"https:\/\/www.ateti.pt\/loja\/categoria\/outlet-ate-50\/\" target=\"_blank\" rel=\"noopener\">Outlet ate 50%<\/a>.<\/p>\n<p>Fa\u00e7a as suas compras no seu supermercado online At\u00e9 Ti e receba a sua encomenda comodamente em casa, no trabalho ou onde quiser.<\/p>\n<\/div>\n<div><\/div>\n","protected":false},"excerpt":{"rendered":"<p>0.53\u20ac\/lt<\/p>\n<p>Segredo de sa\u00fade, vitalidade e longevidade.<\/p>\n","protected":false},"featured_media":60960,"comment_status":"closed","ping_status":"closed","template":"","meta":{"_themeisle_gutenberg_block_has_review":false},"product_brand":[],"product_cat":[162,542,250,158,687],"product_tag":[],"woo-feed-brand":[],"class_list":{"0":"post-16819","1":"product","2":"type-product","3":"status-publish","4":"has-post-thumbnail","6":"product_cat-aguas","7":"product_cat-alimentacao-office","8":"product_cat-ate-ti-negocios","9":"product_cat-bebidas","10":"product_cat-bebidas-alimentacao-office","11":"ts_product_brand-monchique","13":"first","14":"instock","15":"sale","16":"taxable","17":"shipping-taxable","18":"purchasable","19":"product-type-simple"},"_links":{"self":[{"href":"https:\/\/www.ateti.pt\/loja\/wp-json\/wp\/v2\/product\/16819","targetHints":{"allow":["GET"]}}],"collection":[{"href":"https:\/\/www.ateti.pt\/loja\/wp-json\/wp\/v2\/product"}],"about":[{"href":"https:\/\/www.ateti.pt\/loja\/wp-json\/wp\/v2\/types\/product"}],"replies":[{"embeddable":true,"href":"https:\/\/www.ateti.pt\/loja\/wp-json\/wp\/v2\/comments?post=16819"}],"wp:featuredmedia":[{"embeddable":true,"href":"https:\/\/www.ateti.pt\/loja\/wp-json\/wp\/v2\/media\/60960"}],"wp:attachment":[{"href":"https:\/\/www.ateti.pt\/loja\/wp-json\/wp\/v2\/media?parent=16819"}],"wp:term":[{"taxonomy":"product_brand","embeddable":true,"href":"https:\/\/www.ateti.pt\/loja\/wp-json\/wp\/v2\/product_brand?post=16819"},{"taxonomy":"product_cat","embeddable":true,"href":"https:\/\/www.ateti.pt\/loja\/wp-json\/wp\/v2\/product_cat?post=16819"},{"taxonomy":"product_tag","embeddable":true,"href":"https:\/\/www.ateti.pt\/loja\/wp-json\/wp\/v2\/product_tag?post=16819"},{"taxonomy":"woo-feed-brand","embeddable":true,"href":"https:\/\/www.ateti.pt\/loja\/wp-json\/wp\/v2\/woo-feed-brand?post=16819"}],"curies":[{"name":"wp","href":"https:\/\/api.w.org\/{rel}","templated":true}]}}