{"id":16682,"date":"2015-07-02T00:00:45","date_gmt":"2015-07-01T23:00:45","guid":{"rendered":"https:\/\/www.ateti.pt\/loja\/?post_type=product&#038;p=16682"},"modified":"2026-03-30T10:32:13","modified_gmt":"2026-03-30T09:32:13","slug":"desinfectante-para-roupa-sanytol-500-ml","status":"publish","type":"product","link":"https:\/\/www.ateti.pt\/loja\/produto\/desinfectante-para-roupa-sanytol-500-ml\/","title":{"rendered":"Desinfetante para Roupa 500ml Sanytol"},"content":{"rendered":"<h5>Desinfetante para Roupa Sanytol<\/h5>\n<p>Desinfetante para Roupa Sanytol, com a sua f\u00f3rmula \u00fanica, desinfeta a sua roupa mesmo a baixas temperaturas, destruindo eficazmente os micr\u00f3bios respons\u00e1veis pelos maus odores. Para todas as pe\u00e7as de roupa branca e de cor (algod\u00e3o, sint\u00e9ticas, l\u00e3, seda,&#8230;). N\u00e3o cont\u00e9m lix\u00edvia nem ingredientes que possam danificar as fibras e as cores. Ideal para roupa interior (lingerie, meias, slips, camisolas\u2026 ), roupa de beb\u00e9 e de crian\u00e7as (body, babetes, cuecas\u2026 ), roupa de casa (toalhas, panos de cozinha, len\u00e7\u00f3is, \u2026 ), t\u00eaxteis em contacto com pessoas doentes, t\u00eaxteis delicados que n\u00e3o suportam a lavagem a altas temperaturas e t\u00eaxteis em contacto com animais.<\/p>\n<h5><b>CONSELHOS DE UTILIZA\u00c7\u00c3O:<\/b><\/h5>\n<p>Compat\u00edvel com qualquer tipo de detergente (l\u00edquido, em p\u00f3, concentrado,&#8230;).<\/p>\n<p><b>Utiliza\u00e7\u00e3o na m\u00e1quina:<\/b><\/p>\n<p>&#8211; Verter 45 ml no compartimento do amaciador.<\/p>\n<p>&#8211; Programar o ciclo de lavagem habitual.<\/p>\n<p><b>Utiliza\u00e7\u00e3o \u00e0 m\u00e3o:<\/b><\/p>\n<p>&#8211; Verter 20 ml (1\/2 tampa) por cada 3,5litros de \u00e1gua (na \u00faltima \u00e1gua de enxaguamento).<\/p>\n<p>&#8211; Deixar atuar 15 minutos.<\/p>\n<p>&#8211; Enxaguar ligeiramente.<\/p>\n<p>N\u00e3o usar amaciador na lavagem, uma vez que os biocidas do produto podem perder o seu efeito. Respeite sempre as recomenda\u00e7\u00f5es de lavagem indicadas na etiqueta da roupa.<\/p>\n<p>Veja mais produtos em <a href=\"https:\/\/www.ateti.pt\/loja\/categoria\/higiene-e-limpeza\/\">Higiene &amp; Limpeza<\/a><\/p>\n<p>Quantidade: 500mL<\/p>\n<p>&nbsp;<\/p>\n","protected":false},"excerpt":{"rendered":"<p>9.98\u20ac\/lt<\/p>\n","protected":false},"featured_media":32574,"comment_status":"closed","ping_status":"closed","template":"","meta":{"_themeisle_gutenberg_block_has_review":false},"product_brand":[],"product_cat":[224,190,204,265,208],"product_tag":[],"woo-feed-brand":[],"class_list":{"0":"post-16682","1":"product","2":"type-product","3":"status-publish","4":"has-post-thumbnail","6":"product_cat-desinfetantes","7":"product_cat-desinfetantes-e-limpeza","8":"product_cat-limpeza","9":"product_cat-promocoes-outlet-ate-50-desconto-supermercado-online-ate-ti","10":"product_cat-roupa","11":"ts_product_brand-sanytol","13":"first","14":"instock","15":"sale","16":"taxable","17":"shipping-taxable","18":"purchasable","19":"product-type-simple"},"_links":{"self":[{"href":"https:\/\/www.ateti.pt\/loja\/wp-json\/wp\/v2\/product\/16682","targetHints":{"allow":["GET"]}}],"collection":[{"href":"https:\/\/www.ateti.pt\/loja\/wp-json\/wp\/v2\/product"}],"about":[{"href":"https:\/\/www.ateti.pt\/loja\/wp-json\/wp\/v2\/types\/product"}],"replies":[{"embeddable":true,"href":"https:\/\/www.ateti.pt\/loja\/wp-json\/wp\/v2\/comments?post=16682"}],"wp:featuredmedia":[{"embeddable":true,"href":"https:\/\/www.ateti.pt\/loja\/wp-json\/wp\/v2\/media\/32574"}],"wp:attachment":[{"href":"https:\/\/www.ateti.pt\/loja\/wp-json\/wp\/v2\/media?parent=16682"}],"wp:term":[{"taxonomy":"product_brand","embeddable":true,"href":"https:\/\/www.ateti.pt\/loja\/wp-json\/wp\/v2\/product_brand?post=16682"},{"taxonomy":"product_cat","embeddable":true,"href":"https:\/\/www.ateti.pt\/loja\/wp-json\/wp\/v2\/product_cat?post=16682"},{"taxonomy":"product_tag","embeddable":true,"href":"https:\/\/www.ateti.pt\/loja\/wp-json\/wp\/v2\/product_tag?post=16682"},{"taxonomy":"woo-feed-brand","embeddable":true,"href":"https:\/\/www.ateti.pt\/loja\/wp-json\/wp\/v2\/woo-feed-brand?post=16682"}],"curies":[{"name":"wp","href":"https:\/\/api.w.org\/{rel}","templated":true}]}}