{"id":16672,"date":"2015-08-22T07:20:51","date_gmt":"2015-08-22T06:20:51","guid":{"rendered":"https:\/\/www.ateti.pt\/loja\/?post_type=product&#038;p=16672"},"modified":"2026-03-30T10:32:13","modified_gmt":"2026-03-30T09:32:13","slug":"desinfectante-e-desodorizante-para-texteis-sanytol-500-ml","status":"publish","type":"product","link":"https:\/\/www.ateti.pt\/loja\/produto\/desinfectante-e-desodorizante-para-texteis-sanytol-500-ml\/","title":{"rendered":"Desinfetante e Desodorizante para T\u00eaxteis 500ml Sanytol"},"content":{"rendered":"<p><strong>Desinfetante e Desodorizante para T\u00eaxteis Sanytol<\/strong><\/p>\n<p>Quantidade: 500ml<\/p>\n<p>As bact\u00e9rias e fungos nos tecidos, s\u00e3o respons\u00e1veis pelos odores desagrad\u00e1veis e podem transmitir doen\u00e7as ou causar irrita\u00e7\u00f5es de pele. O Desinfetante e Desodorizante para T\u00eaxteis Sanytol elimina bact\u00e9rias, v\u00edrus e fungos. A f\u00f3rmula tamb\u00e9m elimina odores desagrad\u00e1veis e traz de volta aos seus tecidos, a frescura da roupa limpa.<\/p>\n<p>Elimina 99,9% das bact\u00e9rias, fungos e v\u00edrus. Desinfeta e limpa sem lix\u00edvia. Absorve e destr\u00f3i odores, eliminando a sua causa (micr\u00f3bios). N\u00e3o mancha, respeita os tecidos. Agrad\u00e1vel aroma a roupa limpa. Ideal para tecidos dif\u00edceis de lavar.<\/p>\n<p>&nbsp;<\/p>\n<p>Veja mais produtos em <a href=\"https:\/\/www.ateti.pt\/loja\/categoria\/higiene-e-limpeza\/\">Higiene &amp; Limpeza<\/a><\/p>\n","protected":false},"excerpt":{"rendered":"<p>11.98\u20ac\/L<\/p>\n","protected":false},"featured_media":79212,"comment_status":"closed","ping_status":"closed","template":"","meta":{"_themeisle_gutenberg_block_has_review":false},"product_brand":[],"product_cat":[224,190,204,265],"product_tag":[],"woo-feed-brand":[],"class_list":{"0":"post-16672","1":"product","2":"type-product","3":"status-publish","4":"has-post-thumbnail","6":"product_cat-desinfetantes","7":"product_cat-desinfetantes-e-limpeza","8":"product_cat-limpeza","9":"product_cat-promocoes-outlet-ate-50-desconto-supermercado-online-ate-ti","10":"ts_product_brand-sanytol","12":"first","13":"instock","14":"sale","15":"taxable","16":"shipping-taxable","17":"purchasable","18":"product-type-simple"},"_links":{"self":[{"href":"https:\/\/www.ateti.pt\/loja\/wp-json\/wp\/v2\/product\/16672","targetHints":{"allow":["GET"]}}],"collection":[{"href":"https:\/\/www.ateti.pt\/loja\/wp-json\/wp\/v2\/product"}],"about":[{"href":"https:\/\/www.ateti.pt\/loja\/wp-json\/wp\/v2\/types\/product"}],"replies":[{"embeddable":true,"href":"https:\/\/www.ateti.pt\/loja\/wp-json\/wp\/v2\/comments?post=16672"}],"wp:featuredmedia":[{"embeddable":true,"href":"https:\/\/www.ateti.pt\/loja\/wp-json\/wp\/v2\/media\/79212"}],"wp:attachment":[{"href":"https:\/\/www.ateti.pt\/loja\/wp-json\/wp\/v2\/media?parent=16672"}],"wp:term":[{"taxonomy":"product_brand","embeddable":true,"href":"https:\/\/www.ateti.pt\/loja\/wp-json\/wp\/v2\/product_brand?post=16672"},{"taxonomy":"product_cat","embeddable":true,"href":"https:\/\/www.ateti.pt\/loja\/wp-json\/wp\/v2\/product_cat?post=16672"},{"taxonomy":"product_tag","embeddable":true,"href":"https:\/\/www.ateti.pt\/loja\/wp-json\/wp\/v2\/product_tag?post=16672"},{"taxonomy":"woo-feed-brand","embeddable":true,"href":"https:\/\/www.ateti.pt\/loja\/wp-json\/wp\/v2\/woo-feed-brand?post=16672"}],"curies":[{"name":"wp","href":"https:\/\/api.w.org\/{rel}","templated":true}]}}