{"id":16607,"date":"2020-05-14T16:41:31","date_gmt":"2020-05-14T15:41:31","guid":{"rendered":"https:\/\/www.ateti.pt\/loja\/?post_type=product&#038;p=16607"},"modified":"2025-04-22T20:50:44","modified_gmt":"2025-04-22T19:50:44","slug":"limpa-moveis-limpa-bem-300ml","status":"publish","type":"product","link":"https:\/\/www.ateti.pt\/loja\/produto\/limpa-moveis-limpa-bem-300ml\/","title":{"rendered":"Limpa M\u00f3veis 300ml Limpa Bem"},"content":{"rendered":"<h5>Limpa M\u00f3veis Limpa Bem<\/h5>\n<p>Quantidade: 300mL<\/p>\n<p class=\"Standard\">O Limpa M\u00f3veis Limpa Bem, \u00e9 formulado com ceras suaves e um antiest\u00e1tico que permite limpar e tratar rapidamente os seus m\u00f3veis, facilitando a tarefa de limpar o p\u00f3.<\/p>\n<p class=\"Standard\">Com o antiest\u00e1tico n\u00e3o se acumula tanto p\u00f3 nos seus m\u00f3veis sendo as limpezas mais duradouras e espa\u00e7adas. O Limpa M\u00f3veis Limpa Bem, produzida com ceras especiais, deixa os seus m\u00f3veis limpos e tratados, eliminando manchas de sujidade.<\/p>\n<p class=\"Standard\"><strong>Modo de utiliza\u00e7\u00e3o: <\/strong>Agite a embalagem antes de a utilizar. Use-a na vertical ou levemente inclinada, guardando uma dist\u00e2ncia de 20 cm do local e pulverizar. Passe um pano macio pela superf\u00edcie a limpar e d\u00ea uma segunda aplica\u00e7\u00e3o quando necess\u00e1rio. Em m\u00f3veis com vernizes especiais, fa\u00e7a um pequeno teste lateral antes da utiliza\u00e7\u00e3o geral.<\/p>\n<p class=\"Standard\">Manter fora do alcance das crian\u00e7as.<\/p>\n<p class=\"Standard\">Recipiente sob press\u00e3o. Proteger dos raios solares e n\u00e3o expor a uma temperatura superior a 50\u00baC. N\u00e3o furar ou queimar esta embalagem mesmo ap\u00f3s utiliza\u00e7\u00e3o. N\u00e3o vaporizar para uma chama ou corpo incandescente. Manter afastado de qualquer chama ou fonte de igni\u00e7\u00e3o. N\u00e3o fumar. N\u00e3o respirar os aerosois.<\/p>\n<p class=\"Standard\">Nocivo: para os organismos aqu\u00e1ticos, podendo causar efeitos nefastos a longo prazo no ambiente aqu\u00e1tico. Cont\u00e9m entre outros ingredientes: tencioativos n\u00e3o i\u00f3nicos menos 5% hidrocarbonetos alifaticos entre 15% e menos 30%.<\/p>\n<p class=\"Standard\"><strong>Composi\u00e7\u00e3o: <\/strong>mistura aquosa de Emuls\u00e3o, Ess\u00eancia, KLE-cera, \u00f3leo de silicone, \u00f3leo branco, \u00e1gua, isobutano, derivados de propano\/butano. Aerosol propulsionado por g\u00e1s liquefeito de petr\u00f3leo.<\/p>\n<p>Veja mais em <a href=\"https:\/\/www.ateti.pt\/loja\/categoria\/higiene-e-limpeza\/limpeza\/\">Limpeza<\/a><\/p>\n","protected":false},"excerpt":{"rendered":"<p>5.30\u20ac\/L<\/p>\n","protected":false},"featured_media":60735,"comment_status":"closed","ping_status":"closed","template":"","meta":{"_themeisle_gutenberg_block_has_review":false},"product_brand":[],"product_cat":[190,233,204],"product_tag":[],"woo-feed-brand":[],"class_list":{"0":"post-16607","1":"product","2":"type-product","3":"status-publish","4":"has-post-thumbnail","6":"product_cat-desinfetantes-e-limpeza","7":"product_cat-diversos-limpeza","8":"product_cat-limpeza","9":"ts_product_brand-limpa-bem","11":"first","12":"instock","13":"taxable","14":"shipping-taxable","15":"purchasable","16":"product-type-simple"},"_links":{"self":[{"href":"https:\/\/www.ateti.pt\/loja\/wp-json\/wp\/v2\/product\/16607","targetHints":{"allow":["GET"]}}],"collection":[{"href":"https:\/\/www.ateti.pt\/loja\/wp-json\/wp\/v2\/product"}],"about":[{"href":"https:\/\/www.ateti.pt\/loja\/wp-json\/wp\/v2\/types\/product"}],"replies":[{"embeddable":true,"href":"https:\/\/www.ateti.pt\/loja\/wp-json\/wp\/v2\/comments?post=16607"}],"wp:featuredmedia":[{"embeddable":true,"href":"https:\/\/www.ateti.pt\/loja\/wp-json\/wp\/v2\/media\/60735"}],"wp:attachment":[{"href":"https:\/\/www.ateti.pt\/loja\/wp-json\/wp\/v2\/media?parent=16607"}],"wp:term":[{"taxonomy":"product_brand","embeddable":true,"href":"https:\/\/www.ateti.pt\/loja\/wp-json\/wp\/v2\/product_brand?post=16607"},{"taxonomy":"product_cat","embeddable":true,"href":"https:\/\/www.ateti.pt\/loja\/wp-json\/wp\/v2\/product_cat?post=16607"},{"taxonomy":"product_tag","embeddable":true,"href":"https:\/\/www.ateti.pt\/loja\/wp-json\/wp\/v2\/product_tag?post=16607"},{"taxonomy":"woo-feed-brand","embeddable":true,"href":"https:\/\/www.ateti.pt\/loja\/wp-json\/wp\/v2\/woo-feed-brand?post=16607"}],"curies":[{"name":"wp","href":"https:\/\/api.w.org\/{rel}","templated":true}]}}