{"id":16553,"date":"2020-05-14T15:56:02","date_gmt":"2020-05-14T14:56:02","guid":{"rendered":"https:\/\/www.ateti.pt\/loja\/?post_type=product&#038;p=16553"},"modified":"2026-02-25T07:43:07","modified_gmt":"2026-02-25T07:43:07","slug":"pelicula-aderente-trato-real-50m","status":"publish","type":"product","link":"https:\/\/www.ateti.pt\/loja\/produto\/pelicula-aderente-trato-real-50m\/","title":{"rendered":"Pel\u00edcula Aderente Trato Real 50m"},"content":{"rendered":"<p><strong>Pel\u00edcula Aderente Trato Real<\/strong><\/p>\n<p>Comprimento: 50m<\/p>\n<p>Pel\u00edcula aderente<br \/>\nO filme transparente Pel\u00edcula Aderente Trato Real 50m est\u00e1 indicado para a conserva\u00e7\u00e3o dos alimentos e evita as transfer\u00eancia de cheiros entre alimentos ou dentro do frigor\u00edfico.<\/p>\n<p>Precau\u00e7\u00f5es:<br \/>\nManter fora do alcance das crian\u00e7as. N\u00e3o expor a fontes de calor com chama<\/p>\n","protected":false},"excerpt":{"rendered":"<p>0.04\u20ac\/metro<\/p>\n","protected":false},"featured_media":43424,"comment_status":"closed","ping_status":"closed","template":"","meta":{"_themeisle_gutenberg_block_has_review":false},"product_brand":[],"product_cat":[192,190],"product_tag":[],"woo-feed-brand":[],"class_list":{"0":"post-16553","1":"product","2":"type-product","3":"status-publish","4":"has-post-thumbnail","6":"product_cat-acessorios-de-cozinha-casa-de-banho","7":"product_cat-desinfetantes-e-limpeza","8":"ts_product_brand-trato-real","10":"first","11":"instock","12":"taxable","13":"shipping-taxable","14":"purchasable","15":"product-type-simple"},"_links":{"self":[{"href":"https:\/\/www.ateti.pt\/loja\/wp-json\/wp\/v2\/product\/16553","targetHints":{"allow":["GET"]}}],"collection":[{"href":"https:\/\/www.ateti.pt\/loja\/wp-json\/wp\/v2\/product"}],"about":[{"href":"https:\/\/www.ateti.pt\/loja\/wp-json\/wp\/v2\/types\/product"}],"replies":[{"embeddable":true,"href":"https:\/\/www.ateti.pt\/loja\/wp-json\/wp\/v2\/comments?post=16553"}],"wp:featuredmedia":[{"embeddable":true,"href":"https:\/\/www.ateti.pt\/loja\/wp-json\/wp\/v2\/media\/43424"}],"wp:attachment":[{"href":"https:\/\/www.ateti.pt\/loja\/wp-json\/wp\/v2\/media?parent=16553"}],"wp:term":[{"taxonomy":"product_brand","embeddable":true,"href":"https:\/\/www.ateti.pt\/loja\/wp-json\/wp\/v2\/product_brand?post=16553"},{"taxonomy":"product_cat","embeddable":true,"href":"https:\/\/www.ateti.pt\/loja\/wp-json\/wp\/v2\/product_cat?post=16553"},{"taxonomy":"product_tag","embeddable":true,"href":"https:\/\/www.ateti.pt\/loja\/wp-json\/wp\/v2\/product_tag?post=16553"},{"taxonomy":"woo-feed-brand","embeddable":true,"href":"https:\/\/www.ateti.pt\/loja\/wp-json\/wp\/v2\/woo-feed-brand?post=16553"}],"curies":[{"name":"wp","href":"https:\/\/api.w.org\/{rel}","templated":true}]}}