{"id":16373,"date":"2020-05-08T08:13:31","date_gmt":"2020-05-08T07:13:31","guid":{"rendered":"https:\/\/www.ateti.pt\/loja\/?post_type=product&#038;p=16373"},"modified":"2026-02-24T10:37:58","modified_gmt":"2026-02-24T10:37:58","slug":"fraldas-dodot-activity-t5-11-17kg-42unid","status":"publish","type":"product","link":"https:\/\/www.ateti.pt\/loja\/produto\/fraldas-dodot-activity-t5-11-17kg-42unid\/","title":{"rendered":"Fraldas Dodot Activity T5 11 a 17kg 42un"},"content":{"rendered":"<p><strong>Fraldas Dodot Activity T5 11\/17kg<\/strong><\/p>\n<p>Quantidade: 42unid<\/p>\n<p><strong>Curiosidade:<\/strong> A Dodot entende que cuidar do desenvolvimento feliz e saud\u00e1vel dos beb\u00e9s inclui cuidar do mundo onde eles crescem. Estamos continuamente a inovar para reduzir a pegada ambiental dos nossos produtos e embalagens.<\/p>\n<h4>O que a fralda cont\u00e9m:<\/h4>\n<p>-Adesivo<\/p>\n<p>-Celulose<\/p>\n<p>-El\u00e1sticos<\/p>\n<p>-Pigmentos<\/p>\n<p>-Polietileno e polipropileno<\/p>\n<p>-Materiais sens\u00edveis ao pH<\/p>\n<p>-Poli\u00e9ster<\/p>\n<p class=\"rich-text-text\">-Pol\u00edmeros de poliacrilato<\/p>\n<p>-Petrolato<\/p>\n<p>-\u00c1lcool Estear\u00edlico<\/p>\n<p>-Parafina L\u00edquida<\/p>\n<p>-Extrato de folha de Aloe barbadensis<\/p>\n<h4><strong>Benef\u00edcios<\/strong><\/h4>\n<div class=\"pbf-list \">\n<div class=\"sc-dFJsGO guuobf product-features pure\" data-cy=\"product-features\">\n<div class=\"pbf-wrapper\">\n<div class=\"pbf-box pbf-box--top\">\n<div class=\"pbf-desc \">\n<div class=\"pbf-desc--details\">\n<div class=\"title\"><strong>C\u00f3modo ajuste 3D<\/strong><\/div>\n<p>Ajusta-se \u00e0s pernas, cintura e rabinho para evitar as fugas onde mais ocorrem.<\/p>\n<\/div>\n<\/div>\n<\/div>\n<\/div>\n<\/div>\n<div class=\"sc-dFJsGO guuobf product-features pure\" data-cy=\"product-features\">\n<div class=\"pbf-wrapper\">\n<div class=\"pbf-box pbf-box--left\">\n<div class=\"pbf-media \"><\/div>\n<div class=\"pbf-desc \">\n<div class=\"pbf-desc--details \">\n<div class=\"title\"><strong>Tiras mais resistentes<\/strong><\/div>\n<p>Para um melhor ajuste que se adapta a qualquer movimento do teu beb\u00e9 e ajuda a prevenir fugas.<\/p>\n<\/div>\n<\/div>\n<\/div>\n<\/div>\n<\/div>\n<\/div>\n<div class=\"pbf-header\">\n<p><strong>Prote\u00e7\u00e3o<\/strong><\/p>\n<div><\/div>\n<div class=\"pbf-header-subtitle \">A nossa m\u00e1xima prote\u00e7\u00e3o da pele<\/div>\n<\/div>\n<div class=\"pbf-list \">\n<div class=\"sc-dFJsGO guuobf product-features pure\" data-cy=\"product-features\">\n<div class=\"pbf-wrapper\">\n<div class=\"pbf-box pbf-box--right\">\n<div class=\"pbf-desc \">\n<div class=\"pbf-desc--details\">\n<div><\/div>\n<div class=\"title\">A nossa m\u00e1xima absor\u00e7\u00e3o<\/div>\n<p>Oferece a m\u00e1xima absor\u00e7\u00e3o de xixi e fezes l\u00edquidas da Dodot.<\/p>\n<\/div>\n<\/div>\n<\/div>\n<\/div>\n<\/div>\n<div class=\"sc-dFJsGO guuobf product-features pure\" data-cy=\"product-features\">\n<div class=\"pbf-wrapper\">\n<div class=\"pbf-box pbf-box--left\">\n<div class=\"pbf-desc \">\n<div class=\"pbf-desc--details \">\n<div class=\"title\"><strong>Exclusiva camada absorvente<\/strong><\/div>\n<p>Afasta a humidade da pele do beb\u00e9 para uma incr\u00edvel sensa\u00e7\u00e3o de secura.<\/p>\n<\/div>\n<\/div>\n<\/div>\n<\/div>\n<\/div>\n<div class=\"sc-dFJsGO guuobf product-features pure\" data-cy=\"product-features\">\n<div class=\"pbf-wrapper\">\n<div class=\"pbf-box pbf-box--right\">\n<div class=\"pbf-desc \">\n<div class=\"pbf-desc--details\">\n<div class=\"title\"><strong>Canais de ar<\/strong><\/div>\n<p>Canais de ar para uma pele seca e arejada.<\/p>\n<\/div>\n<\/div>\n<\/div>\n<\/div>\n<\/div>\n<\/div>\n<div class=\"pbf-header\">\n<p><strong>100% seguro<\/strong><\/p>\n<div><\/div>\n<div class=\"pbf-header-subtitle \">Fraldas testadas, que respeitam a pele do beb\u00e9.<\/div>\n<\/div>\n<div class=\"pbf-list \">\n<div class=\"sc-dFJsGO guuobf product-features pure\" data-cy=\"product-features\">\n<div class=\"pbf-wrapper\">\n<div class=\"pbf-box pbf-box--left\">\n<div class=\"pbf-desc \">\n<div class=\"pbf-desc--details \">\n<div><\/div>\n<div class=\"title\">Uma sele\u00e7\u00e3o rigorosa dos nossos ingredientes<\/div>\n<p>Trabalhando em colabora\u00e7\u00e3o com pediatras e toxicologistas.<\/p>\n<\/div>\n<\/div>\n<\/div>\n<\/div>\n<\/div>\n<\/div>\n<div class=\"pbf-header\">\n<p><strong>A seguran\u00e7a do beb\u00e9 em primeiro lugar.<\/strong><\/p>\n<div class=\"pbf-header-subtitle \"><\/div>\n<\/div>\n<div class=\"pbf-list pbf-list--is-quality-safety\">\n<div class=\"sc-dFJsGO guuobf product-features pure\" data-cy=\"product-features\">\n<div class=\"pbf-box pbf-box--left\">\n<div class=\"pbf-desc \">\n<div class=\"pbf-desc--details pbf-desc--detail_quality\">\n<div class=\"pbf-quality event_button_click\" data-action-detail=\"pdp_quality-safety-section_see-more\">\n<div class=\"title\">Testado dermatol\u00f3gica e clinicamente<\/div>\n<p>Assegurando a seguran\u00e7a das fraldas pela pele dos beb\u00e9s.<\/p>\n<\/div>\n<\/div>\n<\/div>\n<\/div>\n<\/div>\n<\/div>\n<div>Veja mais em <a href=\"https:\/\/www.ateti.pt\/loja\/categoria\/bebe-crianca\/higiene-bebe-crianca\/\">Higiene<\/a><\/div>\n<div><\/div>\n<div><\/div>\n","protected":false},"excerpt":{"rendered":"<p>0,33\u20ac\/unid<\/p>\n","protected":false},"featured_media":60758,"comment_status":"closed","ping_status":"closed","template":"","meta":{"_themeisle_gutenberg_block_has_review":false},"product_brand":[],"product_cat":[214,227],"product_tag":[],"woo-feed-brand":[],"class_list":{"0":"post-16373","1":"product","2":"type-product","3":"status-publish","4":"has-post-thumbnail","6":"product_cat-bebe-crianca","7":"product_cat-higiene-bebe-crianca","8":"ts_product_brand-dodot","10":"first","11":"instock","12":"taxable","13":"shipping-taxable","14":"purchasable","15":"product-type-simple"},"_links":{"self":[{"href":"https:\/\/www.ateti.pt\/loja\/wp-json\/wp\/v2\/product\/16373","targetHints":{"allow":["GET"]}}],"collection":[{"href":"https:\/\/www.ateti.pt\/loja\/wp-json\/wp\/v2\/product"}],"about":[{"href":"https:\/\/www.ateti.pt\/loja\/wp-json\/wp\/v2\/types\/product"}],"replies":[{"embeddable":true,"href":"https:\/\/www.ateti.pt\/loja\/wp-json\/wp\/v2\/comments?post=16373"}],"wp:featuredmedia":[{"embeddable":true,"href":"https:\/\/www.ateti.pt\/loja\/wp-json\/wp\/v2\/media\/60758"}],"wp:attachment":[{"href":"https:\/\/www.ateti.pt\/loja\/wp-json\/wp\/v2\/media?parent=16373"}],"wp:term":[{"taxonomy":"product_brand","embeddable":true,"href":"https:\/\/www.ateti.pt\/loja\/wp-json\/wp\/v2\/product_brand?post=16373"},{"taxonomy":"product_cat","embeddable":true,"href":"https:\/\/www.ateti.pt\/loja\/wp-json\/wp\/v2\/product_cat?post=16373"},{"taxonomy":"product_tag","embeddable":true,"href":"https:\/\/www.ateti.pt\/loja\/wp-json\/wp\/v2\/product_tag?post=16373"},{"taxonomy":"woo-feed-brand","embeddable":true,"href":"https:\/\/www.ateti.pt\/loja\/wp-json\/wp\/v2\/woo-feed-brand?post=16373"}],"curies":[{"name":"wp","href":"https:\/\/api.w.org\/{rel}","templated":true}]}}