{"id":16336,"date":"2020-05-07T13:34:00","date_gmt":"2020-05-07T12:34:00","guid":{"rendered":"https:\/\/www.ateti.pt\/loja\/?post_type=product&#038;p=16336"},"modified":"2025-12-22T17:45:56","modified_gmt":"2025-12-22T17:45:56","slug":"panado-de-porco-emb-congelados-neutura-1kg","status":"publish","type":"product","link":"https:\/\/www.ateti.pt\/loja\/produto\/panado-de-porco-emb-congelados-neutura-1kg\/","title":{"rendered":"Panado de Porco Congelados Neutura 1Kg"},"content":{"rendered":"<h5>Panado de Porco Congelados Neutura<\/h5>\n<p>Quantidade: 1Kg<\/p>\n<p>Sugest\u00e3o de receita<\/p>\n<h5>Panados com arroz de tomate<\/h5>\n<p><strong>Ingredientes:<\/strong><\/p>\n<p><span class=\"wpurp-recipe-ingredient-quantity\" data-normalized=\"400\" data-fraction=\"\" data-original=\"400\">400<\/span>\u00a0<span class=\"wpurp-recipe-ingredient-unit\" data-original=\"g\">g<\/span>\u00a0<span class=\"wpurp-recipe-ingredient-name\">de arroz carolino<\/span><\/p>\n<p><span class=\"wpurp-recipe-ingredient-quantity\" data-normalized=\"1\" data-fraction=\"\" data-original=\"1\">1<\/span>\u00a0<span class=\"wpurp-recipe-ingredient-name\">lata pequena de tomate em peda\u00e7os<\/span><\/p>\n<p><span class=\"wpurp-recipe-ingredient-quantity\" data-normalized=\"1\" data-fraction=\"\" data-original=\"1\">1<\/span>\u00a0<span class=\"wpurp-recipe-ingredient-name\">cebola<\/span><\/p>\n<p><span class=\"wpurp-recipe-ingredient-quantity\" data-normalized=\"3\" data-fraction=\"\" data-original=\"3\">3<\/span>\u00a0<span class=\"wpurp-recipe-ingredient-name\">dentes de alho<\/span><\/p>\n<p><span class=\"wpurp-recipe-ingredient-quantity\" data-normalized=\"0.5\" data-fraction=\"\" data-original=\"0,5\">0,5<\/span>\u00a0<span class=\"wpurp-recipe-ingredient-unit\" data-original=\"dl\">dl<\/span>\u00a0<span class=\"wpurp-recipe-ingredient-name\">de\u00a0azeite<\/span><\/p>\n<p><span class=\"wpurp-recipe-ingredient-name\">Coentros q.b.<\/span><\/p>\n<p><span class=\"wpurp-recipe-ingredient-name\">Sal e pimenta q.b.<\/span><\/p>\n<p><strong>Prepara\u00e7\u00e3o:<\/strong><\/p>\n<ol class=\"wpurp-recipe-instruction-container\">\n<li class=\"wpurp-recipe-instruction\">\n<div class=\"wpurp-rows\">\n<div class=\"wpurp-rows-row\"><span class=\"wpurp-recipe-instruction-text\">Prepare o arroz: descasque a cebola e os dentes de alho, pique-os finamente, coloque num tacho, regue com o azeite e deixe refogar. Junte o tomate e deixe refogar durante mais 3 minutos.<\/span><\/div>\n<\/div>\n<\/li>\n<li class=\"wpurp-recipe-instruction\">\n<div class=\"wpurp-rows\">\n<div class=\"wpurp-rows-row\"><span class=\"wpurp-recipe-instruction-text\">Acrescente o arroz e 1 litro de \u00e1gua a ferver, retifique os temperos e deixe cozinhar durante 20 minutos. Mexa de vez em quando e, se necess\u00e1rio, acrescente mais um pouco de \u00e1gua a ferver para que fique caldoso.<\/span><\/div>\n<\/div>\n<\/li>\n<\/ol>\n<p><strong>Bom apetite!<\/strong><\/p>\n<p>Veja mais em <a href=\"https:\/\/neutura.pt\/\">Neutura<\/a><\/p>\n<p>Veja mais em <a href=\"https:\/\/www.ateti.pt\/loja\/categoria\/congelados\/pre-cozinhados\/\">Pr\u00e9-Cozinhados Congelados<\/a><\/p>\n","protected":false},"excerpt":{"rendered":"<p>9.29\u20ac\/KG<\/p>\n","protected":false},"featured_media":60626,"comment_status":"closed","ping_status":"closed","template":"","meta":{"_themeisle_gutenberg_block_has_review":false},"product_brand":[],"product_cat":[177,183],"product_tag":[],"woo-feed-brand":[],"class_list":{"0":"post-16336","1":"product","2":"type-product","3":"status-publish","4":"has-post-thumbnail","6":"product_cat-congelados","7":"product_cat-pre-cozinhados","8":"ts_product_brand-neutura","10":"first","11":"instock","12":"taxable","13":"shipping-taxable","14":"purchasable","15":"product-type-simple"},"_links":{"self":[{"href":"https:\/\/www.ateti.pt\/loja\/wp-json\/wp\/v2\/product\/16336","targetHints":{"allow":["GET"]}}],"collection":[{"href":"https:\/\/www.ateti.pt\/loja\/wp-json\/wp\/v2\/product"}],"about":[{"href":"https:\/\/www.ateti.pt\/loja\/wp-json\/wp\/v2\/types\/product"}],"replies":[{"embeddable":true,"href":"https:\/\/www.ateti.pt\/loja\/wp-json\/wp\/v2\/comments?post=16336"}],"wp:featuredmedia":[{"embeddable":true,"href":"https:\/\/www.ateti.pt\/loja\/wp-json\/wp\/v2\/media\/60626"}],"wp:attachment":[{"href":"https:\/\/www.ateti.pt\/loja\/wp-json\/wp\/v2\/media?parent=16336"}],"wp:term":[{"taxonomy":"product_brand","embeddable":true,"href":"https:\/\/www.ateti.pt\/loja\/wp-json\/wp\/v2\/product_brand?post=16336"},{"taxonomy":"product_cat","embeddable":true,"href":"https:\/\/www.ateti.pt\/loja\/wp-json\/wp\/v2\/product_cat?post=16336"},{"taxonomy":"product_tag","embeddable":true,"href":"https:\/\/www.ateti.pt\/loja\/wp-json\/wp\/v2\/product_tag?post=16336"},{"taxonomy":"woo-feed-brand","embeddable":true,"href":"https:\/\/www.ateti.pt\/loja\/wp-json\/wp\/v2\/woo-feed-brand?post=16336"}],"curies":[{"name":"wp","href":"https:\/\/api.w.org\/{rel}","templated":true}]}}