{"id":16287,"date":"2020-05-07T10:57:40","date_gmt":"2020-05-07T10:57:40","guid":{"rendered":"https:\/\/www.ateti.pt\/loja\/?post_type=product&#038;p=16287"},"modified":"2026-04-16T21:34:55","modified_gmt":"2026-04-16T20:34:55","slug":"harpic-gel-lixivia-original-750ml","status":"publish","type":"product","link":"https:\/\/www.ateti.pt\/loja\/produto\/harpic-gel-lixivia-original-750ml\/","title":{"rendered":"Harpic Gel Lix\u00edvia Original 750mL"},"content":{"rendered":"<p><strong>Harpic Gel Lix\u00edvia Original<\/strong><\/p>\n<p>Quantidade: 750mL<\/p>\n<p>Harpic Gel Lix\u00edvia Original limpa e desinfeta profundamente. A sua f\u00f3rmula \u00e1 base de lix\u00edvia garnte um brilo e brancura do esmalte. Harpic Gel Lix\u00edvia proporciona tamb\u00e9m resultados incr\u00edveis na higien e brilho da sua sanita.<\/p>\n<p>Pode utilizar em fossas s\u00e9ticas.<\/p>\n<p>Recomenda-se o uso de luvas enquanto desinfeta e limpa a sanita.<br \/>\n1. Levante o tampo da sanita e direcione cuidadosamente o bocal da embalagem para o rebordo da sanita<br \/>\n2. Aperte a garrafa e aplique devagar em todo o rebordo da sanita, de modo a que todo o interior fique coberto<br \/>\n3. Para melhores resultados, deixe atuar durante 30 minutos. De seguida puxe o autoclismo e escove.<br \/>\n4. Para desinfetar, deixe atuar 60 minutos e de seguida puxe o autoclismo e escove.<br \/>\nLave sempre as m\u00e3os e a pele exposta depois de utilizar o produto.<\/p>\n<p><strong>Depois de usar:\u00a0<\/strong>garanta que o produto fica bem fechado. Conservar unicamente no recipiente de origem. Guardar na posi\u00e7\u00e3o vertical, em local fresco e seco afastado da luz solar direta, materiais incompat\u00edveis, comidas e bebidas.<\/p>\n<h4>Ingredientes por cada 100g de produto:<\/h4>\n<p>2g de hipoclorito de s\u00f3dio. Cont\u00e9m: \u00ab5%: Agentes de Branqueamento \u00e1 base de cloro, Tensoativos n\u00e3o-i\u00f3nicos.<\/p>\n<p>PERIGO. Cont\u00e9m \u00e1cido clor\u00eddrico. Provoca queimaduras na pele e les\u00f5es oculares graves. Pode ser corrosivo para os metais. Nocivo para os organismos aqu\u00e1ticos com efeitos duradouros.<\/p>\n<p><strong>Precau\u00e7\u00f5es:<\/strong><\/p>\n<p>Manter fora do alcance das crian\u00e7as. N\u00e3o ingerir. Se entrar em contacto com os olhos: enxaguar cuidadosamente com \u00e1gua durante alguns minutos. Se usar lentes de contacto, retire-as, se lhe for poss\u00edvel.<\/p>\n<p>Veja mais em <a href=\"https:\/\/www.ateti.pt\/loja\/categoria\/higiene-e-limpeza\/limpeza\/\">Limpeza<\/a><\/p>\n","protected":false},"excerpt":{"rendered":"<p>2.92\u20ac\/lt<\/p>\n","protected":false},"featured_media":60729,"comment_status":"closed","ping_status":"closed","template":"","meta":{"_themeisle_gutenberg_block_has_review":false},"product_brand":[],"product_cat":[210,190,204],"product_tag":[],"woo-feed-brand":[],"class_list":{"0":"post-16287","1":"product","2":"type-product","3":"status-publish","4":"has-post-thumbnail","6":"product_cat-casa-de-banho","7":"product_cat-desinfetantes-e-limpeza","8":"product_cat-limpeza","9":"ts_product_brand-harpic","11":"first","12":"outofstock","13":"taxable","14":"shipping-taxable","15":"purchasable","16":"product-type-simple"},"_links":{"self":[{"href":"https:\/\/www.ateti.pt\/loja\/wp-json\/wp\/v2\/product\/16287","targetHints":{"allow":["GET"]}}],"collection":[{"href":"https:\/\/www.ateti.pt\/loja\/wp-json\/wp\/v2\/product"}],"about":[{"href":"https:\/\/www.ateti.pt\/loja\/wp-json\/wp\/v2\/types\/product"}],"replies":[{"embeddable":true,"href":"https:\/\/www.ateti.pt\/loja\/wp-json\/wp\/v2\/comments?post=16287"}],"wp:featuredmedia":[{"embeddable":true,"href":"https:\/\/www.ateti.pt\/loja\/wp-json\/wp\/v2\/media\/60729"}],"wp:attachment":[{"href":"https:\/\/www.ateti.pt\/loja\/wp-json\/wp\/v2\/media?parent=16287"}],"wp:term":[{"taxonomy":"product_brand","embeddable":true,"href":"https:\/\/www.ateti.pt\/loja\/wp-json\/wp\/v2\/product_brand?post=16287"},{"taxonomy":"product_cat","embeddable":true,"href":"https:\/\/www.ateti.pt\/loja\/wp-json\/wp\/v2\/product_cat?post=16287"},{"taxonomy":"product_tag","embeddable":true,"href":"https:\/\/www.ateti.pt\/loja\/wp-json\/wp\/v2\/product_tag?post=16287"},{"taxonomy":"woo-feed-brand","embeddable":true,"href":"https:\/\/www.ateti.pt\/loja\/wp-json\/wp\/v2\/woo-feed-brand?post=16287"}],"curies":[{"name":"wp","href":"https:\/\/api.w.org\/{rel}","templated":true}]}}