{"id":16282,"date":"2020-05-07T10:45:46","date_gmt":"2020-05-07T10:45:46","guid":{"rendered":"https:\/\/www.ateti.pt\/loja\/?post_type=product&#038;p=16282"},"modified":"2025-10-15T12:15:52","modified_gmt":"2025-10-15T11:15:52","slug":"tira-gorduras-mistolin-545ml","status":"publish","type":"product","link":"https:\/\/www.ateti.pt\/loja\/produto\/tira-gorduras-mistolin-545ml\/","title":{"rendered":"Tira Gorduras Mistolin 545mL"},"content":{"rendered":"<p><strong>Tira Gorduras Mistolin<\/strong><\/p>\n<p>Quantidade: 545mL<\/p>\n<p><b>Descri\u00e7\u00e3o:<\/b><\/p>\n<p>Mistolin \u00e9 uma marca portuguesa, pensada para simplificar e ajudar nas tarefas dif\u00edceis de limpeza da casa. A sua f\u00f3rmula \u00e9 \u00fanica e imbat\u00edvel na limpeza de gorduras e sujidades mais dif\u00edceis. Indicado para a limpeza de todo o tipo de pe\u00e7as e superf\u00edcies gordurosas, manchas dif\u00edceis, sujidades incrustadas e carbonizadas. Dispon\u00edvel em pistola e recarga para reutiliza\u00e7\u00e3o do produto.<\/p>\n<p><b>Benef\u00edcios:<\/b><\/p>\n<p>\u2022 Desengordurante de alto rendimento e efic\u00e1cia;<\/p>\n<p>\u2022 Facilita a limpeza no dia-a-dia;<\/p>\n<p>\u2022 Limpa gorduras e sujidades mais dif\u00edceis;<\/p>\n<p>\u2022 Real\u00e7a o brilho do a\u00e7o inoxid\u00e1vel.<\/p>\n<p><b>Modo de utiliza\u00e7\u00e3o:<\/b><\/p>\n<p>Especialmente eficaz na limpeza de bicos de g\u00e1s, grelhas, azulejos, exaustores, panelas, frigideiras, fog\u00f5es, fornos, bancadas, grades, entre outros. Real\u00e7a o brilho do a\u00e7o inoxid\u00e1vel. Para a limpeza de utens\u00edlios dom\u00e9sticos, pulverizar as superf\u00edcies a limpar com o Mistolin Tira Gorduras, deixar atuar durante 2-3 minutos, enxaguando de seguida.<\/p>\n<p><b>Precau\u00e7\u00f5es:<\/b><\/p>\n<p>Nas superf\u00edcies sens\u00edveis teste primeiro o produto numa \u00e1rea mais reservada. Consulte sempre as indica\u00e7\u00f5es de seguran\u00e7a no contra-r\u00f3tulo.<\/p>\n<p>Veja mais em <a href=\"https:\/\/www.ateti.pt\/loja\/categoria\/higiene-e-limpeza\/limpeza\/cozinha\/\">Cozinha<\/a><\/p>\n","protected":false},"excerpt":{"rendered":"<p>5.12\u20ac\/lt<\/p>\n","protected":false},"featured_media":60728,"comment_status":"closed","ping_status":"closed","template":"","meta":{"_themeisle_gutenberg_block_has_review":false},"product_brand":[],"product_cat":[209,190,204],"product_tag":[],"woo-feed-brand":[],"class_list":{"0":"post-16282","1":"product","2":"type-product","3":"status-publish","4":"has-post-thumbnail","6":"product_cat-cozinha","7":"product_cat-desinfetantes-e-limpeza","8":"product_cat-limpeza","9":"ts_product_brand-mistolin","11":"first","12":"instock","13":"taxable","14":"shipping-taxable","15":"purchasable","16":"product-type-simple"},"_links":{"self":[{"href":"https:\/\/www.ateti.pt\/loja\/wp-json\/wp\/v2\/product\/16282","targetHints":{"allow":["GET"]}}],"collection":[{"href":"https:\/\/www.ateti.pt\/loja\/wp-json\/wp\/v2\/product"}],"about":[{"href":"https:\/\/www.ateti.pt\/loja\/wp-json\/wp\/v2\/types\/product"}],"replies":[{"embeddable":true,"href":"https:\/\/www.ateti.pt\/loja\/wp-json\/wp\/v2\/comments?post=16282"}],"wp:featuredmedia":[{"embeddable":true,"href":"https:\/\/www.ateti.pt\/loja\/wp-json\/wp\/v2\/media\/60728"}],"wp:attachment":[{"href":"https:\/\/www.ateti.pt\/loja\/wp-json\/wp\/v2\/media?parent=16282"}],"wp:term":[{"taxonomy":"product_brand","embeddable":true,"href":"https:\/\/www.ateti.pt\/loja\/wp-json\/wp\/v2\/product_brand?post=16282"},{"taxonomy":"product_cat","embeddable":true,"href":"https:\/\/www.ateti.pt\/loja\/wp-json\/wp\/v2\/product_cat?post=16282"},{"taxonomy":"product_tag","embeddable":true,"href":"https:\/\/www.ateti.pt\/loja\/wp-json\/wp\/v2\/product_tag?post=16282"},{"taxonomy":"woo-feed-brand","embeddable":true,"href":"https:\/\/www.ateti.pt\/loja\/wp-json\/wp\/v2\/woo-feed-brand?post=16282"}],"curies":[{"name":"wp","href":"https:\/\/api.w.org\/{rel}","templated":true}]}}