{"id":16273,"date":"2020-05-07T10:27:01","date_gmt":"2020-05-07T09:27:01","guid":{"rendered":"https:\/\/www.ateti.pt\/loja\/?post_type=product&#038;p=16273"},"modified":"2026-02-06T18:55:13","modified_gmt":"2026-02-06T18:55:13","slug":"massa-esparguete-tricolor-milaneza-500g","status":"publish","type":"product","link":"https:\/\/www.ateti.pt\/loja\/produto\/massa-esparguete-tricolor-milaneza-500g\/","title":{"rendered":"Massa Esparguete Tricolor Milaneza 500g"},"content":{"rendered":"<p><strong>Massa Esparguete Tricolor Milaneza<\/strong><strong>\u00a0<\/strong><\/p>\n<p>Quantidade: 500g<\/p>\n<p>Massas aliment\u00edcias de qualidade superior com tomate e espinafre.<\/p>\n<p><strong>Ingredientes:<\/strong> S\u00eamola de trigo duro, tomate em p\u00f3 0,9% e espinafre em p\u00f3 0,7%. Pode conter vest\u00edgios de ovo.<\/p>\n<p><strong>Declara\u00e7\u00e3o nutricional (por 100g):<\/strong> Energia: 1502kj\/354kcal: L\u00edpidos: 1,7g; dos quais Saturados: 0,4g; Hidratos de Carbono: 70g; dos quais A\u00e7ucares: 6g; Fibra: 3,5g; Prote\u00ednas: 13g; Sal: 0,02g.<\/p>\n<p>As massas Milaneza s\u00e3o adoradas por toda a gente.<\/p>\n<p>A Milaneza \u00e9 a massa n\u00ba 1 em Portugal.<\/p>\n<p>As raz\u00f5es deste sucesso s\u00e3o simples: uma rigorosa sele\u00e7\u00e3o dos melhores trigos duros e uma moderna tecnologia de fabrico, o que origina uma massa extremamente saborosa que agrada a todos.<\/p>\n<p>O Esparguete Tricolor \u00e9 a vers\u00e3o sofisticada daquela que \u00e9 o formato de massa mais conhecido de todos. Com tomate e espinafres j\u00e1 incorporados, \u00e9 ideal para dar vida a qualquer cozinhado.<\/p>\n<h5>TEMPO DE COZEDURA:<\/h5>\n<p><strong>Al dente:<\/strong>\u00a07 minutos<\/p>\n<p><strong>Suave:<\/strong>\u00a09 minutos<\/p>\n<h4>Como preparar esparguete tricolor<\/h4>\n<p>Sugest\u00e3o de receita<\/p>\n<h5>Esparguete tricolor com am\u00eaijoa, coentros e lim\u00e3o<\/h5>\n<p><strong>Ingredientes:<\/strong><\/p>\n<ul>\n<li>250 g de <a href=\"https:\/\/www.ateti.pt\/loja\/categoria\/mercearia\/arrozemassas\/\">Massa Esparguete Tricolor Milaneza<\/a><\/li>\n<li>1,2 kg de<a href=\"https:\/\/www.ateti.pt\/loja\/categoria\/congelados\/peixeemarisco\/\"> Am\u00eaijoas<\/a><\/li>\n<li>5 <a href=\"https:\/\/www.ateti.pt\/loja\/categoria\/frutas-e-legumes\/legumes-frescos\/\">dentes de alho<\/a> laminado<\/li>\n<li>50 g de <a href=\"https:\/\/www.ateti.pt\/loja\/categoria\/refrigerados\/lacticinios\/manteigas-e-cremes-vegetais\/\">manteiga sem sal<\/a><\/li>\n<li>1 folha de <a href=\"https:\/\/www.ateti.pt\/loja\/categoria\/mercearia\/temperos-e-molhos\/\">louro<\/a><\/li>\n<li>0,5 dl de<a href=\"https:\/\/www.ateti.pt\/loja\/categoria\/frutas-e-legumes\/frutas-frescas\/\"> lim\u00e3o<\/a><\/li>\n<li>1 dl de <a href=\"https:\/\/www.ateti.pt\/loja\/categoria\/mercearia\/azeiteseoleos\/\">Azeite virgem extra<\/a><\/li>\n<li><a href=\"https:\/\/www.ateti.pt\/loja\/categoria\/mercearia\/temperos-e-molhos\/\">Coentros<\/a> q.b.<\/li>\n<li><a href=\"https:\/\/www.ateti.pt\/loja\/categoria\/mercearia\/temperos-e-molhos\/\">Sal\u00a0<\/a> q.b.<\/li>\n<li><a href=\"https:\/\/www.ateti.pt\/loja\/categoria\/mercearia\/temperos-e-molhos\/\">Pimenta de moinho<\/a> q.b.<\/li>\n<\/ul>\n<p><strong>Prepara\u00e7\u00e3o:<\/strong><\/p>\n<p>Coza o Esparguete Tricolor em \u00e1gua temperada de sal marinho, escorra e envolva com um fio de azeite.<\/p>\n<p>\u00c0 parte, coloque as am\u00eaijoas num tacho tapado ao lume com um fio de azeite, o alho e o louro.<\/p>\n<p>Quando as am\u00eaijoas abrirem, adicione o esparguete e ligue com a manteiga.<\/p>\n<p>Envolva tudo muito bem, perfume com sumo de lim\u00e3o e coentros.<\/p>\n<p>Bom apetite!<\/p>\n<p>Veja mais em <a href=\"https:\/\/www.ateti.pt\/loja\/categoria\/mercearia\/arrozemassas\/\">Arroz e Massas<\/a><\/p>\n","protected":false},"excerpt":{"rendered":"<p>2.78\u20ac\/kg<\/p>\n","protected":false},"featured_media":60246,"comment_status":"closed","ping_status":"closed","template":"","meta":{"_themeisle_gutenberg_block_has_review":false},"product_brand":[],"product_cat":[187,891,132],"product_tag":[],"woo-feed-brand":[],"class_list":{"0":"post-16273","1":"product","2":"type-product","3":"status-publish","4":"has-post-thumbnail","6":"product_cat-arrozemassas","7":"product_cat-iva-zero","8":"product_cat-mercearia","9":"ts_product_brand-milaneza","11":"first","12":"instock","13":"taxable","14":"shipping-taxable","15":"purchasable","16":"product-type-simple"},"_links":{"self":[{"href":"https:\/\/www.ateti.pt\/loja\/wp-json\/wp\/v2\/product\/16273","targetHints":{"allow":["GET"]}}],"collection":[{"href":"https:\/\/www.ateti.pt\/loja\/wp-json\/wp\/v2\/product"}],"about":[{"href":"https:\/\/www.ateti.pt\/loja\/wp-json\/wp\/v2\/types\/product"}],"replies":[{"embeddable":true,"href":"https:\/\/www.ateti.pt\/loja\/wp-json\/wp\/v2\/comments?post=16273"}],"wp:featuredmedia":[{"embeddable":true,"href":"https:\/\/www.ateti.pt\/loja\/wp-json\/wp\/v2\/media\/60246"}],"wp:attachment":[{"href":"https:\/\/www.ateti.pt\/loja\/wp-json\/wp\/v2\/media?parent=16273"}],"wp:term":[{"taxonomy":"product_brand","embeddable":true,"href":"https:\/\/www.ateti.pt\/loja\/wp-json\/wp\/v2\/product_brand?post=16273"},{"taxonomy":"product_cat","embeddable":true,"href":"https:\/\/www.ateti.pt\/loja\/wp-json\/wp\/v2\/product_cat?post=16273"},{"taxonomy":"product_tag","embeddable":true,"href":"https:\/\/www.ateti.pt\/loja\/wp-json\/wp\/v2\/product_tag?post=16273"},{"taxonomy":"woo-feed-brand","embeddable":true,"href":"https:\/\/www.ateti.pt\/loja\/wp-json\/wp\/v2\/woo-feed-brand?post=16273"}],"curies":[{"name":"wp","href":"https:\/\/api.w.org\/{rel}","templated":true}]}}