{"id":16219,"date":"2020-05-07T09:19:33","date_gmt":"2020-05-07T08:19:33","guid":{"rendered":"https:\/\/www.ateti.pt\/loja\/?post_type=product&#038;p=16219"},"modified":"2026-01-09T16:40:03","modified_gmt":"2026-01-09T16:40:03","slug":"bicarbonato-de-sodio-margao-80-gr","status":"publish","type":"product","link":"https:\/\/www.ateti.pt\/loja\/produto\/bicarbonato-de-sodio-margao-80-gr\/","title":{"rendered":"Bicarbonato de S\u00f3dio 60g Marg\u00e3o"},"content":{"rendered":"<p><strong>Bicarbonato de S\u00f3dio 60g Marg\u00e3o<\/strong><\/p>\n<p><strong>Quantidade:<\/strong> 80g<\/p>\n<p>O bicarbonato de s\u00f3dio \u00e9 um composto com variadas utiliza\u00e7\u00f5es na culin\u00e1ria, sendo o seu sabor ligeiramente alcalino.<\/p>\n<p>Sugest\u00e3o de utiliza\u00e7\u00e3o:<\/p>\n<p>Junte o bicarbonato de s\u00f3dio \u00e0 \u00e1gua da cozedura das hortali\u00e7as, para manter o seu aspecto verde e fresco.<\/p>\n<p>Para aumentar a temperatura do banho-maria, deite um pouco de bicarbonato de s\u00f3dio na \u00e1gua.<\/p>\n<p>Adicione na confec\u00e7\u00e3o de bolos, serve como fermento.<\/p>\n<p>Sugest\u00e3o de receita<\/p>\n<h5>Miminho de chocolate<\/h5>\n<p><strong>Ingredientes:<\/strong><\/p>\n<p>360g de <a href=\"https:\/\/www.ateti.pt\/loja\/categoria\/mercearia\/farinhaeacucares\/\">farinha<\/a><\/p>\n<p>250g de <a href=\"https:\/\/www.ateti.pt\/loja\/categoria\/mercearia\/farinhaeacucares\/\">a\u00e7\u00facar<\/a><\/p>\n<p>45g de <a href=\"https:\/\/www.ateti.pt\/loja\/categoria\/mercearia\/chocolates-biscoitos-e-cereais\/chocolates\/\">cacau em p\u00f3<\/a><\/p>\n<p>200ml de <a href=\"https:\/\/www.ateti.pt\/loja\/categoria\/mercearia\/azeiteseoleos\/\">\u00f3leo<\/a><\/p>\n<p>2 colheres de sopa de\u00a0 <strong>Bicarbonato de S\u00f3dio 60g Marg\u00e3o<\/strong><\/p>\n<p><a href=\"https:\/\/www.ateti.pt\/loja\/categoria\/mercearia\/temperos-e-molhos\/\">2 colheres de sopa de vinagre<\/a><\/p>\n<p>400 ml de \u00e1gua<\/p>\n<p>A\u00e7\u00facar em P\u00f3 (para decorar)<\/p>\n<p><strong>Prepara\u00e7\u00e3o:<\/strong><\/p>\n<div class=\"col-xs-12 col-md-12 step-content\">\n<p>1-Barre uma forma com \u00f3leo e polvilhe-a com farinha. Ligue o forno a 180\u00baC.<\/p>\n<\/div>\n<div class=\"col-xs-12 col-md-12 step-content\">\n<p>2-Numa tigela, misture a farinha com o a\u00e7\u00facar, o bicarbonato de s\u00f3dio e o cacau em p\u00f3. Junte o \u00f3leo, o vinagre e a \u00e1gua e bata muito bem. Verta na forma e leve ao forno durante 40 min.<\/p>\n<\/div>\n<div class=\"col-xs-12 col-md-12 step-content\">\n<p>3-Retire do forno, deixe arrefecer, desenforme e sirva cortado em fatias. Polvilhe com a\u00e7\u00facar em p\u00f3 e decore com chantilly e morangos.<\/p>\n<p>Bom apetite!<\/p>\n<p>Veja mais em <a href=\"https:\/\/www.ateti.pt\/loja\/categoria\/mercearia\/temperos-e-molhos\/\">Temperos e Molhos<\/a><\/p>\n<\/div>\n","protected":false},"excerpt":{"rendered":"<p>11.13\u20ac\/kg<\/p>\n","protected":false},"featured_media":54790,"comment_status":"closed","ping_status":"closed","template":"","meta":{"_themeisle_gutenberg_block_has_review":false},"product_brand":[],"product_cat":[132,174],"product_tag":[],"woo-feed-brand":[],"class_list":{"0":"post-16219","1":"product","2":"type-product","3":"status-publish","4":"has-post-thumbnail","6":"product_cat-mercearia","7":"product_cat-temperos-e-molhos","8":"ts_product_brand-margao","10":"first","11":"instock","12":"sale","13":"taxable","14":"shipping-taxable","15":"purchasable","16":"product-type-simple"},"_links":{"self":[{"href":"https:\/\/www.ateti.pt\/loja\/wp-json\/wp\/v2\/product\/16219","targetHints":{"allow":["GET"]}}],"collection":[{"href":"https:\/\/www.ateti.pt\/loja\/wp-json\/wp\/v2\/product"}],"about":[{"href":"https:\/\/www.ateti.pt\/loja\/wp-json\/wp\/v2\/types\/product"}],"replies":[{"embeddable":true,"href":"https:\/\/www.ateti.pt\/loja\/wp-json\/wp\/v2\/comments?post=16219"}],"wp:featuredmedia":[{"embeddable":true,"href":"https:\/\/www.ateti.pt\/loja\/wp-json\/wp\/v2\/media\/54790"}],"wp:attachment":[{"href":"https:\/\/www.ateti.pt\/loja\/wp-json\/wp\/v2\/media?parent=16219"}],"wp:term":[{"taxonomy":"product_brand","embeddable":true,"href":"https:\/\/www.ateti.pt\/loja\/wp-json\/wp\/v2\/product_brand?post=16219"},{"taxonomy":"product_cat","embeddable":true,"href":"https:\/\/www.ateti.pt\/loja\/wp-json\/wp\/v2\/product_cat?post=16219"},{"taxonomy":"product_tag","embeddable":true,"href":"https:\/\/www.ateti.pt\/loja\/wp-json\/wp\/v2\/product_tag?post=16219"},{"taxonomy":"woo-feed-brand","embeddable":true,"href":"https:\/\/www.ateti.pt\/loja\/wp-json\/wp\/v2\/woo-feed-brand?post=16219"}],"curies":[{"name":"wp","href":"https:\/\/api.w.org\/{rel}","templated":true}]}}