{"id":16203,"date":"2020-05-07T08:50:46","date_gmt":"2020-05-07T07:50:46","guid":{"rendered":"https:\/\/www.ateti.pt\/loja\/?post_type=product&#038;p=16203"},"modified":"2025-12-06T12:04:13","modified_gmt":"2025-12-06T12:04:13","slug":"alho-em-po-margao-17-gr","status":"publish","type":"product","link":"https:\/\/www.ateti.pt\/loja\/produto\/alho-em-po-margao-17-gr\/","title":{"rendered":"Alho em P\u00f3 Marg\u00e3o 17g"},"content":{"rendered":"<p><strong>Alho em P\u00f3 Marg\u00e3o<\/strong><\/p>\n<p>Quantidade: 17g<\/p>\n<p>Pode substituir o alho fresco, e evitar o cheiro que fica nos dedos, utilizando as nossas embalagens de alho. Mo\u00eddo, picado ou cortado, a decis\u00e3o \u00e9 sua.<\/p>\n<p>O alho \u00e9 utilizado como tempero em quase todos os pratos de carne, cogumelos, peixe, maionese, frango assado, espetadas, carne de porco, iscas, bifes, cogumelos, carac\u00f3is, caldeiradas e sopas de peixe.<\/p>\n<p>Sugest\u00e3o de receita<\/p>\n<h5>Camar\u00e3o frito<\/h5>\n<p>Ingredientes:<\/p>\n<ul class=\"ingredients-ul\">\n<li id=\"il-0\" class=\"il\"><label for=\"ilg-0\"><label for=\"ilg-0\">Camar\u00e3o 40\/60 Congelado Brasmar<\/label><\/label><\/li>\n<li class=\"il\"><label for=\"ilg-0\"><\/label><label for=\"ilg-1\"><\/label><label for=\"ilg-1\">\u00d3leo<\/label><\/li>\n<li id=\"il-2\" class=\"il\"><label for=\"ilg-2\">Margarina<\/label><\/li>\n<li id=\"il-3\" class=\"il\">Alho em P\u00f3 Marg\u00e3o<\/li>\n<li id=\"il-4\" class=\"il\"><label for=\"ilg-4\">Piri-piri<\/label><\/li>\n<li id=\"il-5\" class=\"il\"><label for=\"ilg-5\">Cerveja<\/label><\/li>\n<li id=\"il-6\" class=\"il\"><label for=\"ilg-6\"><span class=\"ingredient-qty\" data-qty=\"1\">1<\/span>\u00a0Lim\u00e3o<\/label><\/li>\n<li id=\"il-7\" class=\"il\"><label for=\"ilg-7\"><span class=\"ingredient-qty\" data-qty=\"2\">2<\/span>\u00a0Folhas de\u00a0Louro<\/label><\/li>\n<li id=\"il-8\" class=\"il\"><label for=\"ilg-8\">Pimenta\u00a0e Sal q.b.<\/label><\/li>\n<\/ul>\n<p>Prepara\u00e7\u00e3o:<\/p>\n<ul>\n<li>Tempere os camar\u00f5es com um pouco de sal, pimenta e sumo de lim\u00e3o. Reserve 30 minutos.<\/li>\n<li>Num tacho largo ou frigideira coloque a aquecer o \u00f3leo, a margarina, os dentes de alho picados, as folhas louro e o piri-piri e deixe aquecer tudo muito bem.<\/li>\n<li>Quando estiver bem quente, adicione os camar\u00f5es e frite-os mantendo o lume alto.<\/li>\n<li>Depois dos camar\u00f5es ganharem cor, pode juntar a cerveja e frite mais um pouco.<\/li>\n<li>Quando se encontrarem fritos, retire os para um prato e deixe o molho apurar mais 3 minutos.<\/li>\n<li>Regue o camar\u00e3o com o molho.<\/li>\n<\/ul>\n<p>Bom apetite!<\/p>\n<p>Veja mais em <a href=\"https:\/\/www.ateti.pt\/loja\/categoria\/mercearia\/temperos-e-molhos\/\">Temperos e Molhos<\/a><\/p>\n","protected":false},"excerpt":{"rendered":"<p>64.12\u20ac\/kg<\/p>\n","protected":false},"featured_media":54803,"comment_status":"closed","ping_status":"closed","template":"","meta":{"_themeisle_gutenberg_block_has_review":false},"product_brand":[],"product_cat":[132,174],"product_tag":[],"woo-feed-brand":[],"class_list":{"0":"post-16203","1":"product","2":"type-product","3":"status-publish","4":"has-post-thumbnail","6":"product_cat-mercearia","7":"product_cat-temperos-e-molhos","8":"ts_product_brand-margao","10":"first","11":"instock","12":"taxable","13":"shipping-taxable","14":"purchasable","15":"product-type-simple"},"_links":{"self":[{"href":"https:\/\/www.ateti.pt\/loja\/wp-json\/wp\/v2\/product\/16203","targetHints":{"allow":["GET"]}}],"collection":[{"href":"https:\/\/www.ateti.pt\/loja\/wp-json\/wp\/v2\/product"}],"about":[{"href":"https:\/\/www.ateti.pt\/loja\/wp-json\/wp\/v2\/types\/product"}],"replies":[{"embeddable":true,"href":"https:\/\/www.ateti.pt\/loja\/wp-json\/wp\/v2\/comments?post=16203"}],"wp:featuredmedia":[{"embeddable":true,"href":"https:\/\/www.ateti.pt\/loja\/wp-json\/wp\/v2\/media\/54803"}],"wp:attachment":[{"href":"https:\/\/www.ateti.pt\/loja\/wp-json\/wp\/v2\/media?parent=16203"}],"wp:term":[{"taxonomy":"product_brand","embeddable":true,"href":"https:\/\/www.ateti.pt\/loja\/wp-json\/wp\/v2\/product_brand?post=16203"},{"taxonomy":"product_cat","embeddable":true,"href":"https:\/\/www.ateti.pt\/loja\/wp-json\/wp\/v2\/product_cat?post=16203"},{"taxonomy":"product_tag","embeddable":true,"href":"https:\/\/www.ateti.pt\/loja\/wp-json\/wp\/v2\/product_tag?post=16203"},{"taxonomy":"woo-feed-brand","embeddable":true,"href":"https:\/\/www.ateti.pt\/loja\/wp-json\/wp\/v2\/woo-feed-brand?post=16203"}],"curies":[{"name":"wp","href":"https:\/\/api.w.org\/{rel}","templated":true}]}}