{"id":16189,"date":"2020-05-07T08:37:26","date_gmt":"2020-05-07T07:37:26","guid":{"rendered":"https:\/\/www.ateti.pt\/loja\/?post_type=product&#038;p=16189"},"modified":"2023-12-21T16:29:53","modified_gmt":"2023-12-21T15:29:53","slug":"pimenta-preta-moida-margao-35-gr","status":"publish","type":"product","link":"https:\/\/www.ateti.pt\/loja\/produto\/pimenta-preta-moida-margao-35-gr\/","title":{"rendered":"Pimenta Preta Mo\u00edda Marg\u00e3o 35g"},"content":{"rendered":"<p><strong>Pimenta Preta Mo\u00edda Marg\u00e3o<\/strong><\/p>\n<p>A maioria das pimentas \u00e9 origin\u00e1ria da \u00cdndia, mais precisamente da regi\u00e3o de Malabar. \u00c9 o grau de maturidade dos gr\u00e3os no momento da colheita que determina a cor da pimenta: verde, preta ou branca.<\/p>\n<p>\u00c9 um condimento forte e ardente.<\/p>\n<p>Utilize a pimenta preta em molhos, sopas e marinadas, carne assada e grelhada, guisados e pratos com batatas, assim como em carne de ca\u00e7a, recheios de carne e massas.<\/p>\n<p><strong>Quantidade:<\/strong> 50g<\/p>\n<p>Sugest\u00e3o de receita<\/p>\n<h5>Beringelas Recheadas<\/h5>\n<p><strong>Ingredientes:<\/strong><\/p>\n<ul class=\"recipe-about-list\">\n<li>2 colheres de sopa\u00a0Moinho de Sal do Mediterr\u00e2neo<\/li>\n<li>4 beringelas grandes, cortadas ao meio, ao comprido<\/li>\n<li>2 curgetes, cortadas em cubos<\/li>\n<li>2 cebolas, picadas<\/li>\n<li>1 pimento vermelho, cortado em cubos<\/li>\n<li>100 gramas cogumelos, cortados em quartos<\/li>\n<li>2 tomates grandes, cortados em peda\u00e7os<\/li>\n<li>4 colheres de sopa\u00a0Segredos do Mundo It\u00e1lia<\/li>\n<li>5 colheres de sopa de azeite<\/li>\n<li>Pimenta Preta Mo\u00edda<\/li>\n<li>Quartos de lim\u00e3o para decorar<\/li>\n<\/ul>\n<p><strong>Prepara\u00e7\u00e3o:<\/strong><\/p>\n<ul>\n<li class=\"row step\">\n<div class=\"col-xs-12 col-md-12 step-content\">\n<p>Espalhe o sal sobre as beringelas e reserve-as durante 20 minutos de modo a libertarem a acidez.<\/p>\n<\/div>\n<\/li>\n<li class=\"row step\">\n<div class=\"col-xs-12 col-md-12 step-content\">\n<p>Pr\u00e9-aque\u00e7a o forno a 200 \u00b0C, marca de g\u00e1s 6. Lave as beringelas e seque-as com papel de cozinha.<\/p>\n<\/div>\n<\/li>\n<li class=\"row step\">\n<div class=\"col-xs-12 col-md-12 step-content\">\n<p>Usando uma faca afiada e pequena, fa\u00e7a uma cavidade oval no centro de cada metade de beringela. Corte a polpa de beringela em cubos e coloque as metades esvaziadas num tabuleiro de ir ao forno.<\/p>\n<\/div>\n<\/li>\n<li class=\"row step\">\n<div class=\"col-xs-12 col-md-12 step-content\">\n<p>Misture a beringela em cubos com as curgetes, as cebolas, o pimento vermelho e os cogumelos num tabuleiro separado. Tempere com Segredos Mundo It\u00e1lia Marg\u00e3o e regue com um fio de azeite. Leve os legumes e as beringelas ao forno, durante 30 minutos, colocando o tabuleiro dos legumes numa posi\u00e7\u00e3o superior.<\/p>\n<\/div>\n<\/li>\n<li class=\"row step\">\n<div class=\"col-xs-12 col-md-12 step-content\">\n<p>Coloque os legumes cozinhados dentro das metades de beringelas e regue com mais azeite. Leve ao forno mais 20 a 25 minutos. Sirva com quartos de lim\u00e3o, um fio de azeite e tempere com Pimenta Preta Mo\u00edda Marg\u00e3o.<\/p>\n<\/div>\n<p>&nbsp;<\/li>\n<\/ul>\n<p>Bom apetite!<\/p>\n<p>Veja mais em <a href=\"https:\/\/www.ateti.pt\/loja\/categoria\/mercearia\/temperos-e-molhos\/\">Temperos e Molhos<\/a><\/p>\n","protected":false},"excerpt":{"rendered":"<p>74\u20ac\/kg<\/p>\n","protected":false},"featured_media":54810,"comment_status":"closed","ping_status":"closed","template":"","meta":{"_themeisle_gutenberg_block_has_review":false},"product_brand":[],"product_cat":[132,174],"product_tag":[],"woo-feed-brand":[],"class_list":{"0":"post-16189","1":"product","2":"type-product","3":"status-publish","4":"has-post-thumbnail","6":"product_cat-mercearia","7":"product_cat-temperos-e-molhos","8":"ts_product_brand-margao","10":"first","11":"instock","12":"taxable","13":"shipping-taxable","14":"purchasable","15":"product-type-simple"},"_links":{"self":[{"href":"https:\/\/www.ateti.pt\/loja\/wp-json\/wp\/v2\/product\/16189","targetHints":{"allow":["GET"]}}],"collection":[{"href":"https:\/\/www.ateti.pt\/loja\/wp-json\/wp\/v2\/product"}],"about":[{"href":"https:\/\/www.ateti.pt\/loja\/wp-json\/wp\/v2\/types\/product"}],"replies":[{"embeddable":true,"href":"https:\/\/www.ateti.pt\/loja\/wp-json\/wp\/v2\/comments?post=16189"}],"wp:featuredmedia":[{"embeddable":true,"href":"https:\/\/www.ateti.pt\/loja\/wp-json\/wp\/v2\/media\/54810"}],"wp:attachment":[{"href":"https:\/\/www.ateti.pt\/loja\/wp-json\/wp\/v2\/media?parent=16189"}],"wp:term":[{"taxonomy":"product_brand","embeddable":true,"href":"https:\/\/www.ateti.pt\/loja\/wp-json\/wp\/v2\/product_brand?post=16189"},{"taxonomy":"product_cat","embeddable":true,"href":"https:\/\/www.ateti.pt\/loja\/wp-json\/wp\/v2\/product_cat?post=16189"},{"taxonomy":"product_tag","embeddable":true,"href":"https:\/\/www.ateti.pt\/loja\/wp-json\/wp\/v2\/product_tag?post=16189"},{"taxonomy":"woo-feed-brand","embeddable":true,"href":"https:\/\/www.ateti.pt\/loja\/wp-json\/wp\/v2\/woo-feed-brand?post=16189"}],"curies":[{"name":"wp","href":"https:\/\/api.w.org\/{rel}","templated":true}]}}