{"id":16175,"date":"2020-05-07T08:15:48","date_gmt":"2020-05-07T07:15:48","guid":{"rendered":"https:\/\/www.ateti.pt\/loja\/?post_type=product&#038;p=16175"},"modified":"2025-05-12T13:01:08","modified_gmt":"2025-05-12T12:01:08","slug":"pimenta-branca-moida-margao-17-gr","status":"publish","type":"product","link":"https:\/\/www.ateti.pt\/loja\/produto\/pimenta-branca-moida-margao-17-gr\/","title":{"rendered":"Pimenta Branca Mo\u00edda Marg\u00e3o 17g"},"content":{"rendered":"<p><strong>Pimenta Branca Mo\u00edda Marg\u00e3o<\/strong><\/p>\n<p>Quantidade: 17g<\/p>\n<p>A maioria das pimentas \u00e9 origin\u00e1ria da \u00cdndia, mais precisamente da regi\u00e3o de Malabar. \u00c9 o grau de maturidade dos gr\u00e3os no momento da colheita que determina a cor da pimenta: verde, preta ou branca.<\/p>\n<p>Para n\u00e3o perder as suas qualidades arom\u00e1ticas, utiliza-se apenas na fase final da confe\u00e7\u00e3o.<\/p>\n<p><strong>Sugest\u00e3o de utiliza\u00e7\u00e3o: <\/strong>Uma vez que \u00e9 mais fina e suave do que as outras variedades de pimenta, \u00e9 um \u00f3ptimo complemento para saladas e condimenta pratos de requeij\u00e3o, molhos suaves e peixe.<\/p>\n<p>Sugest\u00e3o de receita<\/p>\n<h5>Pernas de frango com piri piri<\/h5>\n<p><strong>Ingredientes:<\/strong><\/p>\n<p>8 pernas de frango, sem pele<\/p>\n<p>150 ml de <a href=\"https:\/\/www.ateti.pt\/loja\/categoria\/mercearia\/azeiteseoleos\/\">azeite<\/a><\/p>\n<p>2 colheres de ch\u00e1 de <a href=\"https:\/\/www.ateti.pt\/loja\/categoria\/frutas-e-legumes\/frutas-frescas\/\">sumo de lim\u00e3o<\/a><\/p>\n<p>2 colheres de ch\u00e1 <a class=\"btn-link\" href=\"https:\/\/www.ateti.pt\/loja\/categoria\/mercearia\/temperos-e-molhos\/\">\u00a0Alho<\/a><\/p>\n<p>1\/2 colher de ch\u00e1\u00a0<a class=\"btn-link\" href=\"https:\/\/www.ateti.pt\/loja\/categoria\/mercearia\/temperos-e-molhos\/\">Pimenta Branca Mo\u00edda<\/a><\/p>\n<p>1\/2 colher de ch\u00e1\u00a0<a class=\"btn-link\" href=\"https:\/\/www.ateti.pt\/loja\/categoria\/mercearia\/temperos-e-molhos\/\">Manjeric\u00e3o<\/a><\/p>\n<p>1\/4\u00a0<a href=\"https:\/\/www.ateti.pt\/loja\/categoria\/mercearia\/temperos-e-molhos\/\">Or\u00e9g\u00e3os Folhas<\/a><\/p>\n<p><strong>Prepara\u00e7\u00e3o:<\/strong><\/p>\n<div class=\"col-xs-12 col-md-12 step-content\">\n<p>1-Coloque os ingredientes da marinada num recipiente fundo e misture-os. Fa\u00e7a marcas na carne de galinha e regue com a marinada. Leve ao frigor\u00edfico durante 2 ou da noite para o dia.<\/p>\n<\/div>\n<div class=\"col-xs-12 col-md-12 step-content\">\n<p>2-Cozinhe o frango sob o grill pr\u00e9-aquecido do forno, durante 25 a 30 minutos, virando de vez em quando e regando com a marinada at\u00e9 ficar completamente cozinhado.<\/p>\n<\/div>\n<div class=\"col-xs-12 col-md-12 step-content\">\n<p>3-Sirva com uma salada mista, ideal para grelhados.<\/p>\n<\/div>\n<p>Bom apetite!<\/p>\n<p>Veja mais em <a href=\"https:\/\/www.ateti.pt\/loja\/categoria\/mercearia\/temperos-e-molhos\/\">Temperos de Molhos<\/a><\/p>\n","protected":false},"excerpt":{"rendered":"<p>125.88\u20ac\/kg<\/p>\n<p>A maioria das pimentas \u00e9 origin\u00e1ria da \u00cdndia, mais precisamente da regi\u00e3o de Malabar. \u00c9 o grau de maturidade dos gr\u00e3os no momento da colheita que determina a cor da pimenta: verde, preta ou branca.<\/p>\n","protected":false},"featured_media":54814,"comment_status":"closed","ping_status":"closed","template":"","meta":{"_themeisle_gutenberg_block_has_review":false},"product_brand":[],"product_cat":[132,174],"product_tag":[],"woo-feed-brand":[],"class_list":{"0":"post-16175","1":"product","2":"type-product","3":"status-publish","4":"has-post-thumbnail","6":"product_cat-mercearia","7":"product_cat-temperos-e-molhos","8":"ts_product_brand-margao","10":"first","11":"instock","12":"taxable","13":"shipping-taxable","14":"purchasable","15":"product-type-simple"},"_links":{"self":[{"href":"https:\/\/www.ateti.pt\/loja\/wp-json\/wp\/v2\/product\/16175","targetHints":{"allow":["GET"]}}],"collection":[{"href":"https:\/\/www.ateti.pt\/loja\/wp-json\/wp\/v2\/product"}],"about":[{"href":"https:\/\/www.ateti.pt\/loja\/wp-json\/wp\/v2\/types\/product"}],"replies":[{"embeddable":true,"href":"https:\/\/www.ateti.pt\/loja\/wp-json\/wp\/v2\/comments?post=16175"}],"wp:featuredmedia":[{"embeddable":true,"href":"https:\/\/www.ateti.pt\/loja\/wp-json\/wp\/v2\/media\/54814"}],"wp:attachment":[{"href":"https:\/\/www.ateti.pt\/loja\/wp-json\/wp\/v2\/media?parent=16175"}],"wp:term":[{"taxonomy":"product_brand","embeddable":true,"href":"https:\/\/www.ateti.pt\/loja\/wp-json\/wp\/v2\/product_brand?post=16175"},{"taxonomy":"product_cat","embeddable":true,"href":"https:\/\/www.ateti.pt\/loja\/wp-json\/wp\/v2\/product_cat?post=16175"},{"taxonomy":"product_tag","embeddable":true,"href":"https:\/\/www.ateti.pt\/loja\/wp-json\/wp\/v2\/product_tag?post=16175"},{"taxonomy":"woo-feed-brand","embeddable":true,"href":"https:\/\/www.ateti.pt\/loja\/wp-json\/wp\/v2\/woo-feed-brand?post=16175"}],"curies":[{"name":"wp","href":"https:\/\/api.w.org\/{rel}","templated":true}]}}