{"id":16172,"date":"2020-05-07T08:13:27","date_gmt":"2020-05-07T07:13:27","guid":{"rendered":"https:\/\/www.ateti.pt\/loja\/?post_type=product&#038;p=16172"},"modified":"2025-11-12T15:02:46","modified_gmt":"2025-11-12T15:02:46","slug":"vinagre-de-vinho-branco-acidez-6-5o-cristal-500-ml","status":"publish","type":"product","link":"https:\/\/www.ateti.pt\/loja\/produto\/vinagre-de-vinho-branco-acidez-6-5o-cristal-500-ml\/","title":{"rendered":"Vinagre de Vinho Branco Cristal 500mL"},"content":{"rendered":"<h5>Vinagre de Vinho Branco Cristal<\/h5>\n<p><strong>Acidez 6,5<\/strong><\/p>\n<p>L\u00edmpido e quase incolor, o seu sabor \u00e9 distintamente \u00e1cido e possui o aroma remanescente do vinho que lhe deu origem.<\/p>\n<p>O Vinagre de Vinho Branco \u00e9 um condimento utilizado para adicionar sabor e preservar a comida desde a antiguidade. Existem in\u00fameros tipos de vinagre, geralmente nomeados pela subst\u00e2ncia utilizada como base. H\u00e1, tamb\u00e9m, vinagres aromatizados com ervas, flores ou frutas.<\/p>\n<p>Os tipos de vinagre mais comuns s\u00e3o: vinagre de vinho branco, vinagre de vinho tinto, vinagre de ma\u00e7\u00e3 ou vinagre de sidra, vinagre bals\u00e2mico, vinagre de arroz e o vinagre branco destilado. De maneira simplificada, o vinagre \u00e9 um \u00e1cido suave dilu\u00eddo em \u00e1gua. Geralmente, ele \u00e9 produzido expondo o \u00e1lcool ao oxig\u00eanio para criar fermenta\u00e7\u00e3o bacteriana.<\/p>\n<p>Quantidade: 500mL<\/p>\n<p>Veja mais em <a href=\"https:\/\/www.ateti.pt\/loja\/categoria\/mercearia\/temperos-e-molhos\/\">Temperos e Molhos<\/a><\/p>\n","protected":false},"excerpt":{"rendered":"<p>2.78\u20ac\/L<\/p>\n","protected":false},"featured_media":60708,"comment_status":"closed","ping_status":"closed","template":"","meta":{"_themeisle_gutenberg_block_has_review":false},"product_brand":[],"product_cat":[132,174],"product_tag":[],"woo-feed-brand":[],"class_list":{"0":"post-16172","1":"product","2":"type-product","3":"status-publish","4":"has-post-thumbnail","6":"product_cat-mercearia","7":"product_cat-temperos-e-molhos","8":"ts_product_brand-cristal","10":"first","11":"instock","12":"taxable","13":"shipping-taxable","14":"purchasable","15":"product-type-simple"},"_links":{"self":[{"href":"https:\/\/www.ateti.pt\/loja\/wp-json\/wp\/v2\/product\/16172","targetHints":{"allow":["GET"]}}],"collection":[{"href":"https:\/\/www.ateti.pt\/loja\/wp-json\/wp\/v2\/product"}],"about":[{"href":"https:\/\/www.ateti.pt\/loja\/wp-json\/wp\/v2\/types\/product"}],"replies":[{"embeddable":true,"href":"https:\/\/www.ateti.pt\/loja\/wp-json\/wp\/v2\/comments?post=16172"}],"wp:featuredmedia":[{"embeddable":true,"href":"https:\/\/www.ateti.pt\/loja\/wp-json\/wp\/v2\/media\/60708"}],"wp:attachment":[{"href":"https:\/\/www.ateti.pt\/loja\/wp-json\/wp\/v2\/media?parent=16172"}],"wp:term":[{"taxonomy":"product_brand","embeddable":true,"href":"https:\/\/www.ateti.pt\/loja\/wp-json\/wp\/v2\/product_brand?post=16172"},{"taxonomy":"product_cat","embeddable":true,"href":"https:\/\/www.ateti.pt\/loja\/wp-json\/wp\/v2\/product_cat?post=16172"},{"taxonomy":"product_tag","embeddable":true,"href":"https:\/\/www.ateti.pt\/loja\/wp-json\/wp\/v2\/product_tag?post=16172"},{"taxonomy":"woo-feed-brand","embeddable":true,"href":"https:\/\/www.ateti.pt\/loja\/wp-json\/wp\/v2\/woo-feed-brand?post=16172"}],"curies":[{"name":"wp","href":"https:\/\/api.w.org\/{rel}","templated":true}]}}