{"id":16163,"date":"2020-05-06T17:52:27","date_gmt":"2020-05-06T17:52:27","guid":{"rendered":"https:\/\/www.ateti.pt\/loja\/?post_type=product&#038;p=16163"},"modified":"2025-05-19T12:14:40","modified_gmt":"2025-05-19T11:14:40","slug":"chocolate-avelas-milka-270-gr","status":"publish","type":"product","link":"https:\/\/www.ateti.pt\/loja\/produto\/chocolate-avelas-milka-270-gr\/","title":{"rendered":"Chocolate Avel\u00e3s Milka 270g"},"content":{"rendered":"<h5>Chocolate Avel\u00e3s Milka<\/h5>\n<p>Quantidade: 270g<\/p>\n<p><strong>Ingredientes:\u00a0<\/strong>A\u00e7\u00facar, avel\u00e3s(17%), manteiga de cacau, leite em p\u00f3 magro, pasta de cacau, soro de leite em p\u00f3, gordura de leite, emulsionante (lecitina de soja), pasta de avel\u00e3s, aroma. Cacau:30% m\u00ednimo no chocolate de leite dos Alpes.<\/p>\n<p>Pode conter outros frutos de casca rija e trigo.<\/p>\n<p><strong>Valores Nutricionais por 100g:<\/strong> Energia: 2310kj\/554kcal; L\u00edpidos: 35g, dos quais saturados: 16g; Hidratos de Carbono: 50g, dos quais a\u00e7\u00facares: 49g; Fibra: 3.2g; Prote\u00ednas: 7.9g; Sal: 0.31g.<\/p>\n<p>Veja mais em <a href=\"https:\/\/www.ateti.pt\/loja\/categoria\/mercearia\/chocolates-biscoitos-e-cereais\/chocolates\/\">Chocolates e Doces<\/a><\/p>\n","protected":false},"excerpt":{"rendered":"<p>19.96\u20ac\/kg<\/p>\n","protected":false},"featured_media":57174,"comment_status":"closed","ping_status":"closed","template":"","meta":{"_themeisle_gutenberg_block_has_review":false},"product_brand":[],"product_cat":[25,144,132],"product_tag":[],"woo-feed-brand":[],"class_list":{"0":"post-16163","1":"product","2":"type-product","3":"status-publish","4":"has-post-thumbnail","6":"product_cat-chocolates","7":"product_cat-chocolates-biscoitos-e-cereais","8":"product_cat-mercearia","9":"ts_product_brand-milka","11":"first","12":"instock","13":"sale","14":"taxable","15":"shipping-taxable","16":"purchasable","17":"product-type-simple"},"_links":{"self":[{"href":"https:\/\/www.ateti.pt\/loja\/wp-json\/wp\/v2\/product\/16163","targetHints":{"allow":["GET"]}}],"collection":[{"href":"https:\/\/www.ateti.pt\/loja\/wp-json\/wp\/v2\/product"}],"about":[{"href":"https:\/\/www.ateti.pt\/loja\/wp-json\/wp\/v2\/types\/product"}],"replies":[{"embeddable":true,"href":"https:\/\/www.ateti.pt\/loja\/wp-json\/wp\/v2\/comments?post=16163"}],"wp:featuredmedia":[{"embeddable":true,"href":"https:\/\/www.ateti.pt\/loja\/wp-json\/wp\/v2\/media\/57174"}],"wp:attachment":[{"href":"https:\/\/www.ateti.pt\/loja\/wp-json\/wp\/v2\/media?parent=16163"}],"wp:term":[{"taxonomy":"product_brand","embeddable":true,"href":"https:\/\/www.ateti.pt\/loja\/wp-json\/wp\/v2\/product_brand?post=16163"},{"taxonomy":"product_cat","embeddable":true,"href":"https:\/\/www.ateti.pt\/loja\/wp-json\/wp\/v2\/product_cat?post=16163"},{"taxonomy":"product_tag","embeddable":true,"href":"https:\/\/www.ateti.pt\/loja\/wp-json\/wp\/v2\/product_tag?post=16163"},{"taxonomy":"woo-feed-brand","embeddable":true,"href":"https:\/\/www.ateti.pt\/loja\/wp-json\/wp\/v2\/woo-feed-brand?post=16163"}],"curies":[{"name":"wp","href":"https:\/\/api.w.org\/{rel}","templated":true}]}}