{"id":16156,"date":"2020-05-06T17:44:10","date_gmt":"2020-05-06T16:44:10","guid":{"rendered":"https:\/\/www.ateti.pt\/loja\/?post_type=product&#038;p=16156"},"modified":"2026-03-16T16:57:49","modified_gmt":"2026-03-16T16:57:49","slug":"chocolate-branco-milka-100-gr","status":"publish","type":"product","link":"https:\/\/www.ateti.pt\/loja\/produto\/chocolate-branco-milka-100-gr\/","title":{"rendered":"Chocolate Branco 90g Milka"},"content":{"rendered":"<p><strong>Chocolate Branco Milka<\/strong><\/p>\n<p>Quantidade: 100g<\/p>\n<p><strong>Ingredientes:<\/strong> A\u00e7\u00facar, manteiga de cacau, LEITE em p\u00f3 magro, soro de LEITE em p\u00f3, gordura de LEITE, emulsionante (lecitina de SOJA), aroma.<\/p>\n<p>Pode conter vest\u00edgios de frutos de casca rija e trigo.<\/p>\n<p><strong>Valores nutricionais: <\/strong>Energia: 2250kj\/540kcal; L\u00edpidos: 29.5g, dos quais saturados: 18.5g; Hidratos de Carbono:63g, dos quais a\u00e7\u00facares: 63g; Fibra:0g; Sal:0.4g.<\/p>\n<p>Veja mais em <a href=\"https:\/\/www.ateti.pt\/loja\/categoria\/mercearia\/chocolates-biscoitos-e-cereais\/chocolates\/\">Chocolates e Doces<\/a><\/p>\n","protected":false},"excerpt":{"rendered":"<p>18.77\u20ac\/kg<\/p>\n","protected":false},"featured_media":57177,"comment_status":"closed","ping_status":"closed","template":"","meta":{"_themeisle_gutenberg_block_has_review":false},"product_brand":[],"product_cat":[25,144,132],"product_tag":[],"woo-feed-brand":[],"class_list":{"0":"post-16156","1":"product","2":"type-product","3":"status-publish","4":"has-post-thumbnail","6":"product_cat-chocolates","7":"product_cat-chocolates-biscoitos-e-cereais","8":"product_cat-mercearia","9":"ts_product_brand-milka","11":"first","12":"instock","13":"taxable","14":"shipping-taxable","15":"purchasable","16":"product-type-simple"},"_links":{"self":[{"href":"https:\/\/www.ateti.pt\/loja\/wp-json\/wp\/v2\/product\/16156","targetHints":{"allow":["GET"]}}],"collection":[{"href":"https:\/\/www.ateti.pt\/loja\/wp-json\/wp\/v2\/product"}],"about":[{"href":"https:\/\/www.ateti.pt\/loja\/wp-json\/wp\/v2\/types\/product"}],"replies":[{"embeddable":true,"href":"https:\/\/www.ateti.pt\/loja\/wp-json\/wp\/v2\/comments?post=16156"}],"wp:featuredmedia":[{"embeddable":true,"href":"https:\/\/www.ateti.pt\/loja\/wp-json\/wp\/v2\/media\/57177"}],"wp:attachment":[{"href":"https:\/\/www.ateti.pt\/loja\/wp-json\/wp\/v2\/media?parent=16156"}],"wp:term":[{"taxonomy":"product_brand","embeddable":true,"href":"https:\/\/www.ateti.pt\/loja\/wp-json\/wp\/v2\/product_brand?post=16156"},{"taxonomy":"product_cat","embeddable":true,"href":"https:\/\/www.ateti.pt\/loja\/wp-json\/wp\/v2\/product_cat?post=16156"},{"taxonomy":"product_tag","embeddable":true,"href":"https:\/\/www.ateti.pt\/loja\/wp-json\/wp\/v2\/product_tag?post=16156"},{"taxonomy":"woo-feed-brand","embeddable":true,"href":"https:\/\/www.ateti.pt\/loja\/wp-json\/wp\/v2\/woo-feed-brand?post=16156"}],"curies":[{"name":"wp","href":"https:\/\/api.w.org\/{rel}","templated":true}]}}