{"id":16117,"date":"2020-05-06T16:56:00","date_gmt":"2020-05-06T16:56:00","guid":{"rendered":"https:\/\/www.ateti.pt\/loja\/?post_type=product&#038;p=16117"},"modified":"2025-02-05T15:27:30","modified_gmt":"2025-02-05T15:27:30","slug":"red-fish-200-300-emb-congelado-neutura-1kg","status":"publish","type":"product","link":"https:\/\/www.ateti.pt\/loja\/produto\/red-fish-200-300-emb-congelado-neutura-1kg\/","title":{"rendered":"Red Fish 200\/300 Emb. 1Kg Congelado Neutura"},"content":{"rendered":"<h5>Red Fish 200\/300 Emb. Congelado Gialmar<\/h5>\n<p>Quantidade: 1Kg<\/p>\n<p>&nbsp;<\/p>\n<p>Nome Cient\u00edfico: Sebastes app<\/p>\n<p>Capturado no Atl\u00e2ntico Noroeste<\/p>\n<p>Ingredientes: Peixe, antioxidante(E316).<\/p>\n<p>Pode conter vest\u00edgios de moluscos e crust\u00e1ceos.<\/p>\n<p>Declara\u00e7\u00e3o nutricional por 100g: Energia: 59kj\/121kcal; L\u00edpidos: 5,6g, dos quais saturados: 4.12g; Hidratos de carbono:\u00ab1g, dos quais a\u00e7\u00facares:\u00ab0,5g; Prote\u00ednas: 18,5g; Sal:0,33g.<\/p>\n<h4>Como preparar red fish<\/h4>\n<p>Sugest\u00e3o de receita<\/p>\n<h5>Red fish no forno<\/h5>\n<p><strong>Ingredientes:<\/strong><\/p>\n<p>Red fish<\/p>\n<p>2 Dentes de alho<\/p>\n<p>1 Lim\u00e3o<\/p>\n<p>100 ml Vinho branco<\/p>\n<p>5 colheres de sopa de Azeite<\/p>\n<p>Paprika q.b.<\/p>\n<p>Or\u00e9g\u00e3os secos q.b<\/p>\n<p>Folhas de tomilho e salva q.b<\/p>\n<p>Sal e pimenta q.b.<\/p>\n<p><strong>Prepara\u00e7\u00e3o:<\/strong><\/p>\n<p>Pr\u00e9-aque\u00e7a o forno a 180\u00ba C.<\/p>\n<p>Tempere o peixe de sal, pimenta, paprika, sumo de lim\u00e3o e coloque algumas rodelas de lim\u00e3o, o alho e as ervas arom\u00e1ticas, tamb\u00e9m no seu interior.<\/p>\n<p>Leve ao forno a assar, por cerca de 30\/35 minutos, numa travessa, regado com azeite, um pouco de vinho branco e \u00e0 volta, batatinhas pr\u00f3prias para assar polvilhadas com um pouco de paprika.<\/p>\n<p>V\u00e1\u00a0regando, de vez em quando, o peixe com o pr\u00f3prio molho.<\/p>\n<p>Coloque no prato o filete (retirando a espinha central) e sirva com as batatinhas e uma salada a gosto.<\/p>\n<p>Bom apetite!<\/p>\n<p>Veja mais em <a href=\"https:\/\/neutura.pt\/\">Neutura<\/a><\/p>\n<p>Veja mais em <a href=\"https:\/\/www.ateti.pt\/loja\/categoria\/congelados\/peixeemarisco\/\">Peixe e Marisco congelados<\/a><\/p>\n<p>&nbsp;<\/p>\n","protected":false},"excerpt":{"rendered":"<p>4.39\u20ac\/KG<\/p>\n","protected":false},"featured_media":60637,"comment_status":"closed","ping_status":"closed","template":"","meta":{"_themeisle_gutenberg_block_has_review":false},"product_brand":[],"product_cat":[177,181],"product_tag":[],"woo-feed-brand":[],"class_list":{"0":"post-16117","1":"product","2":"type-product","3":"status-publish","4":"has-post-thumbnail","6":"product_cat-congelados","7":"product_cat-peixeemarisco","8":"ts_product_brand-neutura","10":"first","11":"instock","12":"taxable","13":"shipping-taxable","14":"purchasable","15":"product-type-simple"},"_links":{"self":[{"href":"https:\/\/www.ateti.pt\/loja\/wp-json\/wp\/v2\/product\/16117","targetHints":{"allow":["GET"]}}],"collection":[{"href":"https:\/\/www.ateti.pt\/loja\/wp-json\/wp\/v2\/product"}],"about":[{"href":"https:\/\/www.ateti.pt\/loja\/wp-json\/wp\/v2\/types\/product"}],"replies":[{"embeddable":true,"href":"https:\/\/www.ateti.pt\/loja\/wp-json\/wp\/v2\/comments?post=16117"}],"wp:featuredmedia":[{"embeddable":true,"href":"https:\/\/www.ateti.pt\/loja\/wp-json\/wp\/v2\/media\/60637"}],"wp:attachment":[{"href":"https:\/\/www.ateti.pt\/loja\/wp-json\/wp\/v2\/media?parent=16117"}],"wp:term":[{"taxonomy":"product_brand","embeddable":true,"href":"https:\/\/www.ateti.pt\/loja\/wp-json\/wp\/v2\/product_brand?post=16117"},{"taxonomy":"product_cat","embeddable":true,"href":"https:\/\/www.ateti.pt\/loja\/wp-json\/wp\/v2\/product_cat?post=16117"},{"taxonomy":"product_tag","embeddable":true,"href":"https:\/\/www.ateti.pt\/loja\/wp-json\/wp\/v2\/product_tag?post=16117"},{"taxonomy":"woo-feed-brand","embeddable":true,"href":"https:\/\/www.ateti.pt\/loja\/wp-json\/wp\/v2\/woo-feed-brand?post=16117"}],"curies":[{"name":"wp","href":"https:\/\/api.w.org\/{rel}","templated":true}]}}