{"id":16106,"date":"2020-05-06T16:35:09","date_gmt":"2020-05-06T15:35:09","guid":{"rendered":"https:\/\/www.ateti.pt\/loja\/?post_type=product&#038;p=16106"},"modified":"2025-03-01T13:51:03","modified_gmt":"2025-03-01T13:51:03","slug":"creme-de-marisco-4-porcoes-knorr-72-gr","status":"publish","type":"product","link":"https:\/\/www.ateti.pt\/loja\/produto\/creme-de-marisco-4-porcoes-knorr-72-gr\/","title":{"rendered":"Creme de Marisco Knorr 72g"},"content":{"rendered":"<p><strong>Creme de Marisco Knorr<\/strong><\/p>\n<p>Quantidade: 72g<\/p>\n<p>Comer sopa todos os dias contribui para uma dieta saud\u00e1vel e equilibrada.\u00a0<b>Knorr Creme de Marisco<\/b>\u00a0\u00e9 vers\u00e1til e pode ser preparado como sopa tradicional, ou como base para receitas saborosas. Com ingredientes cuidadosamente selecionados, este creme de marisco \u00e9 delicioso e reconfortante. Experimente toda a gama de sopas Knorr!<\/p>\n<div class=\"component-wrapper section\">\n<div id=\"product-copy-v2-30219d6e43283d49f4aac0dcc6f8441d\" class=\"clearfix component product-copy-v2\" data-config=\"product-copy-v2-30219d6e43283d49f4aac0dcc6f8441d-config\" data-server=\"true\" data-role=\"product-copy-v2\">\n<div class=\"c-product-copy-v2 product-copy__title\" data-componentname=\"productCopyV2\" data-component-experience-variant=\"default\" data-component-variants=\"copy\" data-component-positions=\"17\">\n<div class=\"container\">\n<div class=\"c-product-copy-v2__wrapper\">\n<div class=\"c-product-copy-v2-content\">\n<div class=\"c-product-copy-v2-content__item\">Reconfortantes e saborosas<\/div>\n<\/div>\n<\/div>\n<\/div>\n<\/div>\n<\/div>\n<\/div>\n<div class=\"component-wrapper section\">\n<div id=\"product-copy-v2-fabf9164dcd953180d51ca41876069d9\" class=\"clearfix component product-copy-v2\" data-config=\"product-copy-v2-fabf9164dcd953180d51ca41876069d9-config\" data-server=\"true\" data-role=\"product-copy-v2\">\n<div class=\"c-product-copy-v2 product-copy__description\" data-componentname=\"productCopyV2\" data-component-experience-variant=\"default\" data-component-variants=\"defaultView\" data-component-positions=\"18\">\n<div class=\"container\">\n<div class=\"c-product-copy-v2__wrapper\">\n<div class=\"c-product-copy-v2-content\">\n<div class=\"c-product-copy-v2-content__item\">Conhe\u00e7a os benef\u00edcios de Knorr Creme de Marisco: uma receita muito vers\u00e1til que vai tornar as suas refei\u00e7\u00f5es ainda mais deliciosas.<\/div>\n<\/div>\n<\/div>\n<\/div>\n<\/div>\n<\/div>\n<\/div>\n<div class=\"component-wrapper section\">\n<div id=\"product-copy-v2-a00269ad3086804d60d70b80516886ad\" class=\"clearfix component product-copy-v2\" data-config=\"product-copy-v2-a00269ad3086804d60d70b80516886ad-config\" data-server=\"true\" data-role=\"product-copy-v2\">\n<div class=\"c-product-copy-v2 product-copy__features\" data-componentname=\"productCopyV2\" data-component-experience-variant=\"default\" data-component-variants=\"defaultView\" data-component-positions=\"19\">\n<div class=\"container\">\n<div class=\"c-product-copy-v2__wrapper\">\n<div class=\"c-product-copy-v2-content\">\n<div class=\"c-product-copy-v2-content__item\">\n<ul>\n<li>Sem corantes<\/li>\n<li>Sem conservantes<\/li>\n<li>Sem intensificadores de sabor<\/li>\n<li>Feito com tomate de origem sustent\u00e1vel<\/li>\n<\/ul>\n<div class=\"component-wrapper section\">\n<div class=\"c-column-control c-column-control--column-nutrition \">\n<div id=\"iea-component-layout-container-5e869209e80ee0c1276e58d0953c6a94\">\n<div class=\"section clearfix \">\n<div id=\"container_5e869209e80ee0c1276e58d0953c6a94\" class=\"column-container row\">\n<div class=\"col-md-12\">\n<div class=\"container_par_1 parsys\">\n<div class=\"component-wrapper section\">\n<div id=\"quote-71c17ff0ab5aea25d3f878ee8a18fb9f\" class=\"clearfix component quote\" data-config=\"quote-71c17ff0ab5aea25d3f878ee8a18fb9f-config\" data-server=\"true\" data-role=\"quote\">\n<div class=\"c-quote highlight\" data-componentname=\"quote\" data-component-experience-variant=\"default\" data-component-variants=\"defaultView\" data-component-positions=\"21\">\n<div class=\"c-quote__wrapper row\">\n<div class=\"c-quote__textblock\">\n<div class=\"c-quote__text\">\n<p><strong>Ingredientes: <\/strong>Farinha de TRIGO, sal, CAMAR\u00c3O (6%), amidos, PEIXE (4,1%), prote\u00ednas vegetais hidrolisadas, cebola (2,1%), a\u00e7\u00facar, pur\u00e9 de tomate\u00b9 (2,1%), \u00f3leo de milho, extrato de levedura, extrato de LAGOSTA (0,7%), sementes de funcho, alho, xarope de caramelo, aromas, raiz de salsa, maltodextrina. Pode conter leite, ovo, aipo, moluscos e mostarda.<\/p>\n<\/div>\n<\/div>\n<\/div>\n<\/div>\n<\/div>\n<\/div>\n<div class=\"component-wrapper section\">\n<div id=\"product-copy-v2-4d458c783e16ee7fd5eb61128d1ce433\" class=\"clearfix component product-copy-v2\" data-config=\"product-copy-v2-4d458c783e16ee7fd5eb61128d1ce433-config\" data-server=\"true\" data-role=\"product-copy-v2\">\n<div class=\"c-product-copy-v2 c-product-copy-v2--type-c \" data-componentname=\"productCopyV2\" data-component-experience-variant=\"default\" data-component-variants=\"copy\" data-component-positions=\"22\">\n<div class=\"container\">\n<div class=\"c-product-copy-v2__wrapper\">\n<div class=\"c-product-copy-v2-content\">\n<div class=\"c-product-copy-v2-content__item\">\u00b9Produzido a partir de tomate de origem sustent\u00e1vel.<\/div>\n<\/div>\n<\/div>\n<\/div>\n<\/div>\n<\/div>\n<\/div>\n<div class=\"component-wrapper section\">\n<div id=\"product-copy-v2-dca01a0949baf1e194a31db42a985200\" class=\"clearfix component product-copy-v2\" data-config=\"product-copy-v2-dca01a0949baf1e194a31db42a985200-config\" data-server=\"true\" data-role=\"product-copy-v2\">\n<div class=\"c-product-copy-v2 \" data-componentname=\"productCopyV2\" data-component-experience-variant=\"default\" data-component-variants=\"copy\" data-component-positions=\"23\">\n<div class=\"container\">\n<div class=\"c-product-copy-v2__wrapper\">\n<div class=\"c-product-copy-v2-content\"><\/div>\n<\/div>\n<\/div>\n<\/div>\n<\/div>\n<\/div>\n<div class=\"component-wrapper section\">\n<div id=\"product-copy-v2-abed10d6fb0ddd23a0702a3bfbb8ac61\" class=\"clearfix component product-copy-v2\" data-config=\"product-copy-v2-abed10d6fb0ddd23a0702a3bfbb8ac61-config\" data-server=\"true\" data-role=\"product-copy-v2\">\n<div class=\"c-product-copy-v2 c-product-copy-v2--type-a \" data-componentname=\"productCopyV2\" data-component-experience-variant=\"default\" data-component-variants=\"copy\" data-component-positions=\"24\">\n<div class=\"container\">\n<div class=\"c-product-copy-v2__wrapper\">\n<div class=\"c-product-copy-v2-content\"><strong>Modo de prepara\u00e7\u00e3o:<\/strong><\/div>\n<\/div>\n<\/div>\n<\/div>\n<\/div>\n<\/div>\n<\/div>\n<\/div>\n<\/div>\n<\/div>\n<\/div>\n<\/div>\n<\/div>\n<div class=\"component-wrapper section\">\n<div id=\"product-copy-v2-c75a6171e9b04ff15fb596a58fc3f4e7\" class=\"clearfix component product-copy-v2\" data-config=\"product-copy-v2-c75a6171e9b04ff15fb596a58fc3f4e7-config\" data-server=\"true\" data-role=\"product-copy-v2\">\n<div class=\"c-product-copy-v2 product-copy--how-to-use\" data-componentname=\"productCopyV2\" data-component-experience-variant=\"default\" data-component-variants=\"copy\" data-component-positions=\"26\">\n<div class=\"container\">\n<div class=\"c-product-copy-v2__wrapper\">\n<div class=\"c-product-copy-v2-content\"><\/div>\n<\/div>\n<\/div>\n<\/div>\n<\/div>\n<\/div>\n<div class=\"component-wrapper section\">\n<div id=\"product-copy-v2-b81d189fd7a6edd6766da8c90b36c3ea\" class=\"clearfix component product-copy-v2\" data-config=\"product-copy-v2-b81d189fd7a6edd6766da8c90b36c3ea-config\" data-server=\"true\" data-role=\"product-copy-v2\">\n<div class=\"c-product-copy-v2 product-copy--how-to-use-steps\" data-componentname=\"productCopyV2\" data-component-experience-variant=\"default\" data-component-variants=\"defaultView\" data-component-positions=\"27\">\n<div class=\"container\">\n<div class=\"c-product-copy-v2__wrapper\">\n<div class=\"c-product-copy-v2-content\">\n<div class=\"c-product-copy-v2-content__item\">1. Deite o conte\u00fado da embalagem em 1 litro de \u00e1gua fria, leve ao lume e mexa com uma vara de arames.<\/div>\n<div class=\"c-product-copy-v2-content__item\">2. Quando iniciar a fervura, deixe cozer durante 10 minutos em lume brando sem tapar completamente o recipiente, mexendo de vez em quando.<\/div>\n<\/div>\n<\/div>\n<\/div>\n<\/div>\n<\/div>\n<\/div>\n<\/div>\n<\/div>\n<\/div>\n<\/div>\n<\/div>\n<\/div>\n<\/div>\n<div><\/div>\n<div>Sugest\u00e3o de receita<\/div>\n<h5><strong>Gratinado de peixe e camar\u00e3o com ervilhas<\/strong><\/h5>\n<div><strong>Ingredientes:<\/strong><\/div>\n<div>\n<div id=\"tabbed-content-panel__body-206-1\" class=\"tabbed-content-panel__body tabbed-content-panel__body--is-active \" role=\"tabpanel\">\n<div class=\"par_tab_206 parsys\">\n<div class=\"component-wrapper section\">\n<div id=\"recipe-copy-6dc7d3c23eccd1f437c2af6e09da5311\" class=\"clearfix component recipe-copy\" data-config=\"recipe-copy-6dc7d3c23eccd1f437c2af6e09da5311-config\" data-server=\"true\" data-role=\"recipe-copy\">\n<div class=\"c-recipe-content c-recipe-content-ingredients__print\" data-componentname=\"recipeCopy\" data-component-experience-variant=\"default\" data-component-variants=\"defaultView\" data-component-positions=\"0\">\n<div class=\"c-recipe-content-ingredients\">\n<ul class=\"c-recipe-content-ingredients__list\">\n<li class=\"c-recipe-content-ingredients__list-item\">2 lombos de pescada<\/li>\n<li class=\"c-recipe-content-ingredients__list-item\">300 g de camar\u00e3o cozido e descascado<\/li>\n<li class=\"c-recipe-content-ingredients__list-item\">q.b. sal<\/li>\n<li class=\"c-recipe-content-ingredients__list-item\">q.b. pimenta preta mo\u00edda<\/li>\n<li class=\"c-recipe-content-ingredients__list-item\">1 colher de sopa de creme vegetal<\/li>\n<li class=\"c-recipe-content-ingredients__list-item\">150 g de ervilhas enlatadas cozidas<\/li>\n<li class=\"c-recipe-content-ingredients__list-item\">500 ml molho branco<\/li>\n<li class=\"c-recipe-content-ingredients__list-item\">1 embalagem de\u00a0 Creme de Marisco Knorr<\/li>\n<li class=\"c-recipe-content-ingredients__list-item\">3 colheres de sopa de parmes\u00e3o ralado<\/li>\n<\/ul>\n<\/div>\n<\/div>\n<\/div>\n<\/div>\n<div class=\"component-wrapper section\">\n<div id=\"recipe-related-products-06230e4872d1d1a7796db5cdf08a05a9\" class=\"clearfix component recipe-related-products\" data-config=\"recipe-related-products-06230e4872d1d1a7796db5cdf08a05a9-config\" data-server=\"true\" data-role=\"recipe-related-products\">\n<div class=\"c-recipe-products \" data-componentname=\"recipeRelatedProducts\" data-component-experience-variant=\"default\" data-component-variants=\"defaultView\" data-component-positions=\"0\"><strong>Prepara\u00e7\u00e3o:<\/strong><\/div>\n<\/div>\n<\/div>\n<\/div>\n<\/div>\n<div id=\"tabbed-content-panel__body-96-2\" class=\"tabbed-content-panel__body \" role=\"tabpanel\">\n<div class=\"par_tab_96 parsys\">\n<div class=\"component-wrapper section\">\n<div id=\"recipe-cooking-method-2ec0b85cd80ab150e4eafd0f46615b5a\" class=\"clearfix component recipe-cooking-method\" data-config=\"recipe-cooking-method-2ec0b85cd80ab150e4eafd0f46615b5a-config\" data-server=\"true\" data-role=\"recipe-cooking-method\">\n<div class=\"c-recipe-cooking-method \" data-componentname=\"recipeCookingMethod\" data-component-experience-variant=\"default\" data-component-variants=\"defaultView\" data-component-positions=\"0\">\n<ul class=\"c-recipe-cooking-method__list\">\n<li class=\"c-recipe-cooking-method__list-item\"><span class=\"c-recipe-cooking-method__description\">Tempere o peixe e o camar\u00e3o com sal e pimenta.<\/span><\/li>\n<li class=\"c-recipe-cooking-method__list-item\"><span class=\"c-recipe-cooking-method__description\">Aque\u00e7a uma colher de creme vegetal numa frigideira e cozinhe o peixe e o camar\u00e3o durante cerca de 4 minutos, virando e lascando o peixe.<\/span><\/li>\n<li class=\"c-recipe-cooking-method__list-item\"><span class=\"c-recipe-cooking-method__description\">Adicione as ervilhas e envolva.<\/span><\/li>\n<li class=\"c-recipe-cooking-method__list-item\"><span class=\"c-recipe-cooking-method__description\">Numa ta\u00e7a junte o molho branco com o conte\u00fado da embalagem de Knorr Creme de Marisco e misture com uma vara de arames.<\/span><\/li>\n<li class=\"c-recipe-cooking-method__list-item\"><span class=\"c-recipe-cooking-method__description\">Adicione o molho \u00e0 frigideira e misture. Deixe levantar fervura.<\/span><\/li>\n<li class=\"c-recipe-cooking-method__list-item\"><span class=\"c-recipe-cooking-method__description\">Coloque a mistura num prato de forno e polvilhe com o queijo ralado.<\/span><\/li>\n<li class=\"c-recipe-cooking-method__list-item\"><span class=\"c-recipe-cooking-method__description\">Leve ao forno a gratinar por cerca de 10 minutos. Sirva com arroz.<\/span><\/li>\n<\/ul>\n<p>Bom apetite!<\/p>\n<p>Veja mais em <a href=\"https:\/\/www.ateti.pt\/loja\/categoria\/mercearia\/diversos\/\">Diversos<\/a><\/p>\n<\/div>\n<\/div>\n<\/div>\n<\/div>\n<\/div>\n<\/div>\n<div class=\"component-wrapper section\">\n<div id=\"product-copy-v2-a00269ad3086804d60d70b80516886ad\" class=\"clearfix component product-copy-v2\" data-config=\"product-copy-v2-a00269ad3086804d60d70b80516886ad-config\" data-server=\"true\" data-role=\"product-copy-v2\">\n<div class=\"c-product-copy-v2 product-copy__features\" data-componentname=\"productCopyV2\" data-component-experience-variant=\"default\" data-component-variants=\"defaultView\" data-component-positions=\"19\">\n<div class=\"container\">\n<div class=\"c-product-copy-v2__wrapper\">\n<div class=\"c-product-copy-v2-content\">\n<div class=\"c-product-copy-v2-content__item\">\n<div class=\"component-wrapper section\">\n<div id=\"product-copy-v2-b81d189fd7a6edd6766da8c90b36c3ea\" class=\"clearfix component product-copy-v2\" data-config=\"product-copy-v2-b81d189fd7a6edd6766da8c90b36c3ea-config\" data-server=\"true\" data-role=\"product-copy-v2\">\n<div class=\"c-product-copy-v2 product-copy--how-to-use-steps\" data-componentname=\"productCopyV2\" data-component-experience-variant=\"default\" data-component-variants=\"defaultView\" data-component-positions=\"27\">\n<div class=\"container\">\n<div class=\"c-product-copy-v2__wrapper\">\n<div class=\"c-product-copy-v2-content\">\n<div><\/div>\n<\/div>\n<\/div>\n<\/div>\n<\/div>\n<\/div>\n<\/div>\n<\/div>\n<\/div>\n<\/div>\n<\/div>\n<\/div>\n<\/div>\n<\/div>\n","protected":false},"excerpt":{"rendered":"<p>24.86\u20ac\/kg<\/p>\n","protected":false},"featured_media":57120,"comment_status":"closed","ping_status":"closed","template":"","meta":{"_themeisle_gutenberg_block_has_review":false},"product_brand":[],"product_cat":[176,132],"product_tag":[],"woo-feed-brand":[],"class_list":{"0":"post-16106","1":"product","2":"type-product","3":"status-publish","4":"has-post-thumbnail","6":"product_cat-diversos","7":"product_cat-mercearia","8":"ts_product_brand-knorr","10":"first","11":"instock","12":"taxable","13":"shipping-taxable","14":"purchasable","15":"product-type-simple"},"_links":{"self":[{"href":"https:\/\/www.ateti.pt\/loja\/wp-json\/wp\/v2\/product\/16106","targetHints":{"allow":["GET"]}}],"collection":[{"href":"https:\/\/www.ateti.pt\/loja\/wp-json\/wp\/v2\/product"}],"about":[{"href":"https:\/\/www.ateti.pt\/loja\/wp-json\/wp\/v2\/types\/product"}],"replies":[{"embeddable":true,"href":"https:\/\/www.ateti.pt\/loja\/wp-json\/wp\/v2\/comments?post=16106"}],"wp:featuredmedia":[{"embeddable":true,"href":"https:\/\/www.ateti.pt\/loja\/wp-json\/wp\/v2\/media\/57120"}],"wp:attachment":[{"href":"https:\/\/www.ateti.pt\/loja\/wp-json\/wp\/v2\/media?parent=16106"}],"wp:term":[{"taxonomy":"product_brand","embeddable":true,"href":"https:\/\/www.ateti.pt\/loja\/wp-json\/wp\/v2\/product_brand?post=16106"},{"taxonomy":"product_cat","embeddable":true,"href":"https:\/\/www.ateti.pt\/loja\/wp-json\/wp\/v2\/product_cat?post=16106"},{"taxonomy":"product_tag","embeddable":true,"href":"https:\/\/www.ateti.pt\/loja\/wp-json\/wp\/v2\/product_tag?post=16106"},{"taxonomy":"woo-feed-brand","embeddable":true,"href":"https:\/\/www.ateti.pt\/loja\/wp-json\/wp\/v2\/woo-feed-brand?post=16106"}],"curies":[{"name":"wp","href":"https:\/\/api.w.org\/{rel}","templated":true}]}}