{"id":16102,"date":"2020-05-06T16:31:15","date_gmt":"2020-05-06T15:31:15","guid":{"rendered":"https:\/\/www.ateti.pt\/loja\/?post_type=product&#038;p=16102"},"modified":"2026-04-09T12:50:36","modified_gmt":"2026-04-09T11:50:36","slug":"sopa-de-cebola-4-porcoes-knorr-50-g","status":"publish","type":"product","link":"https:\/\/www.ateti.pt\/loja\/produto\/sopa-de-cebola-4-porcoes-knorr-50-g\/","title":{"rendered":"Sopa de Cebola Knorr 50g"},"content":{"rendered":"<h5>Sopa De Cebola Knorr<\/h5>\n<p><strong>Quantidade:<\/strong> 50g<\/p>\n<p>Comer sopa todos os dias contribui para uma dieta saud\u00e1vel e equilibrada. Rica em sabor, e com ingredientes cuidadosamente selecionados,\u00a0<b>Knorr Sopa de Cebola<\/b>\u00a0\u00e9 uma forma conveniente de contribuir para o equil\u00edbrio da sua alimenta\u00e7\u00e3o. Aproveite a versatilidade desta sopa para experiment\u00e1-la como forma de dar mais sabor aos seus cozinhados!<\/p>\n<div class=\"component-wrapper section\">\n<div id=\"product-copy-v2-6b732e997423f4e6bb878907ffad6a0a\" class=\"clearfix component product-copy-v2\" data-config=\"product-copy-v2-6b732e997423f4e6bb878907ffad6a0a-config\" data-server=\"true\" data-role=\"product-copy-v2\">\n<div class=\"c-product-copy-v2 product-copy__title\" data-componentname=\"productCopyV2\" data-component-experience-variant=\"default\" data-component-variants=\"copy\" data-component-positions=\"17\">\n<div class=\"container\">\n<div class=\"c-product-copy-v2__wrapper\">\n<div class=\"c-product-copy-v2-content\">\n<div class=\"c-product-copy-v2-content__item\">Reconfortantes e saborosas<\/div>\n<\/div>\n<\/div>\n<\/div>\n<\/div>\n<\/div>\n<\/div>\n<div class=\"component-wrapper section\">\n<div id=\"product-copy-v2-d68d2aa0760a387b913bed1f828a2829\" class=\"clearfix component product-copy-v2\" data-config=\"product-copy-v2-d68d2aa0760a387b913bed1f828a2829-config\" data-server=\"true\" data-role=\"product-copy-v2\">\n<div class=\"c-product-copy-v2 product-copy__description\" data-componentname=\"productCopyV2\" data-component-experience-variant=\"default\" data-component-variants=\"defaultView\" data-component-positions=\"18\">\n<div class=\"container\">\n<div class=\"c-product-copy-v2__wrapper\">\n<div class=\"c-product-copy-v2-content\">\n<div class=\"c-product-copy-v2-content__item\">Conhe\u00e7a os benef\u00edcios de Knorr Sopa de Cebola: uma receita vers\u00e1til que vai tornar as suas refei\u00e7\u00f5es ainda mais deliciosas.<\/div>\n<\/div>\n<\/div>\n<\/div>\n<\/div>\n<\/div>\n<\/div>\n<div class=\"component-wrapper section\">\n<div id=\"product-copy-v2-23d980e0c11433de354e5ff09b9537da\" class=\"clearfix component product-copy-v2\" data-config=\"product-copy-v2-23d980e0c11433de354e5ff09b9537da-config\" data-server=\"true\" data-role=\"product-copy-v2\">\n<div class=\"c-product-copy-v2 product-copy__features\" data-componentname=\"productCopyV2\" data-component-experience-variant=\"default\" data-component-variants=\"defaultView\" data-component-positions=\"19\">\n<div class=\"container\">\n<div class=\"c-product-copy-v2__wrapper\">\n<div class=\"c-product-copy-v2-content\">\n<div class=\"c-product-copy-v2-content__item\">\n<ul>\n<li>Sem corantes nem\u00a0conservantes<\/li>\n<li>Sem intensificadores de sabor<\/li>\n<li>Feito com tomate de origem sustent\u00e1vel<\/li>\n<\/ul>\n<p><strong>Ingredientes: <\/strong>Cebola (41%), amido, sal, gordura de palma, aromas, cloreto de pot\u00e1ssio\u00b9, a\u00e7\u00facar, farinha de TRIGO, prote\u00ednas vegetais hidrolisadas, pur\u00e9 de tomate\u00b2 (0,9%), extrato de levedura, especiarias, extrato de malte de CEVADA, alho, beterraba. Pode conter leite, ovo, aipo e mostarda.<\/p>\n<div class=\"component-wrapper section\">\n<div class=\"c-column-control c-column-control--column-nutrition \">\n<div id=\"iea-component-layout-container-ac950a05112c319143c112a665b604bf\">\n<div class=\"section clearfix \">\n<div id=\"container_ac950a05112c319143c112a665b604bf\" class=\"column-container row\">\n<div class=\"col-md-12\">\n<div class=\"container_par_1 parsys\">\n<div class=\"component-wrapper section\">\n<div id=\"product-copy-v2-487ef36ed5806f4340209816d89bcdca\" class=\"clearfix component product-copy-v2\" data-config=\"product-copy-v2-487ef36ed5806f4340209816d89bcdca-config\" data-server=\"true\" data-role=\"product-copy-v2\">\n<div class=\"c-product-copy-v2 c-product-copy-v2--type-c \" data-componentname=\"productCopyV2\" data-component-experience-variant=\"default\" data-component-variants=\"copy\" data-component-positions=\"22\">\n<div class=\"container\">\n<div class=\"c-product-copy-v2__wrapper\">\n<div class=\"c-product-copy-v2-content\">\n<div class=\"c-product-copy-v2-content__item\">\u00b9Substituto do sal.<br \/>\n\u00b2Produzido a partir de tomate de origem sustent\u00e1vel.<\/div>\n<\/div>\n<\/div>\n<\/div>\n<\/div>\n<\/div>\n<\/div>\n<\/div>\n<\/div>\n<\/div>\n<\/div>\n<\/div>\n<\/div>\n<\/div>\n<div class=\"component-wrapper section\">\n<div id=\"product-copy-v2-f504bb2c8766f0a2b52b7c51a118cf03\" class=\"clearfix component product-copy-v2\" data-config=\"product-copy-v2-f504bb2c8766f0a2b52b7c51a118cf03-config\" data-server=\"true\" data-role=\"product-copy-v2\">\n<div class=\"c-product-copy-v2 product-copy--how-to-use\" data-componentname=\"productCopyV2\" data-component-experience-variant=\"default\" data-component-variants=\"copy\" data-component-positions=\"26\">\n<div class=\"container\">\n<div class=\"c-product-copy-v2__wrapper\">\n<div><\/div>\n<div class=\"c-product-copy-v2-heading\"><strong>Modo de Utiliza\u00e7\u00e3o:<\/strong><\/div>\n<div class=\"c-product-copy-v2-content\"><\/div>\n<\/div>\n<\/div>\n<\/div>\n<\/div>\n<\/div>\n<div class=\"component-wrapper section\">\n<div id=\"product-copy-v2-5f825d20ef53b6da077fc4a133ef322d\" class=\"clearfix component product-copy-v2\" data-config=\"product-copy-v2-5f825d20ef53b6da077fc4a133ef322d-config\" data-server=\"true\" data-role=\"product-copy-v2\">\n<div class=\"c-product-copy-v2 product-copy--how-to-use-steps\" data-componentname=\"productCopyV2\" data-component-experience-variant=\"default\" data-component-variants=\"defaultView\" data-component-positions=\"27\">\n<div class=\"container\">\n<div class=\"c-product-copy-v2__wrapper\">\n<div class=\"c-product-copy-v2-content\">\n<div class=\"c-product-copy-v2-content__item\">1. Num tacho leve ao lume 1 litro de \u00e1gua. Quando come\u00e7ar a ferver junte o conte\u00fado da embalagem e mexa com uma vara de arames.<\/div>\n<div class=\"c-product-copy-v2-content__item\">2. Deixe cozer durante 5 minutos em lume brando, sem tapar completamente o recipiente, mexendo de vez em quando.<\/div>\n<\/div>\n<\/div>\n<\/div>\n<\/div>\n<\/div>\n<\/div>\n<\/div>\n<\/div>\n<\/div>\n<\/div>\n<\/div>\n<\/div>\n<\/div>\n<div><\/div>\n<div>Bom apetite!<\/div>\n<div>Veja mais em <a href=\"https:\/\/www.ateti.pt\/loja\/categoria\/mercearia\/diversos\/\">Diversos<\/a><\/div>\n<div class=\"component-wrapper section\">\n<div id=\"product-copy-v2-23d980e0c11433de354e5ff09b9537da\" class=\"clearfix component product-copy-v2\" data-config=\"product-copy-v2-23d980e0c11433de354e5ff09b9537da-config\" data-server=\"true\" data-role=\"product-copy-v2\">\n<div class=\"c-product-copy-v2 product-copy__features\" data-componentname=\"productCopyV2\" data-component-experience-variant=\"default\" data-component-variants=\"defaultView\" data-component-positions=\"19\">\n<div class=\"container\">\n<div class=\"c-product-copy-v2__wrapper\">\n<div class=\"c-product-copy-v2-content\">\n<div class=\"c-product-copy-v2-content__item\">\n<div class=\"component-wrapper section\">\n<div id=\"product-copy-v2-5f825d20ef53b6da077fc4a133ef322d\" class=\"clearfix component product-copy-v2\" data-config=\"product-copy-v2-5f825d20ef53b6da077fc4a133ef322d-config\" data-server=\"true\" data-role=\"product-copy-v2\">\n<div class=\"c-product-copy-v2 product-copy--how-to-use-steps\" data-componentname=\"productCopyV2\" data-component-experience-variant=\"default\" data-component-variants=\"defaultView\" data-component-positions=\"27\">\n<div class=\"container\">\n<div class=\"c-product-copy-v2__wrapper\">\n<div class=\"c-product-copy-v2-content\">\n<div><\/div>\n<\/div>\n<div><\/div>\n<\/div>\n<\/div>\n<\/div>\n<\/div>\n<\/div>\n<\/div>\n<\/div>\n<\/div>\n<\/div>\n<\/div>\n<\/div>\n<\/div>\n","protected":false},"excerpt":{"rendered":"<p>35.80\u20ac\/kg<\/p>\n","protected":false},"featured_media":57305,"comment_status":"closed","ping_status":"closed","template":"","meta":{"_themeisle_gutenberg_block_has_review":false},"product_brand":[],"product_cat":[176,132],"product_tag":[],"woo-feed-brand":[],"class_list":{"0":"post-16102","1":"product","2":"type-product","3":"status-publish","4":"has-post-thumbnail","6":"product_cat-diversos","7":"product_cat-mercearia","8":"ts_product_brand-knorr","10":"first","11":"instock","12":"taxable","13":"shipping-taxable","14":"purchasable","15":"product-type-simple"},"_links":{"self":[{"href":"https:\/\/www.ateti.pt\/loja\/wp-json\/wp\/v2\/product\/16102","targetHints":{"allow":["GET"]}}],"collection":[{"href":"https:\/\/www.ateti.pt\/loja\/wp-json\/wp\/v2\/product"}],"about":[{"href":"https:\/\/www.ateti.pt\/loja\/wp-json\/wp\/v2\/types\/product"}],"replies":[{"embeddable":true,"href":"https:\/\/www.ateti.pt\/loja\/wp-json\/wp\/v2\/comments?post=16102"}],"wp:featuredmedia":[{"embeddable":true,"href":"https:\/\/www.ateti.pt\/loja\/wp-json\/wp\/v2\/media\/57305"}],"wp:attachment":[{"href":"https:\/\/www.ateti.pt\/loja\/wp-json\/wp\/v2\/media?parent=16102"}],"wp:term":[{"taxonomy":"product_brand","embeddable":true,"href":"https:\/\/www.ateti.pt\/loja\/wp-json\/wp\/v2\/product_brand?post=16102"},{"taxonomy":"product_cat","embeddable":true,"href":"https:\/\/www.ateti.pt\/loja\/wp-json\/wp\/v2\/product_cat?post=16102"},{"taxonomy":"product_tag","embeddable":true,"href":"https:\/\/www.ateti.pt\/loja\/wp-json\/wp\/v2\/product_tag?post=16102"},{"taxonomy":"woo-feed-brand","embeddable":true,"href":"https:\/\/www.ateti.pt\/loja\/wp-json\/wp\/v2\/woo-feed-brand?post=16102"}],"curies":[{"name":"wp","href":"https:\/\/api.w.org\/{rel}","templated":true}]}}