{"id":16097,"date":"2020-05-06T16:18:40","date_gmt":"2020-05-06T16:18:40","guid":{"rendered":"https:\/\/www.ateti.pt\/loja\/?post_type=product&#038;p=16097"},"modified":"2025-12-03T09:54:58","modified_gmt":"2025-12-03T09:54:58","slug":"fermento-royal-royal-113g","status":"publish","type":"product","link":"https:\/\/www.ateti.pt\/loja\/produto\/fermento-royal-royal-113g\/","title":{"rendered":"Fermento Royal 113g"},"content":{"rendered":"<h5>Fermento Royal<\/h5>\n<p>Quantidade: 113g<\/p>\n<p><strong>Conserva\u00e7\u00e3o: <\/strong>Conservar em lugar fresco e seco.<\/p>\n<p><strong>Ingredientes: <\/strong>Levedantes (difosfato diss\u00f3dico E-450 (i)), bicarbonato de s\u00f3dio E-500 (ii)), amido de milho. PODE CONTER LEITE. Pode conter vest\u00edgios de Leite.<\/p>\n<p>Sugest\u00e3o de receita<\/p>\n<h5>Bolo de cenoura<\/h5>\n<p><strong>Ingredientes:<\/strong><\/p>\n<ul>\n<li>1\/2 x\u00edcara (ch\u00e1) de \u00f3leo<\/li>\n<li>3 cenouras m\u00e9dias raladas<\/li>\n<li>4 ovos<\/li>\n<li>2 x\u00edcaras (ch\u00e1) de a\u00e7\u00facar<\/li>\n<li>2 e 1\/2 x\u00edcaras (ch\u00e1) de farinha de trigo<\/li>\n<li>1 colher (sopa) de fermento em p\u00f3<\/li>\n<\/ul>\n<p><strong>Cobertura:<\/strong><\/p>\n<ul>\n<li>1 colher (sopa) de manteiga<\/li>\n<li>3 colheres (sopa) de chocolate em p\u00f3<\/li>\n<li>1 x\u00edcara (ch\u00e1) de a\u00e7\u00facar<\/li>\n<li>1 x\u00edcara (ch\u00e1) de leite<\/li>\n<\/ul>\n<p><strong>Prepara\u00e7\u00e3o:<\/strong><\/p>\n<ol>\n<li>Em um liquidificador, adicione a cenoura, os ovos e o \u00f3leo, depois misture.<\/li>\n<li>Acrescente o a\u00e7\u00facar e bata novamente por 5 minutos.<\/li>\n<li>Em uma tigela ou na batedeira, adicione a farinha de trigo e depois\u00a0misture novamente.<\/li>\n<li>Acrescente o fermento e misture lentamente com uma colher.<\/li>\n<li>Asse em um forno pr\u00e9 aquecido a 180\u00b0 C por aproximadamente 40 minutos.<\/li>\n<\/ol>\n<p><strong>Prepara\u00e7\u00e3o da cobertura:<\/strong><\/p>\n<ol>\n<li>Despeje em uma tigela a manteiga, o chocolate em p\u00f3, o a\u00e7\u00facar e o leite, depois misture.<\/li>\n<li>Leve a mistura ao fogo e continue misturando at\u00e9 obter uma consist\u00eancia cremosa, depois despeje a\u00a0calda por cima do bolo.<\/li>\n<\/ol>\n<p>Bom apetite!<\/p>\n<p>Veja mais em <a href=\"https:\/\/www.ateti.pt\/loja\/categoria\/mercearia\/farinhaeacucares\/\">Farinhas e A\u00e7\u00facares<\/a><\/p>\n","protected":false},"excerpt":{"rendered":"<p>16.73\u20ac\/kg<\/p>\n","protected":false},"featured_media":57239,"comment_status":"closed","ping_status":"closed","template":"","meta":{"_themeisle_gutenberg_block_has_review":false},"product_brand":[],"product_cat":[188,132],"product_tag":[],"woo-feed-brand":[],"class_list":{"0":"post-16097","1":"product","2":"type-product","3":"status-publish","4":"has-post-thumbnail","6":"product_cat-farinhaeacucares","7":"product_cat-mercearia","8":"ts_product_brand-royal","10":"first","11":"instock","12":"taxable","13":"shipping-taxable","14":"purchasable","15":"product-type-simple"},"_links":{"self":[{"href":"https:\/\/www.ateti.pt\/loja\/wp-json\/wp\/v2\/product\/16097","targetHints":{"allow":["GET"]}}],"collection":[{"href":"https:\/\/www.ateti.pt\/loja\/wp-json\/wp\/v2\/product"}],"about":[{"href":"https:\/\/www.ateti.pt\/loja\/wp-json\/wp\/v2\/types\/product"}],"replies":[{"embeddable":true,"href":"https:\/\/www.ateti.pt\/loja\/wp-json\/wp\/v2\/comments?post=16097"}],"wp:featuredmedia":[{"embeddable":true,"href":"https:\/\/www.ateti.pt\/loja\/wp-json\/wp\/v2\/media\/57239"}],"wp:attachment":[{"href":"https:\/\/www.ateti.pt\/loja\/wp-json\/wp\/v2\/media?parent=16097"}],"wp:term":[{"taxonomy":"product_brand","embeddable":true,"href":"https:\/\/www.ateti.pt\/loja\/wp-json\/wp\/v2\/product_brand?post=16097"},{"taxonomy":"product_cat","embeddable":true,"href":"https:\/\/www.ateti.pt\/loja\/wp-json\/wp\/v2\/product_cat?post=16097"},{"taxonomy":"product_tag","embeddable":true,"href":"https:\/\/www.ateti.pt\/loja\/wp-json\/wp\/v2\/product_tag?post=16097"},{"taxonomy":"woo-feed-brand","embeddable":true,"href":"https:\/\/www.ateti.pt\/loja\/wp-json\/wp\/v2\/woo-feed-brand?post=16097"}],"curies":[{"name":"wp","href":"https:\/\/api.w.org\/{rel}","templated":true}]}}