{"id":16093,"date":"2020-06-06T16:14:58","date_gmt":"2020-06-06T15:14:58","guid":{"rendered":"https:\/\/www.ateti.pt\/loja\/?post_type=product&#038;p=16093"},"modified":"2025-12-15T11:04:59","modified_gmt":"2025-12-15T11:04:59","slug":"pao-de-forma-dulia-770g","status":"publish","type":"product","link":"https:\/\/www.ateti.pt\/loja\/produto\/pao-de-forma-dulia-770g\/","title":{"rendered":"P\u00e3o de Forma Dulia 500g"},"content":{"rendered":"<h5>P\u00e3o de Forma Dulia<\/h5>\n<p>Quantidade: 500g<\/p>\n<p><strong>Ingredientes: <\/strong>farinha de trigo, \u00e1gua, levedura, a\u00e7\u00facar, sal, azeite de oliva refinado, conservantes (E-282, E-200), vinagre de \u00e1lcool, gl\u00faten, farinha de fava, emulsionantes (E-481, E-471), agentes de tratamento da farinha (E-300, enzimas). Pode conter vest\u00edgios de s\u00e9samo, soja, leite, ovos e frutos de casca rija.<\/p>\n<p><strong>Declara\u00e7\u00e3o Nutricional (por 100g): <\/strong>Energia: 1041kj\/246kcal; L\u00edpidos: 2,3g; dos quais Saturados: 0,6g; Hidratos de Carbono: 46g; dos quais A\u00e7ucares: 3,8g; Fibra: 2,3g; Prote\u00edna: 9,1g; Sal: 0,9g.<\/p>\n<p>Veja mais em <a href=\"https:\/\/www.ateti.pt\/loja\/categoria\/mercearia\/chocolates-biscoitos-e-cereais\/pequeno-almoco-e-cereais\/\">Pequeno Almo\u00e7o e Cereais<\/a><\/p>\n","protected":false},"excerpt":{"rendered":"<p>2.98\u20ac\/kg<\/p>\n","protected":false},"featured_media":60896,"comment_status":"closed","ping_status":"closed","template":"","meta":{"_themeisle_gutenberg_block_has_review":false},"product_brand":[],"product_cat":[144,891,132,665,598,145],"product_tag":[],"woo-feed-brand":[],"class_list":{"0":"post-16093","1":"product","2":"type-product","3":"status-publish","4":"has-post-thumbnail","6":"product_cat-chocolates-biscoitos-e-cereais","7":"product_cat-iva-zero","8":"product_cat-mercearia","9":"product_cat-padaria","10":"product_cat-padaria-pastelaria","11":"product_cat-pequeno-almoco-e-cereais","12":"ts_product_brand-dulia","14":"first","15":"instock","16":"taxable","17":"shipping-taxable","18":"purchasable","19":"product-type-simple"},"_links":{"self":[{"href":"https:\/\/www.ateti.pt\/loja\/wp-json\/wp\/v2\/product\/16093","targetHints":{"allow":["GET"]}}],"collection":[{"href":"https:\/\/www.ateti.pt\/loja\/wp-json\/wp\/v2\/product"}],"about":[{"href":"https:\/\/www.ateti.pt\/loja\/wp-json\/wp\/v2\/types\/product"}],"replies":[{"embeddable":true,"href":"https:\/\/www.ateti.pt\/loja\/wp-json\/wp\/v2\/comments?post=16093"}],"wp:featuredmedia":[{"embeddable":true,"href":"https:\/\/www.ateti.pt\/loja\/wp-json\/wp\/v2\/media\/60896"}],"wp:attachment":[{"href":"https:\/\/www.ateti.pt\/loja\/wp-json\/wp\/v2\/media?parent=16093"}],"wp:term":[{"taxonomy":"product_brand","embeddable":true,"href":"https:\/\/www.ateti.pt\/loja\/wp-json\/wp\/v2\/product_brand?post=16093"},{"taxonomy":"product_cat","embeddable":true,"href":"https:\/\/www.ateti.pt\/loja\/wp-json\/wp\/v2\/product_cat?post=16093"},{"taxonomy":"product_tag","embeddable":true,"href":"https:\/\/www.ateti.pt\/loja\/wp-json\/wp\/v2\/product_tag?post=16093"},{"taxonomy":"woo-feed-brand","embeddable":true,"href":"https:\/\/www.ateti.pt\/loja\/wp-json\/wp\/v2\/woo-feed-brand?post=16093"}],"curies":[{"name":"wp","href":"https:\/\/api.w.org\/{rel}","templated":true}]}}