{"id":16081,"date":"2020-05-06T15:49:06","date_gmt":"2020-05-06T15:49:06","guid":{"rendered":"https:\/\/www.ateti.pt\/loja\/?post_type=product&#038;p=16081"},"modified":"2025-11-11T12:33:04","modified_gmt":"2025-11-11T12:33:04","slug":"sardinha-em-oleo-picante-ramirez-125g","status":"publish","type":"product","link":"https:\/\/www.ateti.pt\/loja\/produto\/sardinha-em-oleo-picante-ramirez-125g\/","title":{"rendered":"Sardinha em \u00d3leo Picante Ramirez 125g"},"content":{"rendered":"<h5>Sardinha em \u00d3leo Picante Ramirez<\/h5>\n<p>Quantidade: 125g<\/p>\n<p><strong>Ingredientes: <\/strong>Sardinhas (peixe), \u00f3leo de soja, piri-piri 2% e sal.<\/p>\n<p><strong>Declara\u00e7\u00e3o Nutricional (por 100g): <\/strong>Energia: 937kj\/228kcal; L\u00edpidos: 15g: dos quais Saturados: 3,5g; dos quais Polinsaturados: 7,4g; Hidratos de Carbono: 0,1g; dos quais A\u00e7ucares: 0g; Prote\u00ednas: 24g; Sal: 0,7g; \u00d3mega-3: 3,4g.<\/p>\n<p><strong>Descri\u00e7\u00e3o:\u00a0<\/strong>A sardinha em \u00f3leo vegetal picante prev\u00ea a inclus\u00e3o de malagueta de piripiri inteira por lata, por forma a conferir um tempero mais apimentado \u00e0s sardinhas. O fruto fresco da malagueta inteira, utilizado pela Ramirez, confere ao molho um sabor mais envolvente do que o piripiri em p\u00f3. A sardinha \u00e9 o peixe de refer\u00eancia da dieta mediterr\u00e2nea e \u00e9 aconselhada por nutricionistas em todo o mundo devido, fundamentalmente, ao seu alto teor de \u00d3mega 3, um \u00e1cido gordo polinsaturado, que protege o cora\u00e7\u00e3o e ajuda a reduzir o risco de ataque card\u00edaco, controlando os n\u00edveis de colesterol presentes no sangue.<\/p>\n<p>Veja mais em <a href=\"https:\/\/www.ateti.pt\/loja\/categoria\/mercearia\/conservas\/\">Conservas<\/a><\/p>\n","protected":false},"excerpt":{"rendered":"<p>10.32\u20ac\/kg<\/p>\n","protected":false},"featured_media":42280,"comment_status":"closed","ping_status":"closed","template":"","meta":{"_themeisle_gutenberg_block_has_review":false},"product_brand":[],"product_cat":[155,132],"product_tag":[],"woo-feed-brand":[],"class_list":{"0":"post-16081","1":"product","2":"type-product","3":"status-publish","4":"has-post-thumbnail","6":"product_cat-conservas","7":"product_cat-mercearia","8":"ts_product_brand-ramirez","10":"first","11":"instock","12":"taxable","13":"shipping-taxable","14":"purchasable","15":"product-type-simple"},"_links":{"self":[{"href":"https:\/\/www.ateti.pt\/loja\/wp-json\/wp\/v2\/product\/16081","targetHints":{"allow":["GET"]}}],"collection":[{"href":"https:\/\/www.ateti.pt\/loja\/wp-json\/wp\/v2\/product"}],"about":[{"href":"https:\/\/www.ateti.pt\/loja\/wp-json\/wp\/v2\/types\/product"}],"replies":[{"embeddable":true,"href":"https:\/\/www.ateti.pt\/loja\/wp-json\/wp\/v2\/comments?post=16081"}],"wp:featuredmedia":[{"embeddable":true,"href":"https:\/\/www.ateti.pt\/loja\/wp-json\/wp\/v2\/media\/42280"}],"wp:attachment":[{"href":"https:\/\/www.ateti.pt\/loja\/wp-json\/wp\/v2\/media?parent=16081"}],"wp:term":[{"taxonomy":"product_brand","embeddable":true,"href":"https:\/\/www.ateti.pt\/loja\/wp-json\/wp\/v2\/product_brand?post=16081"},{"taxonomy":"product_cat","embeddable":true,"href":"https:\/\/www.ateti.pt\/loja\/wp-json\/wp\/v2\/product_cat?post=16081"},{"taxonomy":"product_tag","embeddable":true,"href":"https:\/\/www.ateti.pt\/loja\/wp-json\/wp\/v2\/product_tag?post=16081"},{"taxonomy":"woo-feed-brand","embeddable":true,"href":"https:\/\/www.ateti.pt\/loja\/wp-json\/wp\/v2\/woo-feed-brand?post=16081"}],"curies":[{"name":"wp","href":"https:\/\/api.w.org\/{rel}","templated":true}]}}