{"id":16079,"date":"2020-05-06T15:39:24","date_gmt":"2020-05-06T15:39:24","guid":{"rendered":"https:\/\/www.ateti.pt\/loja\/?post_type=product&#038;p=16079"},"modified":"2025-11-28T11:02:47","modified_gmt":"2025-11-28T11:02:47","slug":"sardinha-em-oleo-vegetal-ramirez-125g","status":"publish","type":"product","link":"https:\/\/www.ateti.pt\/loja\/produto\/sardinha-em-oleo-vegetal-ramirez-125g\/","title":{"rendered":"Sardinha em \u00d3leo Vegetal Ramirez 125g"},"content":{"rendered":"<h5>Sardinha em \u00d3leo Vegetal Ramirez<\/h5>\n<p>Quantidade: 125g<\/p>\n<p><strong>Descri\u00e7\u00e3o:\u00a0<\/strong>A conserva de sardinha em \u00f3leo vegetal \u00e9 um produto tradicional na alimenta\u00e7\u00e3o dos portugueses, que a Ramirez se orgulha de produzir desde meados do s\u00e9culo XIX.<\/p>\n<p>A sardinha \u00e9 o peixe de refer\u00eancia da dieta mediterr\u00e2nica e \u00e9 aconselhada por nutricionistas em todo o mundo devido, fundamentalmente, ao seu alto teor de \u00d3mega 3, um \u00e1cido gordo polinsaturado, que protege o cora\u00e7\u00e3o e ajuda a reduzir o risco de ataque card\u00edaco, controlando os n\u00edveis de colesterol presentes no sangue.<\/p>\n<p>Veja mais em <a href=\"https:\/\/www.ateti.pt\/loja\/categoria\/mercearia\/conservas\/\">Conservas<\/a><\/p>\n","protected":false},"excerpt":{"rendered":"<p>10.32\u20ac\/kg<\/p>\n","protected":false},"featured_media":42281,"comment_status":"closed","ping_status":"closed","template":"","meta":{"_themeisle_gutenberg_block_has_review":false},"product_brand":[],"product_cat":[155,132],"product_tag":[],"woo-feed-brand":[],"class_list":{"0":"post-16079","1":"product","2":"type-product","3":"status-publish","4":"has-post-thumbnail","6":"product_cat-conservas","7":"product_cat-mercearia","8":"ts_product_brand-ramirez","10":"first","11":"instock","12":"taxable","13":"shipping-taxable","14":"purchasable","15":"product-type-simple"},"_links":{"self":[{"href":"https:\/\/www.ateti.pt\/loja\/wp-json\/wp\/v2\/product\/16079","targetHints":{"allow":["GET"]}}],"collection":[{"href":"https:\/\/www.ateti.pt\/loja\/wp-json\/wp\/v2\/product"}],"about":[{"href":"https:\/\/www.ateti.pt\/loja\/wp-json\/wp\/v2\/types\/product"}],"replies":[{"embeddable":true,"href":"https:\/\/www.ateti.pt\/loja\/wp-json\/wp\/v2\/comments?post=16079"}],"wp:featuredmedia":[{"embeddable":true,"href":"https:\/\/www.ateti.pt\/loja\/wp-json\/wp\/v2\/media\/42281"}],"wp:attachment":[{"href":"https:\/\/www.ateti.pt\/loja\/wp-json\/wp\/v2\/media?parent=16079"}],"wp:term":[{"taxonomy":"product_brand","embeddable":true,"href":"https:\/\/www.ateti.pt\/loja\/wp-json\/wp\/v2\/product_brand?post=16079"},{"taxonomy":"product_cat","embeddable":true,"href":"https:\/\/www.ateti.pt\/loja\/wp-json\/wp\/v2\/product_cat?post=16079"},{"taxonomy":"product_tag","embeddable":true,"href":"https:\/\/www.ateti.pt\/loja\/wp-json\/wp\/v2\/product_tag?post=16079"},{"taxonomy":"woo-feed-brand","embeddable":true,"href":"https:\/\/www.ateti.pt\/loja\/wp-json\/wp\/v2\/woo-feed-brand?post=16079"}],"curies":[{"name":"wp","href":"https:\/\/api.w.org\/{rel}","templated":true}]}}