{"id":16040,"date":"2020-05-06T14:31:33","date_gmt":"2020-05-06T14:31:33","guid":{"rendered":"https:\/\/www.ateti.pt\/loja\/?post_type=product&#038;p=16040"},"modified":"2026-04-09T12:50:36","modified_gmt":"2026-04-09T11:50:36","slug":"pate-de-fiambre-la-piara-77g","status":"publish","type":"product","link":"https:\/\/www.ateti.pt\/loja\/produto\/pate-de-fiambre-la-piara-77g\/","title":{"rendered":"Pat\u00ea de Fiambre La Piara 77g"},"content":{"rendered":"<h5>Pat\u00ea de Fiambre La Piara<\/h5>\n<p>Quantidade: 77g<\/p>\n<p><strong>Ingredientes:<\/strong> Carne de porco magra 38%, pur\u00e9 de batata, leite magro, \u00e1gua, \u00f3leo de girassol, amido, sal, fibra vegetal, especiarias, extrato de levedura, aromas (cont\u00e9m soja), aroma de fumo, antioxidante (ascorbato de s\u00f3dio), estabilizador (trifosfatos), intensificador de sabor (glutamato monoss\u00f3dico), conservante (nitrito de s\u00f3dio), corante (carminas).<\/p>\n<p><strong>Declara\u00e7\u00e3o Nutricional (por 100g):<\/strong> Energia: 682kj\/164kcal; L\u00edpidos: 11g; dos quais Saturados: 2,5g: Hidratos de Carbono: 6,7g; dos quais A\u00e7ucares: 0,8g; Prote\u00ednas: 8,7g; Sal: 1,7g.<\/p>\n<p>Veja mais em <a href=\"https:\/\/www.ateti.pt\/loja\/categoria\/mercearia\/aperitivos\/\">Aperitivos<\/a><\/p>\n<p>&nbsp;<\/p>\n","protected":false},"excerpt":{"rendered":"<p>28.44\u20ac\/kg<\/p>\n","protected":false},"featured_media":57086,"comment_status":"closed","ping_status":"closed","template":"","meta":{"_themeisle_gutenberg_block_has_review":false},"product_brand":[],"product_cat":[206,132],"product_tag":[],"woo-feed-brand":[],"class_list":{"0":"post-16040","1":"product","2":"type-product","3":"status-publish","4":"has-post-thumbnail","6":"product_cat-aperitivos","7":"product_cat-mercearia","8":"ts_product_brand-la-piara","10":"first","11":"instock","12":"taxable","13":"shipping-taxable","14":"purchasable","15":"product-type-simple"},"_links":{"self":[{"href":"https:\/\/www.ateti.pt\/loja\/wp-json\/wp\/v2\/product\/16040","targetHints":{"allow":["GET"]}}],"collection":[{"href":"https:\/\/www.ateti.pt\/loja\/wp-json\/wp\/v2\/product"}],"about":[{"href":"https:\/\/www.ateti.pt\/loja\/wp-json\/wp\/v2\/types\/product"}],"replies":[{"embeddable":true,"href":"https:\/\/www.ateti.pt\/loja\/wp-json\/wp\/v2\/comments?post=16040"}],"wp:featuredmedia":[{"embeddable":true,"href":"https:\/\/www.ateti.pt\/loja\/wp-json\/wp\/v2\/media\/57086"}],"wp:attachment":[{"href":"https:\/\/www.ateti.pt\/loja\/wp-json\/wp\/v2\/media?parent=16040"}],"wp:term":[{"taxonomy":"product_brand","embeddable":true,"href":"https:\/\/www.ateti.pt\/loja\/wp-json\/wp\/v2\/product_brand?post=16040"},{"taxonomy":"product_cat","embeddable":true,"href":"https:\/\/www.ateti.pt\/loja\/wp-json\/wp\/v2\/product_cat?post=16040"},{"taxonomy":"product_tag","embeddable":true,"href":"https:\/\/www.ateti.pt\/loja\/wp-json\/wp\/v2\/product_tag?post=16040"},{"taxonomy":"woo-feed-brand","embeddable":true,"href":"https:\/\/www.ateti.pt\/loja\/wp-json\/wp\/v2\/woo-feed-brand?post=16040"}],"curies":[{"name":"wp","href":"https:\/\/api.w.org\/{rel}","templated":true}]}}