{"id":16037,"date":"2020-05-06T14:25:15","date_gmt":"2020-05-06T13:25:15","guid":{"rendered":"https:\/\/www.ateti.pt\/loja\/?post_type=product&#038;p=16037"},"modified":"2025-06-22T17:50:40","modified_gmt":"2025-06-22T16:50:40","slug":"coentros-em-folha-margao-7-gr","status":"publish","type":"product","link":"https:\/\/www.ateti.pt\/loja\/produto\/coentros-em-folha-margao-7-gr\/","title":{"rendered":"Coentros em Folha Marg\u00e3o 7g"},"content":{"rendered":"<h5>Coentros em Folha Marg\u00e3o<\/h5>\n<p>Quantidade: 7g<\/p>\n<p><strong>Descri\u00e7\u00e3o:<\/strong> Os coentros s\u00e3o\u00a0 uma erva natural e vulgar no Sul da Europa e no Oeste da \u00c1sia h\u00e1 milhares de anos. Com\u00a0 um agrad\u00e1vel sabor a nozes e a especiarias, o odor e o gosto dos caules dos coentros, tal como as ra\u00edzes, s\u00e3o intensos.<\/p>\n<p><strong>Utiliza\u00e7\u00e3o:<\/strong> Ideal para refogados e para temperar os mais variados pratos. Os coentros combinam com cominhos, piripiri, hortel\u00e3 fresca e alho.<\/p>\n<p><strong>Receita relacionada:<\/strong><\/p>\n<div class=\"col-xs-12\">\n<p class=\"main-title\">Ingredientes:<\/p>\n<\/div>\n<div class=\"col-xs-12 col-md-5\">\n<ul class=\"recipe-about-list\">\n<li>1 kg de ameijoas<\/li>\n<li>1 lim\u00e3o (sumo)<\/li>\n<li>1 colher de sopa Coentros Marg\u00e3o<\/li>\n<li>3 colheres de sopa azeite<\/li>\n<li>1 colher de ch\u00e1 alho cortado<\/li>\n<\/ul>\n<p><strong>Prepara\u00e7\u00e3o:<\/strong><\/p>\n<ul>\n<li class=\"row step\">\n<div class=\"col-xs-12 col-md-12 step-content\">\n<p>Coloque ao lume uma frigideira com o azeite, o alho e as ameijoas, tudo ao mesmo tempo. Ligue o fog\u00e3o em lume m\u00e1ximo at\u00e9 que as ameijoas abram.<\/p>\n<\/div>\n<\/li>\n<li class=\"row step\">\n<div class=\"col-xs-12 col-md-12 step-content\">\n<p>De seguida esprema um lim\u00e3o e polvilhe com coentros. Cozinhe durante mais 2m.<\/p>\n<\/div>\n<\/li>\n<li class=\"row step\">\n<div class=\"col-xs-12 col-md-12 step-content\">\n<p>Acompanhe com p\u00e3o torrado de alho.<\/p>\n<\/div>\n<\/li>\n<\/ul>\n<\/div>\n<p>Veja mais em <a href=\"https:\/\/www.ateti.pt\/loja\/categoria\/mercearia\/temperos-e-molhos\/\">Temperos e Molhos<\/a><\/p>\n<p>&nbsp;<\/p>\n","protected":false},"excerpt":{"rendered":"<p>227,14\u20ac\/kg<\/p>\n","protected":false},"featured_media":60704,"comment_status":"closed","ping_status":"closed","template":"","meta":{"_themeisle_gutenberg_block_has_review":false},"product_brand":[],"product_cat":[132,174],"product_tag":[],"woo-feed-brand":[],"class_list":{"0":"post-16037","1":"product","2":"type-product","3":"status-publish","4":"has-post-thumbnail","6":"product_cat-mercearia","7":"product_cat-temperos-e-molhos","8":"ts_product_brand-margao","10":"first","11":"instock","12":"taxable","13":"shipping-taxable","14":"purchasable","15":"product-type-simple"},"_links":{"self":[{"href":"https:\/\/www.ateti.pt\/loja\/wp-json\/wp\/v2\/product\/16037","targetHints":{"allow":["GET"]}}],"collection":[{"href":"https:\/\/www.ateti.pt\/loja\/wp-json\/wp\/v2\/product"}],"about":[{"href":"https:\/\/www.ateti.pt\/loja\/wp-json\/wp\/v2\/types\/product"}],"replies":[{"embeddable":true,"href":"https:\/\/www.ateti.pt\/loja\/wp-json\/wp\/v2\/comments?post=16037"}],"wp:featuredmedia":[{"embeddable":true,"href":"https:\/\/www.ateti.pt\/loja\/wp-json\/wp\/v2\/media\/60704"}],"wp:attachment":[{"href":"https:\/\/www.ateti.pt\/loja\/wp-json\/wp\/v2\/media?parent=16037"}],"wp:term":[{"taxonomy":"product_brand","embeddable":true,"href":"https:\/\/www.ateti.pt\/loja\/wp-json\/wp\/v2\/product_brand?post=16037"},{"taxonomy":"product_cat","embeddable":true,"href":"https:\/\/www.ateti.pt\/loja\/wp-json\/wp\/v2\/product_cat?post=16037"},{"taxonomy":"product_tag","embeddable":true,"href":"https:\/\/www.ateti.pt\/loja\/wp-json\/wp\/v2\/product_tag?post=16037"},{"taxonomy":"woo-feed-brand","embeddable":true,"href":"https:\/\/www.ateti.pt\/loja\/wp-json\/wp\/v2\/woo-feed-brand?post=16037"}],"curies":[{"name":"wp","href":"https:\/\/api.w.org\/{rel}","templated":true}]}}