{"id":16035,"date":"2020-05-06T14:24:27","date_gmt":"2020-05-06T14:24:27","guid":{"rendered":"https:\/\/www.ateti.pt\/loja\/?post_type=product&#038;p=16035"},"modified":"2026-04-12T08:03:43","modified_gmt":"2026-04-12T07:03:43","slug":"pate-de-frango-la-piara-75g","status":"publish","type":"product","link":"https:\/\/www.ateti.pt\/loja\/produto\/pate-de-frango-la-piara-75g\/","title":{"rendered":"Pat\u00ea de Frango La Piara 75g"},"content":{"rendered":"<h5>Pat\u00ea de Frango La Piara<\/h5>\n<p>Quantidade: 75g<\/p>\n<p>Creme de peito de frango.<\/p>\n<p><strong> Ingredientes:<\/strong> Peito de frango 42%, leite magro, \u00e1gua, \u00f3leo de girassol, f\u00e9cula de batata e de tapioca, fibra vegetal, sal,aromatizante natural.<\/p>\n<p><strong>Declara\u00e7\u00e3o Nutricional (por 100g):<\/strong> Energia: 778kj\/187kcal; L\u00edpidos: 13g; dos quais Saturados: 1,9g; Hidratos de Carbono: 5,6g; dos quais A\u00e7ucares: 1,8g; Prote\u00ednas: 11g; Sal: 1,5g.<\/p>\n<p>Veja mais em <a href=\"https:\/\/www.ateti.pt\/loja\/categoria\/mercearia\/aperitivos\/\">Aperitivos<\/a><\/p>\n","protected":false},"excerpt":{"rendered":"<p>30.53\/kg<\/p>\n","protected":false},"featured_media":57087,"comment_status":"closed","ping_status":"closed","template":"","meta":{"_themeisle_gutenberg_block_has_review":false},"product_brand":[],"product_cat":[206,132],"product_tag":[],"woo-feed-brand":[],"class_list":{"0":"post-16035","1":"product","2":"type-product","3":"status-publish","4":"has-post-thumbnail","6":"product_cat-aperitivos","7":"product_cat-mercearia","8":"ts_product_brand-la-piara","10":"first","11":"instock","12":"taxable","13":"shipping-taxable","14":"purchasable","15":"product-type-simple"},"_links":{"self":[{"href":"https:\/\/www.ateti.pt\/loja\/wp-json\/wp\/v2\/product\/16035","targetHints":{"allow":["GET"]}}],"collection":[{"href":"https:\/\/www.ateti.pt\/loja\/wp-json\/wp\/v2\/product"}],"about":[{"href":"https:\/\/www.ateti.pt\/loja\/wp-json\/wp\/v2\/types\/product"}],"replies":[{"embeddable":true,"href":"https:\/\/www.ateti.pt\/loja\/wp-json\/wp\/v2\/comments?post=16035"}],"wp:featuredmedia":[{"embeddable":true,"href":"https:\/\/www.ateti.pt\/loja\/wp-json\/wp\/v2\/media\/57087"}],"wp:attachment":[{"href":"https:\/\/www.ateti.pt\/loja\/wp-json\/wp\/v2\/media?parent=16035"}],"wp:term":[{"taxonomy":"product_brand","embeddable":true,"href":"https:\/\/www.ateti.pt\/loja\/wp-json\/wp\/v2\/product_brand?post=16035"},{"taxonomy":"product_cat","embeddable":true,"href":"https:\/\/www.ateti.pt\/loja\/wp-json\/wp\/v2\/product_cat?post=16035"},{"taxonomy":"product_tag","embeddable":true,"href":"https:\/\/www.ateti.pt\/loja\/wp-json\/wp\/v2\/product_tag?post=16035"},{"taxonomy":"woo-feed-brand","embeddable":true,"href":"https:\/\/www.ateti.pt\/loja\/wp-json\/wp\/v2\/woo-feed-brand?post=16035"}],"curies":[{"name":"wp","href":"https:\/\/api.w.org\/{rel}","templated":true}]}}