{"id":16024,"date":"2020-05-06T13:56:34","date_gmt":"2020-05-06T12:56:34","guid":{"rendered":"https:\/\/www.ateti.pt\/loja\/?post_type=product&#038;p=16024"},"modified":"2026-01-09T16:40:03","modified_gmt":"2026-01-09T16:40:03","slug":"cebolinho-margao-2-5-gr","status":"publish","type":"product","link":"https:\/\/www.ateti.pt\/loja\/produto\/cebolinho-margao-2-5-gr\/","title":{"rendered":"Cebolinho Marg\u00e3o Frasco 2,5g"},"content":{"rendered":"<h5>Cebolinho Marg\u00e3o<\/h5>\n<p>Quantidade: 2,5g<\/p>\n<p>O cebolinho combina bem com batatas, sopas, omeletas, carnes, grelhados, peixe, molhos e sandwiches.<\/p>\n<p>O cebolinho tem um sabor subtil, quase doce. O ideal \u00e9 adicionar esta erva j\u00e1 no final dos seus cozinhados.<\/p>\n<p>Sugest\u00e3o de receita<\/p>\n<h5>Espetadas de Frango Marinadas com Ervas Finas<\/h5>\n<p><strong>Ingredientes:<\/strong><\/p>\n<ul class=\"recipe-about-list\">\n<li>6 peitos de frango<\/li>\n<li>2 embalagens de tomate-cereja<\/li>\n<li>200 gramas de mistura de salada<\/li>\n<li>100 mililitros de azeite<\/li>\n<li>3 lim\u00f5es<\/li>\n<li>1 colher de sopa\u00a0Manjerona Folhas<\/li>\n<li>1 colher de sopa\u00a0Or\u00e9g\u00e3os Folhas<\/li>\n<li>1 colher de sopa\u00a0Cebolinho<\/li>\n<li>1 colher de sopa de salva<\/li>\n<\/ul>\n<p><strong>Prepara\u00e7\u00e3o:<\/strong><\/p>\n<ul>\n<li class=\"row step\">\n<div class=\"col-xs-12 col-md-12 step-content\">\n<p>Corte os peitos de frango em fatias.<\/p>\n<\/div>\n<\/li>\n<li class=\"row step\">\n<div class=\"col-xs-12 col-md-12 step-content\">\n<p>Esprema o sumo dos lim\u00f5es. Misture o azeite, o sumo dos lim\u00f5es e todas as ervas arom\u00e1ticas. Tempere de sal e pimenta.<\/p>\n<\/div>\n<\/li>\n<li class=\"row step\">\n<div class=\"col-xs-12 col-md-12 step-content\">\n<p>Coloque os peitos de frango na marinada e envolva-os generosamente. Deixe marinar durante 3 a 6 horas.<\/p>\n<\/div>\n<\/li>\n<li class=\"row step\">\n<div class=\"col-xs-12 col-md-12 step-content\">\n<p>Pr\u00e9-aque\u00e7a o forno a 220 \u00b0C (marca 7\/8). Alterne os peda\u00e7os de frango com tomate-cereja nas espetadas.<\/p>\n<\/div>\n<\/li>\n<li class=\"row step\">\n<div class=\"col-xs-12 col-md-12 step-content\">\n<p>Coloque as espetadas num recipiente de ir ao forno e deixe cozinhar durante 15 minutos.<\/p>\n<\/div>\n<p>&nbsp;<\/li>\n<\/ul>\n<p>Bom apetite!<\/p>\n<p>veja mais em <a href=\"https:\/\/www.ateti.pt\/loja\/categoria\/mercearia\/temperos-e-molhos\/\">Temperos e Molhos<\/a><\/p>\n","protected":false},"excerpt":{"rendered":"<p><span style=\"vertical-align: inherit;\"><span style=\"vertical-align: inherit;\">796\u20ac\/kg<\/span><\/span><\/p>\n","protected":false},"featured_media":60702,"comment_status":"closed","ping_status":"closed","template":"","meta":{"_themeisle_gutenberg_block_has_review":false},"product_brand":[],"product_cat":[132,174],"product_tag":[],"woo-feed-brand":[],"class_list":{"0":"post-16024","1":"product","2":"type-product","3":"status-publish","4":"has-post-thumbnail","6":"product_cat-mercearia","7":"product_cat-temperos-e-molhos","8":"ts_product_brand-margao","10":"first","11":"instock","12":"taxable","13":"shipping-taxable","14":"purchasable","15":"product-type-simple"},"_links":{"self":[{"href":"https:\/\/www.ateti.pt\/loja\/wp-json\/wp\/v2\/product\/16024","targetHints":{"allow":["GET"]}}],"collection":[{"href":"https:\/\/www.ateti.pt\/loja\/wp-json\/wp\/v2\/product"}],"about":[{"href":"https:\/\/www.ateti.pt\/loja\/wp-json\/wp\/v2\/types\/product"}],"replies":[{"embeddable":true,"href":"https:\/\/www.ateti.pt\/loja\/wp-json\/wp\/v2\/comments?post=16024"}],"wp:featuredmedia":[{"embeddable":true,"href":"https:\/\/www.ateti.pt\/loja\/wp-json\/wp\/v2\/media\/60702"}],"wp:attachment":[{"href":"https:\/\/www.ateti.pt\/loja\/wp-json\/wp\/v2\/media?parent=16024"}],"wp:term":[{"taxonomy":"product_brand","embeddable":true,"href":"https:\/\/www.ateti.pt\/loja\/wp-json\/wp\/v2\/product_brand?post=16024"},{"taxonomy":"product_cat","embeddable":true,"href":"https:\/\/www.ateti.pt\/loja\/wp-json\/wp\/v2\/product_cat?post=16024"},{"taxonomy":"product_tag","embeddable":true,"href":"https:\/\/www.ateti.pt\/loja\/wp-json\/wp\/v2\/product_tag?post=16024"},{"taxonomy":"woo-feed-brand","embeddable":true,"href":"https:\/\/www.ateti.pt\/loja\/wp-json\/wp\/v2\/woo-feed-brand?post=16024"}],"curies":[{"name":"wp","href":"https:\/\/api.w.org\/{rel}","templated":true}]}}